{"id":41782,"date":"2023-02-16T11:21:52","date_gmt":"2023-02-16T04:21:52","guid":{"rendered":"https:\/\/mouldking.store\/shop\/panlosbrick-659005-multipurpose-rescue-team-police-rescue-team-with-658-pieces\/"},"modified":"2023-02-16T11:21:52","modified_gmt":"2023-02-16T04:21:52","slug":"panlosbrick-659005-multipurpose-rescue-team-police-rescue-team-with-658-pieces","status":"publish","type":"product","link":"https:\/\/mouldking.store\/hu\/shop\/panlosbrick-659005-multipurpose-rescue-team-police-rescue-team-with-658-pieces\/","title":{"rendered":"PANLOSBRICK 659005 T\u00f6bbc\u00e9l\u00fa Ment\u0151csapat: Rend\u0151rs\u00e9gi ment\u0151csapat 658 darabbal"},"content":{"rendered":"<div>\u2705 Panlos 659005 Multipurpose Rescue Team: Police Rescue Team<\/p>\n<p>\u2705The Multifunctional Rescue Team is a toy set that belongs to the city series building block set. It consists of a police rescue team that can be built using 658 building block particles. The set is designed for children who are interested in role-playing and imaginative play.<\/p>\n<p>\ud83d\udeab FONTOS!<\/p>\n<p>Product Name: Multipurpose Rescue Team: Police Rescue Team<\/p>\n<p>Kateg\u00f3ria: M\u0171szaki<\/p>\n<p>This Kit Contains: Panlos 659005<\/p>\n<p>658 pcs Good Quality Bricks<\/p>\n<p>Size: 23 \u00d7 5 \u00d7 9 cm<\/p>\n<p>K\u00e9zi utas\u00edt\u00e1sok<\/p>\n<p>\ud83d\udcccA f\u0151szerepl\u0151 term\u00e9szete<\/p>\n<p>Introducing our proud collection named \u201cMultipurpose Rescue Team: Police Rescue Team\u201d you should not miss.<\/p>\n<p>A police rescue team is a multifunctional unit that is equipped to handle a variety of emergency situations. It includes a team of highly trained and skilled police officers who are equipped with various tools and equipment to respond to emergencies. The team includes a police van, a helicopter, and a motorcycle that can be assembled using the building blocks.<\/p><\/div>","protected":false},"excerpt":{"rendered":"<p>M\u00e1rka: PANLOSBRICK<br \/>\nNem: Uniszex<br \/>\nKoroszt\u00e1ly: &gt; 6 \u00e9v<br \/>\nModel Number: 659005<br \/>\nBesorol\u00e1s: \u00d6sszeszerel\u00e9s<br \/>\nM\u0171anyag blokk forma: \u00f6nz\u00e1r\u00f3 t\u00e9gla<br \/>\nAnyaga: M\u0171anyag<br \/>\nM\u0171anyag t\u00edpus: ABS<br \/>\nBricks Blocks: 658 +<br \/>\nEl\u0151v\u00e9tel<\/p>","protected":false},"featured_media":41780,"comment_status":"open","ping_status":"closed","template":"","meta":{"_acf_changed":false},"product_cat":[1365,1357,371,364],"product_tag":[11072,8452,11324,5660,8493,10866,389],"class_list":["product","first","instock","shipping-taxable","purchasable","product-type-simple"],"acf":[],"_links":{"self":[{"href":"https:\/\/mouldking.store\/hu\/wp-json\/wp\/v2\/product\/41782","targetHints":{"allow":["GET"]}}],"collection":[{"href":"https:\/\/mouldking.store\/hu\/wp-json\/wp\/v2\/product"}],"about":[{"href":"https:\/\/mouldking.store\/hu\/wp-json\/wp\/v2\/types\/product"}],"replies":[{"embeddable":true,"href":"https:\/\/mouldking.store\/hu\/wp-json\/wp\/v2\/comments?post=41782"}],"wp:featuredmedia":[{"embeddable":true,"href":"https:\/\/mouldking.store\/hu\/wp-json\/wp\/v2\/media\/41780"}],"wp:attachment":[{"href":"https:\/\/mouldking.store\/hu\/wp-json\/wp\/v2\/media?parent=41782"}],"wp:term":[{"taxonomy":"product_cat","embeddable":true,"href":"https:\/\/mouldking.store\/hu\/wp-json\/wp\/v2\/product_cat?post=41782"},{"taxonomy":"product_tag","embeddable":true,"href":"https:\/\/mouldking.store\/hu\/wp-json\/wp\/v2\/product_tag?post=41782"}],"curies":[{"name":"wp","href":"https:\/\/api.w.org\/{rel}","templated":true}]}}