{"id":41785,"date":"2023-02-16T11:29:27","date_gmt":"2023-02-16T04:29:27","guid":{"rendered":"https:\/\/mouldking.store\/shop\/qman-enlighten-keeppley-41311-super-episode-change-special-attack-tyrannosaurus-with-988-pieces\/"},"modified":"2023-02-16T11:29:27","modified_gmt":"2023-02-16T04:29:27","slug":"qman-enlighten-keeppley-41311-super-episode-change-special-attack-tyrannosaurus-with-988-pieces","status":"publish","type":"product","link":"https:\/\/mouldking.store\/hu\/shop\/qman-enlighten-keeppley-41311-super-episode-change-special-attack-tyrannosaurus-with-988-pieces\/","title":{"rendered":"QMAN \/ ENLIGHTEN \/ KEEPPLEY 41311 Super Episode Change: Speci\u00e1lis t\u00e1mad\u00e1s Tyrannosaurus 988 darabbal"},"content":{"rendered":"<div>\u2705 QMAN 41311 Super Episode Change: Special Attack Tyrannosaurus<\/p>\n<p>\u2705Super Episode Change: A Special Attack Tyrannosaurus egy \u00e9p\u00edt\u0151elem-k\u00e9szlet, amely az \u00e9p\u00edt\u0151elem-k\u00e9szletek t\u00e9masorozat\u00e1hoz tartozik. A teljes k\u00e9szlet 988 \u00e9p\u00edt\u0151elem-r\u00e9szecsk\u00e9t tartalmaz, \u00e9s el\u0151sz\u00f6r 2023-ban adt\u00e1k ki.<\/p>\n<p>\ud83d\udeab FONTOS!<\/p>\n<p>Term\u00e9k neve: Super Episode Change: Special Attack Tyrannosaurus<\/p>\n<p>Kateg\u00f3ria: Alkot\u00f3<\/p>\n<p>A k\u00e9szlet tartalma: QMAN 41311<\/p>\n<p>988 db J\u00f3 min\u0151s\u00e9g\u0171 t\u00e9gla<\/p>\n<p>M\u00e9rete: 25 \u00d7 20 \u00d7 14,5 cm<\/p>\n<p>K\u00e9zi utas\u00edt\u00e1sok<\/p>\n<p>\ud83d\udcccA f\u0151szerepl\u0151 term\u00e9szete<\/p>\n<p>Bemutatjuk a \u201eSuper Episode Change: Special Attack Tyrannosaurus\u201d nev\u0171 b\u00fcszke kollekci\u00f3nkat, amelyet nem szabad kihagyni.<\/p>\n<p>A k\u00e9szlet tartalmaz egy Special Attack Tyrannosaurust, egy er\u0151s dinoszauruszt, amely szuperrobott\u00e1 tud \u00e1talakulni. Az \u00e9p\u00edt\u0151kock\u00e1kat \u00fagy tervezt\u00e9k, hogy a Tyrannosaurus form\u00e1j\u00e1ra szerelj\u00e9k \u00f6ssze, amely leny\u0171g\u00f6z\u0151 magass\u00e1gban \u00e1ll, \u00e9s k\u00fcl\u00f6nf\u00e9le fegyverekkel \u00e9s kieg\u00e9sz\u00edt\u0151kkel d\u00edsz\u00edtett.<\/p><\/div>","protected":false},"excerpt":{"rendered":"<p>M\u00e1rka: QMAN \/ ENLIGHTEN \/ KEEPPLEY<br \/>\nNem: Uniszex<br \/>\nKoroszt\u00e1ly: &gt; 6 \u00e9v<br \/>\nModellsz\u00e1m: 41311<br \/>\nBesorol\u00e1s: \u00d6sszeszerel\u00e9s<br \/>\nM\u0171anyag blokk forma: \u00f6nz\u00e1r\u00f3 t\u00e9gla<br \/>\nAnyaga: M\u0171anyag<br \/>\nM\u0171anyag t\u00edpus: ABS<br \/>\nT\u00e9gla T\u00e9gla: 988+<br \/>\nEl\u0151v\u00e9tel<\/p>","protected":false},"featured_media":41783,"comment_status":"open","ping_status":"closed","template":"","meta":{"_acf_changed":false},"product_cat":[1365,371],"product_tag":[11328,11326,11072,8452,11325,590,11327,5185],"class_list":["product","first","instock","shipping-taxable","purchasable","product-type-simple"],"acf":[],"_links":{"self":[{"href":"https:\/\/mouldking.store\/hu\/wp-json\/wp\/v2\/product\/41785","targetHints":{"allow":["GET"]}}],"collection":[{"href":"https:\/\/mouldking.store\/hu\/wp-json\/wp\/v2\/product"}],"about":[{"href":"https:\/\/mouldking.store\/hu\/wp-json\/wp\/v2\/types\/product"}],"replies":[{"embeddable":true,"href":"https:\/\/mouldking.store\/hu\/wp-json\/wp\/v2\/comments?post=41785"}],"wp:featuredmedia":[{"embeddable":true,"href":"https:\/\/mouldking.store\/hu\/wp-json\/wp\/v2\/media\/41783"}],"wp:attachment":[{"href":"https:\/\/mouldking.store\/hu\/wp-json\/wp\/v2\/media?parent=41785"}],"wp:term":[{"taxonomy":"product_cat","embeddable":true,"href":"https:\/\/mouldking.store\/hu\/wp-json\/wp\/v2\/product_cat?post=41785"},{"taxonomy":"product_tag","embeddable":true,"href":"https:\/\/mouldking.store\/hu\/wp-json\/wp\/v2\/product_tag?post=41785"}],"curies":[{"name":"wp","href":"https:\/\/api.w.org\/{rel}","templated":true}]}}