{"id":41790,"date":"2023-02-16T11:50:13","date_gmt":"2023-02-16T04:50:13","guid":{"rendered":"https:\/\/mouldking.store\/shop\/mould-king-12022-world-railways-alligator-electric-locomotive-with-919-pieces\/"},"modified":"2023-02-16T11:50:13","modified_gmt":"2023-02-16T04:50:13","slug":"mould-king-12022-world-railways-alligator-electric-locomotive-with-919-pieces","status":"publish","type":"product","link":"https:\/\/mouldking.store\/hu\/shop\/mould-king-12022-world-railways-alligator-electric-locomotive-with-919-pieces\/","title":{"rendered":"MOLD KING 12022 World Railways: Allig\u00e1tor elektromos mozdony 919 darabbal"},"content":{"rendered":"<div>\u2705MouldKing 12022 World Railways: Allig\u00e1tor elektromos mozdony<\/p>\n<p>\u2705Az Alligator Electric Locomotive egy olyan t\u00edpus\u00fa elektromos mozdony, amelyet a vil\u00e1g k\u00fcl\u00f6nb\u00f6z\u0151 vas\u00fatjain haszn\u00e1lnak. A mozdony nev\u00e9t jellegzetes megjelen\u00e9s\u00e9r\u0151l kapta, amely hossz\u00fa, keskeny testet \u00e9s egy alig\u00e1tor h\u00e1t\u00e1ra eml\u00e9keztet\u0151 csukl\u00f3s r\u00e9szeket tartalmaz.<\/p>\n<p>\ud83d\udeab FONTOS!<\/p>\n<p>Term\u00e9k neve: World Railways: Alligator Electric Locomotive<\/p>\n<p>Kateg\u00f3ria: M\u0171szaki<\/p>\n<p>A k\u00e9szlet tartalma: MouldKing 12022<\/p>\n<p>919 db J\u00f3 min\u0151s\u00e9g\u0171 t\u00e9gla<\/p>\n<p>M\u00e9rete: 48 \u00d7 5,9 \u00d7 13,9 cm<\/p>\n<p>K\u00e9zi utas\u00edt\u00e1sok<\/p>\n<p>\ud83d\udcccA f\u0151szerepl\u0151 term\u00e9szete<\/p>\n<p>Bemutatjuk a \u201eWorld Railways: Alligator Electric Locomotive\u201d nev\u0171 b\u00fcszke kollekci\u00f3nkat, amelyet nem szabad kihagyni.<\/p>\n<p>Az Alligator Electric Locomotive-t el\u0151sz\u00f6r a 20. sz\u00e1zad elej\u00e9n mutatt\u00e1k be, \u00e9s els\u0151sorban tehersz\u00e1ll\u00edt\u00e1sra haszn\u00e1lt\u00e1k. \u00dagy tervezt\u00e9k, hogy nagy teljes\u00edtm\u00e9ny\u0171 \u00e9s hat\u00e9kony legyen, \u00e9s k\u00e9pes legyen nagy rakom\u00e1nyokat nagy t\u00e1vols\u00e1gra sz\u00e1ll\u00edtani. A mozdonyt villanymotor hajtotta, amely elektromos l\u00e9gvezet\u00e9kekr\u0151l vagy egy fed\u00e9lzeti akkumul\u00e1torr\u00f3l nyert energi\u00e1t. A mozdony kialak\u00edt\u00e1sa lehet\u0151v\u00e9 tette, hogy sokf\u00e9le k\u00f6rnyezetben m\u0171k\u00f6dj\u00f6n, bele\u00e9rtve a meredek lejt\u0151ket \u00e9s a sz\u0171k \u00edveket.<\/p><\/div>","protected":false},"excerpt":{"rendered":"<p>M\u00e1rka: MOLD KING<br \/>\nNem: Uniszex<br \/>\nKoroszt\u00e1ly: 8 \u00e9v felett<br \/>\nModellsz\u00e1m: 12022<br \/>\nBesorol\u00e1s: \u00d6sszeszerel\u00e9s<br \/>\nM\u0171anyag blokk forma: \u00f6nz\u00e1r\u00f3 t\u00e9gla<br \/>\nAnyaga: M\u0171anyag<br \/>\nM\u0171anyag t\u00edpus: ABS<br \/>\nT\u00e9gla T\u00e9gla: 919 +<br \/>\nEl\u0151v\u00e9tel<\/p>","protected":false},"featured_media":41789,"comment_status":"open","ping_status":"closed","template":"","meta":{"_acf_changed":false},"product_cat":[1357,364],"product_tag":[11330,9981,2635,389,11080,8802],"class_list":["product","first","instock","shipping-taxable","purchasable","product-type-simple"],"acf":[],"_links":{"self":[{"href":"https:\/\/mouldking.store\/hu\/wp-json\/wp\/v2\/product\/41790","targetHints":{"allow":["GET"]}}],"collection":[{"href":"https:\/\/mouldking.store\/hu\/wp-json\/wp\/v2\/product"}],"about":[{"href":"https:\/\/mouldking.store\/hu\/wp-json\/wp\/v2\/types\/product"}],"replies":[{"embeddable":true,"href":"https:\/\/mouldking.store\/hu\/wp-json\/wp\/v2\/comments?post=41790"}],"wp:featuredmedia":[{"embeddable":true,"href":"https:\/\/mouldking.store\/hu\/wp-json\/wp\/v2\/media\/41789"}],"wp:attachment":[{"href":"https:\/\/mouldking.store\/hu\/wp-json\/wp\/v2\/media?parent=41790"}],"wp:term":[{"taxonomy":"product_cat","embeddable":true,"href":"https:\/\/mouldking.store\/hu\/wp-json\/wp\/v2\/product_cat?post=41790"},{"taxonomy":"product_tag","embeddable":true,"href":"https:\/\/mouldking.store\/hu\/wp-json\/wp\/v2\/product_tag?post=41790"}],"curies":[{"name":"wp","href":"https:\/\/api.w.org\/{rel}","templated":true}]}}