{"id":41806,"date":"2023-02-17T09:32:55","date_gmt":"2023-02-17T02:32:55","guid":{"rendered":"https:\/\/mouldking.store\/shop\/moc-factory-113560-general-grievous-head-with-694-pieces\/"},"modified":"2025-12-16T22:25:17","modified_gmt":"2025-12-16T15:25:17","slug":"moc-factory-113560-general-grievous-head-with-694-pieces","status":"publish","type":"product","link":"https:\/\/mouldking.store\/hu\/shop\/moc-factory-113560-general-grievous-head-with-694-pieces\/","title":{"rendered":"MOC Factory 113560 General Grievous Head with 694 Pieces"},"content":{"rendered":"<div>\u2705 MOC-113560 General Grievous Head<\/p>\n<p>\u2705General Grievous is a fictional character in the Star Wars universe, and his head is depicted as a mechanical construct designed to house his organic brain and sensory organs.<\/p>\n<p>\ud83d\udeab FONTOS!<\/p>\n<p>Product Name: General Grievous Head<\/p>\n<p>Kateg\u00f3ria: Star Wars<\/p>\n<p>This Kit Contains: MOC-113560<\/p>\n<p>694 pcs Good Quality Bricks<\/p>\n<p>PDF \u00datmutat\u00f3<\/p>\n<p>\ud83d\udcccA f\u0151szerepl\u0151 term\u00e9szete<\/p>\n<p>Introducing our proud collection named \u201cGeneral Grievous Head\u201d you should not miss.<\/p>\n<p>In the Star Wars movies and animated series, General Grievous is a cyborg with a humanoid upper body mounted on a mechanical lower half. His head is made up of a cylindrical metal structure, with a flat, angled front section that resembles a skull, and two glowing yellow eyes set deep within its recesses. The front section of his head is also adorned with a series of ridges and lines that give it a distinctive, menacing appearance.<\/p><\/div>","protected":false},"excerpt":{"rendered":"<p>M\u00e1rka: MOC Factory<br \/>\nNem: Uniszex<br \/>\nKorhat\u00e1r: 14 \u00e9v felett<br \/>\nModel Number: 113560<br \/>\nBesorol\u00e1s: \u00d6sszeszerel\u00e9s<br \/>\nM\u0171anyag blokk forma: \u00f6nz\u00e1r\u00f3 t\u00e9gla<br \/>\nAnyaga: M\u0171anyag<br \/>\nM\u0171anyag t\u00edpus: ABS<br \/>\nBricks Blocks: 694 +<br \/>\nNincs doboz<\/p>","protected":false},"featured_media":41804,"comment_status":"open","ping_status":"closed","template":"","meta":{"_acf_changed":false},"product_cat":[581,6016,415,1408],"product_tag":[11333,11334,6483,434,2276,436],"class_list":["product","first","instock","shipping-taxable","purchasable","product-type-simple"],"acf":[],"_links":{"self":[{"href":"https:\/\/mouldking.store\/hu\/wp-json\/wp\/v2\/product\/41806","targetHints":{"allow":["GET"]}}],"collection":[{"href":"https:\/\/mouldking.store\/hu\/wp-json\/wp\/v2\/product"}],"about":[{"href":"https:\/\/mouldking.store\/hu\/wp-json\/wp\/v2\/types\/product"}],"replies":[{"embeddable":true,"href":"https:\/\/mouldking.store\/hu\/wp-json\/wp\/v2\/comments?post=41806"}],"wp:featuredmedia":[{"embeddable":true,"href":"https:\/\/mouldking.store\/hu\/wp-json\/wp\/v2\/media\/41804"}],"wp:attachment":[{"href":"https:\/\/mouldking.store\/hu\/wp-json\/wp\/v2\/media?parent=41806"}],"wp:term":[{"taxonomy":"product_cat","embeddable":true,"href":"https:\/\/mouldking.store\/hu\/wp-json\/wp\/v2\/product_cat?post=41806"},{"taxonomy":"product_tag","embeddable":true,"href":"https:\/\/mouldking.store\/hu\/wp-json\/wp\/v2\/product_tag?post=41806"}],"curies":[{"name":"wp","href":"https:\/\/api.w.org\/{rel}","templated":true}]}}