{"id":41811,"date":"2023-02-17T09:41:50","date_gmt":"2023-02-17T02:41:50","guid":{"rendered":"https:\/\/mouldking.store\/shop\/zhegao-01030-cruise-liner-molecular-of-the-seas-with-2428-pieces\/"},"modified":"2023-02-17T09:41:50","modified_gmt":"2023-02-17T02:41:50","slug":"zhegao-01030-cruise-liner-molecular-of-the-seas-with-2428-pieces","status":"publish","type":"product","link":"https:\/\/mouldking.store\/hu\/shop\/zhegao-01030-cruise-liner-molecular-of-the-seas-with-2428-pieces\/","title":{"rendered":"ZHEGAO 01030 tengerj\u00e1r\u00f3 Molecular of the Seas 2428 darabbal"},"content":{"rendered":"<div>\u2705 ZHEGAO 01030 Cruise Liner Molecular of the Seas<\/p>\n<p>\u2705A Molecular of the Seas egy f\u00e9ny\u0171z\u0151 \u00e9s innovat\u00edv tengerj\u00e1r\u00f3 haj\u00f3, amely egyedi \u00e9s felejthetetlen \u00e9lm\u00e9nyt k\u00edn\u00e1l vend\u00e9geinek.<\/p>\n<p>\ud83d\udeab FONTOS!<\/p>\n<p>Term\u00e9k neve: Cruise Liner Molecular of the Seas<\/p>\n<p>Kateg\u00f3ria: M\u0171szaki<\/p>\n<p>A k\u00e9szlet tartalma: ZHEGAO 01030<\/p>\n<p>2428 db J\u00f3 min\u0151s\u00e9g\u0171 t\u00e9gla<\/p>\n<p>M\u00e9rete: 49 \u00d7 18 cm<\/p>\n<p>K\u00e9zi utas\u00edt\u00e1sok<\/p>\n<p>\ud83d\udcccA f\u0151szerepl\u0151 term\u00e9szete<\/p>\n<p>Bemutatjuk a \u201eCruise Liner Molecular of the Seas\u201d nev\u0171 b\u00fcszke kollekci\u00f3nkat, amelyet nem szabad kihagyni.<\/p>\n<p>Cruise Liner: Molecular of the Seas a kreat\u00edv mester sorozat \u00e9p\u00edt\u0151elem k\u00e9szlet\u00e9hez tartozik, \u00e9s a teljes k\u00e9szlet 2428 \u00e9p\u00edt\u0151elem r\u00e9szecsk\u00e9t tartalmaz. Els\u0151 megjelen\u00e9s 2022.<\/p><\/div>","protected":false},"excerpt":{"rendered":"<p>M\u00e1rka: ZHEGAO<br \/>\nNem: Uniszex<br \/>\nKoroszt\u00e1ly: &gt; 6 \u00e9v<br \/>\nModellsz\u00e1m: 01030<br \/>\nBesorol\u00e1s: \u00d6sszeszerel\u00e9s<br \/>\nM\u0171anyag blokk forma: \u00f6nz\u00e1r\u00f3 t\u00e9gla<br \/>\nAnyaga: M\u0171anyag<br \/>\nM\u0171anyag t\u00edpus: ABS<br \/>\nT\u00e9gla T\u00e9gla: 2428 +<br \/>\nNincs doboz<\/p>","protected":false},"featured_media":41807,"comment_status":"open","ping_status":"closed","template":"","meta":{"_acf_changed":false},"product_cat":[1357,364],"product_tag":[11335,304,389,11080],"class_list":["product","first","instock","shipping-taxable","purchasable","product-type-simple"],"acf":[],"_links":{"self":[{"href":"https:\/\/mouldking.store\/hu\/wp-json\/wp\/v2\/product\/41811","targetHints":{"allow":["GET"]}}],"collection":[{"href":"https:\/\/mouldking.store\/hu\/wp-json\/wp\/v2\/product"}],"about":[{"href":"https:\/\/mouldking.store\/hu\/wp-json\/wp\/v2\/types\/product"}],"replies":[{"embeddable":true,"href":"https:\/\/mouldking.store\/hu\/wp-json\/wp\/v2\/comments?post=41811"}],"wp:featuredmedia":[{"embeddable":true,"href":"https:\/\/mouldking.store\/hu\/wp-json\/wp\/v2\/media\/41807"}],"wp:attachment":[{"href":"https:\/\/mouldking.store\/hu\/wp-json\/wp\/v2\/media?parent=41811"}],"wp:term":[{"taxonomy":"product_cat","embeddable":true,"href":"https:\/\/mouldking.store\/hu\/wp-json\/wp\/v2\/product_cat?post=41811"},{"taxonomy":"product_tag","embeddable":true,"href":"https:\/\/mouldking.store\/hu\/wp-json\/wp\/v2\/product_tag?post=41811"}],"curies":[{"name":"wp","href":"https:\/\/api.w.org\/{rel}","templated":true}]}}