{"id":41850,"date":"2023-02-20T12:03:08","date_gmt":"2023-02-20T05:03:08","guid":{"rendered":"https:\/\/mouldking.store\/shop\/moc-factory-75906-tech-helmet-collection-with-526-pieces\/"},"modified":"2025-12-16T22:25:17","modified_gmt":"2025-12-16T15:25:17","slug":"moc-factory-75906-tech-helmet-collection-with-526-pieces","status":"publish","type":"product","link":"https:\/\/mouldking.store\/hu\/shop\/moc-factory-75906-tech-helmet-collection-with-526-pieces\/","title":{"rendered":"MOC Factory 75906 Tech (sisakkollekci\u00f3) 526 darabbal"},"content":{"rendered":"<div>\u2705 MOC 75906 Tech (Helmet Collection)<\/p>\n<p>\u2705Tech is a character from the Star Wars animated series &#8220;The Bad Batch&#8221;. He is a member of the titular &#8220;Bad Batch&#8221;, a group of elite clone troopers with unique genetic mutations that give them exceptional skills and abilities. Tech is a highly intelligent and tech-savvy member of the group who is responsible for developing new technologies and gadgets to help the team complete their missions.<\/p>\n<p>\ud83d\udeab FONTOS!<\/p>\n<p>Product Name: Tech (Helmet Collection)<\/p>\n<p>Kateg\u00f3ria: Star Wars<\/p>\n<p>This Kit Contains: MOC 75906<\/p>\n<p>526 pcs Good Quality Bricks<\/p>\n<p>Size: 16 x 12 x 16cm<\/p>\n<p>PDF \u00datmutat\u00f3<\/p>\n<p>\ud83d\udcccA f\u0151szerepl\u0151 term\u00e9szete<\/p>\n<p>Introducing our proud collection named \u201cTech (Helmet Collection)\u201d you should not miss.<\/p>\n<p>Tech is known for his exceptional technical skills, including his ability to hack into computer systems and create advanced technological devices. He is also an expert strategist, often providing valuable insights and plans to the team during missions. Tech is easily recognizable by his unique helmet, which includes a variety of advanced features that allow him to analyze and manipulate data in real-time.<\/p><\/div>","protected":false},"excerpt":{"rendered":"<p>M\u00e1rka: MOC Factory<br \/>\nNem: Uniszex<br \/>\nKoroszt\u00e1ly: 8 \u00e9v felett<br \/>\nModel Number: 75906<br \/>\nBesorol\u00e1s: \u00d6sszeszerel\u00e9s<br \/>\nM\u0171anyag blokk forma: \u00f6nz\u00e1r\u00f3 t\u00e9gla<br \/>\nAnyaga: M\u0171anyag<br \/>\nM\u0171anyag t\u00edpus: ABS<br \/>\nBricks Blocks: 526 +<br \/>\nNincs doboz<\/p>","protected":false},"featured_media":41846,"comment_status":"open","ping_status":"closed","template":"","meta":{"_acf_changed":false},"product_cat":[581,6016,415,1408],"product_tag":[8149,8047,11340,434,2276,436,11339],"class_list":["product","first","instock","shipping-taxable","purchasable","product-type-simple"],"acf":[],"_links":{"self":[{"href":"https:\/\/mouldking.store\/hu\/wp-json\/wp\/v2\/product\/41850","targetHints":{"allow":["GET"]}}],"collection":[{"href":"https:\/\/mouldking.store\/hu\/wp-json\/wp\/v2\/product"}],"about":[{"href":"https:\/\/mouldking.store\/hu\/wp-json\/wp\/v2\/types\/product"}],"replies":[{"embeddable":true,"href":"https:\/\/mouldking.store\/hu\/wp-json\/wp\/v2\/comments?post=41850"}],"wp:featuredmedia":[{"embeddable":true,"href":"https:\/\/mouldking.store\/hu\/wp-json\/wp\/v2\/media\/41846"}],"wp:attachment":[{"href":"https:\/\/mouldking.store\/hu\/wp-json\/wp\/v2\/media?parent=41850"}],"wp:term":[{"taxonomy":"product_cat","embeddable":true,"href":"https:\/\/mouldking.store\/hu\/wp-json\/wp\/v2\/product_cat?post=41850"},{"taxonomy":"product_tag","embeddable":true,"href":"https:\/\/mouldking.store\/hu\/wp-json\/wp\/v2\/product_tag?post=41850"}],"curies":[{"name":"wp","href":"https:\/\/api.w.org\/{rel}","templated":true}]}}