{"id":41885,"date":"2023-02-20T14:37:32","date_gmt":"2023-02-20T07:37:32","guid":{"rendered":"https:\/\/mouldking.store\/shop\/moc-factory-87713-fennec-shand-helmet-collection-with-535-pieces\/"},"modified":"2025-12-16T22:25:16","modified_gmt":"2025-12-16T15:25:16","slug":"moc-factory-87713-fennec-shand-helmet-collection-with-535-pieces","status":"publish","type":"product","link":"https:\/\/mouldking.store\/hu\/shop\/moc-factory-87713-fennec-shand-helmet-collection-with-535-pieces\/","title":{"rendered":"MOC Factory 87713 Fennec Shand (sisak kollekci\u00f3) 535 darabbal"},"content":{"rendered":"<div>\u2705 MOC 87713 Fennec Shand (Helmet Collection)<\/p>\n<p>\u2705Fennec Shand&#8217;s helmet is a type of helmet worn by the character Fennec Shand in the Star Wars franchise. Fennec Shand is a skilled assassin and mercenary who appears in the Disney+ television series &#8220;The Mandalorian&#8221; and later in the animated series &#8220;The Bad Batch&#8221;.<\/p>\n<p>\ud83d\udeab FONTOS!<\/p>\n<p>Product Name: Fennec Shand (Helmet Collection)<\/p>\n<p>Kateg\u00f3ria: Star Wars<\/p>\n<p>This Kit Contains: MOC 87713<\/p>\n<p>535 db J\u00f3 min\u0151s\u00e9g\u0171 t\u00e9gla<\/p>\n<p>Size: 12 x 12x 18.4cm<\/p>\n<p>PDF \u00datmutat\u00f3<\/p>\n<p>\ud83d\udcccA f\u0151szerepl\u0151 term\u00e9szete<\/p>\n<p>Introducing our proud collection named \u201cFennec Shand (Helmet Collection)\u201d you should not miss.<\/p>\n<p>The helmet is a sleek and distinctive design, with a sleek black finish and a prominent T-shaped visor. The helmet has a curved shape that conforms to the wearer&#8217;s head and provides full coverage of the face and neck. It features a number of built-in sensors and communications equipment, allowing the wearer to access vital information and stay in contact with others.<\/p><\/div>","protected":false},"excerpt":{"rendered":"<p>M\u00e1rka: MOC Factory<br \/>\nNem: Uniszex<br \/>\nKoroszt\u00e1ly: 8 \u00e9v felett<br \/>\nModel Number: 87713<br \/>\nBesorol\u00e1s: \u00d6sszeszerel\u00e9s<br \/>\nM\u0171anyag blokk forma: \u00f6nz\u00e1r\u00f3 t\u00e9gla<br \/>\nAnyaga: M\u0171anyag<br \/>\nM\u0171anyag t\u00edpus: ABS<br \/>\nT\u00e9gla blokkok: 535 +<br \/>\nNincs doboz<\/p>","protected":false},"featured_media":41882,"comment_status":"open","ping_status":"closed","template":"","meta":{"_acf_changed":false},"product_cat":[581,6016,415,1408],"product_tag":[8149,11349,8047,434,11350,2276,436],"class_list":["product","first","instock","shipping-taxable","purchasable","product-type-simple"],"acf":[],"_links":{"self":[{"href":"https:\/\/mouldking.store\/hu\/wp-json\/wp\/v2\/product\/41885","targetHints":{"allow":["GET"]}}],"collection":[{"href":"https:\/\/mouldking.store\/hu\/wp-json\/wp\/v2\/product"}],"about":[{"href":"https:\/\/mouldking.store\/hu\/wp-json\/wp\/v2\/types\/product"}],"replies":[{"embeddable":true,"href":"https:\/\/mouldking.store\/hu\/wp-json\/wp\/v2\/comments?post=41885"}],"wp:featuredmedia":[{"embeddable":true,"href":"https:\/\/mouldking.store\/hu\/wp-json\/wp\/v2\/media\/41882"}],"wp:attachment":[{"href":"https:\/\/mouldking.store\/hu\/wp-json\/wp\/v2\/media?parent=41885"}],"wp:term":[{"taxonomy":"product_cat","embeddable":true,"href":"https:\/\/mouldking.store\/hu\/wp-json\/wp\/v2\/product_cat?post=41885"},{"taxonomy":"product_tag","embeddable":true,"href":"https:\/\/mouldking.store\/hu\/wp-json\/wp\/v2\/product_tag?post=41885"}],"curies":[{"name":"wp","href":"https:\/\/api.w.org\/{rel}","templated":true}]}}