{"id":41896,"date":"2023-02-20T15:00:12","date_gmt":"2023-02-20T08:00:12","guid":{"rendered":"https:\/\/mouldking.store\/shop\/bbuildingblock-19004-the-ultimate-batmobile-car-with-1778-pieces\/"},"modified":"2023-02-20T15:00:12","modified_gmt":"2023-02-20T08:00:12","slug":"bbuildingblock-19004-the-ultimate-batmobile-car-with-1778-pieces","status":"publish","type":"product","link":"https:\/\/mouldking.store\/hu\/shop\/bbuildingblock-19004-the-ultimate-batmobile-car-with-1778-pieces\/","title":{"rendered":"Bbuildingblock 19004 Az Ultimate Batmobile aut\u00f3 1778 darabbal"},"content":{"rendered":"<div>\u2705 Bbuildingblock 19004 The Ultimate Batmobile Car<br \/>&nbsp;<br \/>\u2705The Ultimate Batmobile car is a fictional vehicle from the DC Comics universe, specifically from the Batman franchise. It is a highly advanced car used by Batman to combat crime in Gotham City.<br \/>&nbsp;<br \/>\ud83d\udeab FONTOS!&nbsp;<br \/>&nbsp;<br \/>Product Name: The Ultimate Batmobile Car<br \/>&nbsp;<br \/>Kateg\u00f3ria: M\u0171szaki<br \/>&nbsp;<br \/>This Kit Contains: Bbuildingblock 19004&nbsp;<br \/>&nbsp;<br \/>1778 pcs Good Quality Bricks&nbsp;<br \/>&nbsp;<br \/>Size: 48 \u00d7 15 \u00d7 10 cm<\/p>\n<p>Weight 3.1 kg<br \/>&nbsp;<br \/>K\u00e9zi utas\u00edt\u00e1sok&nbsp;<br \/>&nbsp;<br \/>\ud83d\udcccA f\u0151szerepl\u0151 term\u00e9szete&nbsp;<br \/>&nbsp;<br \/>Introducing our proud collection named \u201cThe Ultimate Batmobile Car\u201d you should not miss.&nbsp;<\/p>\n<p>The Ultimate Batmobile is a unique design that combines several different vehicles into one. It includes a Batmobile, a Batplane, and a Batboat, all of which can be separated and used independently as needed. The car also has a wide range of advanced features and technology, such as high-powered engines, bulletproof armor, advanced weapons, and stealth technology. In terms of appearance, the Ultimate Batmobile has a sleek and intimidating design, with a jet-black finish and angular lines. It features numerous fins, spikes, and other intimidating elements, as well as the iconic bat symbol on the hood.<\/p><\/div>","protected":false},"excerpt":{"rendered":"<p>Brand: Bbuildingblock<br \/>\nNem: Uniszex<br \/>\nKorhat\u00e1r: 14 \u00e9v felett<br \/>\nModel Number: 19004<br \/>\nBesorol\u00e1s: \u00d6sszeszerel\u00e9s<br \/>\nM\u0171anyag blokk forma: \u00f6nz\u00e1r\u00f3 t\u00e9gla<br \/>\nAnyaga: M\u0171anyag<br \/>\nM\u0171anyag t\u00edpus: ABS<br \/>\nBricks Blocks: 1778 +<br \/>\nNincs doboz<\/p>","protected":false},"featured_media":41893,"comment_status":"open","ping_status":"closed","template":"","meta":{"_acf_changed":false},"product_cat":[1360,1357,364],"product_tag":[11268,457,389,11080,11245,11353],"class_list":["product","first","instock","shipping-taxable","purchasable","product-type-simple"],"acf":[],"_links":{"self":[{"href":"https:\/\/mouldking.store\/hu\/wp-json\/wp\/v2\/product\/41896","targetHints":{"allow":["GET"]}}],"collection":[{"href":"https:\/\/mouldking.store\/hu\/wp-json\/wp\/v2\/product"}],"about":[{"href":"https:\/\/mouldking.store\/hu\/wp-json\/wp\/v2\/types\/product"}],"replies":[{"embeddable":true,"href":"https:\/\/mouldking.store\/hu\/wp-json\/wp\/v2\/comments?post=41896"}],"wp:featuredmedia":[{"embeddable":true,"href":"https:\/\/mouldking.store\/hu\/wp-json\/wp\/v2\/media\/41893"}],"wp:attachment":[{"href":"https:\/\/mouldking.store\/hu\/wp-json\/wp\/v2\/media?parent=41896"}],"wp:term":[{"taxonomy":"product_cat","embeddable":true,"href":"https:\/\/mouldking.store\/hu\/wp-json\/wp\/v2\/product_cat?post=41896"},{"taxonomy":"product_tag","embeddable":true,"href":"https:\/\/mouldking.store\/hu\/wp-json\/wp\/v2\/product_tag?post=41896"}],"curies":[{"name":"wp","href":"https:\/\/api.w.org\/{rel}","templated":true}]}}