{"id":41900,"date":"2023-02-20T15:05:35","date_gmt":"2023-02-20T08:05:35","guid":{"rendered":"https:\/\/mouldking.store\/shop\/reobrix-683-dodge-viper-racer-car-with-419-pieces\/"},"modified":"2023-02-20T15:05:35","modified_gmt":"2023-02-20T08:05:35","slug":"reobrix-683-dodge-viper-racer-car-with-419-pieces","status":"publish","type":"product","link":"https:\/\/mouldking.store\/hu\/shop\/reobrix-683-dodge-viper-racer-car-with-419-pieces\/","title":{"rendered":"REOBRIX 683 Dodge Viper versenyaut\u00f3 419 darabbal"},"content":{"rendered":"<div>\u2705 Reobrix 683 Dodge Viper Racer Car<br \/>&nbsp;<br \/>\u2705A Dodge Viper Racer aut\u00f3 egy nagy teljes\u00edtm\u00e9ny\u0171 sportaut\u00f3, amelyet versenyz\u00e9si c\u00e9lokra terveztek. Az alapja a Dodge Viper, az amerikai Dodge aut\u00f3gy\u00e1rt\u00f3 n\u00e9pszer\u0171 sportaut\u00f3ja.<br \/>&nbsp;<br \/>\ud83d\udeab FONTOS!&nbsp;<br \/>&nbsp;<br \/>Term\u00e9kn\u00e9v: Dodge Viper Racer Car<br \/>&nbsp;<br \/>Kateg\u00f3ria: M\u0171szaki<br \/>&nbsp;<br \/>A k\u00e9szlet tartalma: Reobrix 683<br \/>&nbsp;<br \/>419 db J\u00f3 min\u0151s\u00e9g\u0171 t\u00e9gla&nbsp;<br \/>&nbsp;<br \/>M\u00e9rete: 16,6 x 7,8 x 4,9 cm<br \/>&nbsp;<br \/>K\u00e9zi utas\u00edt\u00e1sok&nbsp;<br \/>&nbsp;<br \/>\ud83d\udcccA f\u0151szerepl\u0151 term\u00e9szete&nbsp;<br \/>&nbsp;<br \/>Bemutatjuk a \u201eDodge Viper Racer Car\u201d nev\u0171 b\u00fcszke kollekci\u00f3nkat, amelyet nem szabad kihagyni.&nbsp;<\/p>\n<p>A Viper Racer aut\u00f3t kifejezetten versenyz\u00e9sre tervezt\u00e9k, \u00e9s sz\u00e1mos olyan fejlett funkci\u00f3val \u00e9s technol\u00f3gi\u00e1val rendelkezik, amelyek rendk\u00edv\u00fcl versenyk\u00e9pess\u00e9 teszik a versenyp\u00e1ly\u00e1n. Ezek k\u00f6z\u00e9 tartoznak a k\u00f6nny\u0171 szerkezet, a nagy teljes\u00edtm\u00e9ny\u0171 motorok, az aerodinamikus karossz\u00e9riak\u00e9szletek \u00e9s a speci\u00e1lis versenyabroncsok. Az aut\u00f3t a t\u00f6meg cs\u00f6kkent\u00e9se \u00e9s a teljes\u00edtm\u00e9ny n\u00f6vel\u00e9se \u00e9rdek\u00e9ben lecsupasz\u00edtott\u00e1k, \u00e9s elt\u00e1vol\u00edtott\u00e1k az olyan funkci\u00f3kat, mint a l\u00e9gkondicion\u00e1l\u00f3 \u00e9s a hangrendszer. A Dodge Viper Racer aut\u00f3 jellegzetes megjelen\u00e9s\u0171, karcs\u00fa \u00e9s sz\u00f6gletes vonalakkal \u00e9s alacsony, agressz\u00edv ki\u00e1ll\u00e1ssal. K\u00fcl\u00f6nf\u00e9le versenyfestm\u00e9nyek \u00e9s szponzorlog\u00f3k, valamint egy\u00e9b egyedi vizu\u00e1lis jellemz\u0151k, p\u00e9ld\u00e1ul aerodinamikus sz\u00e1rnyak \u00e9s l\u00e9gterel\u0151k szerepelhetnek rajta.<\/p><\/div>","protected":false},"excerpt":{"rendered":"<p>M\u00e1rka: REOBRIX<br \/>\nNem: Uniszex<br \/>\nKorhat\u00e1r: 14 \u00e9v felett<br \/>\nModellsz\u00e1m: 683<br \/>\nBesorol\u00e1s: \u00d6sszeszerel\u00e9s<br \/>\nM\u0171anyag blokk forma: \u00f6nz\u00e1r\u00f3 t\u00e9gla<br \/>\nAnyaga: M\u0171anyag<br \/>\nM\u0171anyag t\u00edpus: ABS<br \/>\nT\u00e9gla blokkok: 419 +<br \/>\nNincs doboz<\/p>","protected":false},"featured_media":41897,"comment_status":"open","ping_status":"closed","template":"","meta":{"_acf_changed":false},"product_cat":[1360,1357,364],"product_tag":[457,10882,11354,7761,389,11080,11355],"class_list":["product","first","instock","shipping-taxable","purchasable","product-type-simple"],"acf":[],"_links":{"self":[{"href":"https:\/\/mouldking.store\/hu\/wp-json\/wp\/v2\/product\/41900","targetHints":{"allow":["GET"]}}],"collection":[{"href":"https:\/\/mouldking.store\/hu\/wp-json\/wp\/v2\/product"}],"about":[{"href":"https:\/\/mouldking.store\/hu\/wp-json\/wp\/v2\/types\/product"}],"replies":[{"embeddable":true,"href":"https:\/\/mouldking.store\/hu\/wp-json\/wp\/v2\/comments?post=41900"}],"wp:featuredmedia":[{"embeddable":true,"href":"https:\/\/mouldking.store\/hu\/wp-json\/wp\/v2\/media\/41897"}],"wp:attachment":[{"href":"https:\/\/mouldking.store\/hu\/wp-json\/wp\/v2\/media?parent=41900"}],"wp:term":[{"taxonomy":"product_cat","embeddable":true,"href":"https:\/\/mouldking.store\/hu\/wp-json\/wp\/v2\/product_cat?post=41900"},{"taxonomy":"product_tag","embeddable":true,"href":"https:\/\/mouldking.store\/hu\/wp-json\/wp\/v2\/product_tag?post=41900"}],"curies":[{"name":"wp","href":"https:\/\/api.w.org\/{rel}","templated":true}]}}