{"id":41905,"date":"2023-02-20T15:24:04","date_gmt":"2023-02-20T08:24:04","guid":{"rendered":"https:\/\/mouldking.store\/shop\/reobrix-66030-star-revenge-planet-book-with-3058-pieces\/"},"modified":"2023-02-20T15:24:04","modified_gmt":"2023-02-20T08:24:04","slug":"reobrix-66030-star-revenge-planet-book-with-3058-pieces","status":"publish","type":"product","link":"https:\/\/mouldking.store\/hu\/shop\/reobrix-66030-star-revenge-planet-book-with-3058-pieces\/","title":{"rendered":"REOBRIX 66030 Star Bossz\u00fa Bolyg\u00f3 K\u00f6nyv 3058 darabbal"},"content":{"rendered":"<div>\u2705 Reobrix 66030 Star Revenge Planet Book<br \/>&nbsp;<br \/>\u2705A Star Revenge Planet Book a Star Wars \u00e9p\u00edt\u0151elem-k\u00e9szletek sorozat\u00e1hoz tartozik, \u00e9s a teljes k\u00e9szlet 3058 \u00e9p\u00edt\u0151elem-r\u00e9szecsk\u00e9t tartalmaz. Els\u0151 megjelen\u00e9s 2023.<br \/>&nbsp;<br \/>\ud83d\udeab FONTOS!&nbsp;<br \/>&nbsp;<br \/>Term\u00e9k neve: Star Revenge Planet Book<br \/>&nbsp;<br \/>Kateg\u00f3ria: Star Wars<br \/>&nbsp;<br \/>A k\u00e9szlet tartalma: Reobrix 66030<br \/>&nbsp;<br \/>3058 db J\u00f3 min\u0151s\u00e9g\u0171 t\u00e9gla&nbsp;<br \/>&nbsp;<br \/>M\u00e9rete: 64,5 \u00d7 15 \u00d7 29,5 cm<br \/>&nbsp;<br \/>K\u00e9zi utas\u00edt\u00e1sok&nbsp;<br \/>&nbsp;<br \/>\ud83d\udcccA f\u0151szerepl\u0151 term\u00e9szete&nbsp;<br \/>&nbsp;<br \/>Bemutatjuk b\u00fcszke kollekci\u00f3nkat, a \u201eCsillagbossz\u00fa Bolyg\u00f3 K\u00f6nyvet\u201d, amit nem szabad kihagyni.&nbsp;<br \/>&nbsp;<br \/>Az \u00e9p\u00edt\u0151kock\u00e1k nagyszer\u0171 m\u00f3dja annak, hogy elt\u00f6ltsd az id\u0151t, \u00e9s megalkosd saj\u00e1t egyedi alkot\u00e1saidat, \u00edgy nem meglep\u0151, hogy ezek az elemek t\u00f6bb ezer \u00e9ve l\u00e9teznek. A Star Revenge Planet Book 3058 r\u00e9szecsk\u00e9t tartalmaz, amelyekb\u0151l b\u00e1rmit meg\u00e9p\u00edthetsz. Ez a sorozat els\u0151 kiad\u00e1sa 2023-ban, \u00e9s az\u00e9rt j\u00f6tt l\u00e9tre, mert voltak, akik t\u00f6bb \u00e9p\u00edt\u0151kock\u00e1t akartak.<\/div>","protected":false},"excerpt":{"rendered":"<p>M\u00e1rka: REOBRIX<br \/>\nNem: Uniszex<br \/>\nKorhat\u00e1r: 14 \u00e9v felett<br \/>\nModellsz\u00e1m: 66030<br \/>\nBesorol\u00e1s: \u00d6sszeszerel\u00e9s<br \/>\nM\u0171anyag blokk forma: \u00f6nz\u00e1r\u00f3 t\u00e9gla<br \/>\nAnyaga: M\u0171anyag<br \/>\nM\u0171anyag t\u00edpus: ABS<br \/>\nT\u00e9gla T\u00e9gla: 3058 +<br \/>\nNincs doboz<br \/>\nEl\u0151v\u00e9telben febru\u00e1r 28-\u00e1n<\/p>","protected":false},"featured_media":41902,"comment_status":"open","ping_status":"closed","template":"","meta":{"_acf_changed":false},"product_cat":[581,6016,415,1408],"product_tag":[1411,434,11356,5488,2276,673,436],"class_list":["product","first","instock","shipping-taxable","purchasable","product-type-simple"],"acf":[],"_links":{"self":[{"href":"https:\/\/mouldking.store\/hu\/wp-json\/wp\/v2\/product\/41905","targetHints":{"allow":["GET"]}}],"collection":[{"href":"https:\/\/mouldking.store\/hu\/wp-json\/wp\/v2\/product"}],"about":[{"href":"https:\/\/mouldking.store\/hu\/wp-json\/wp\/v2\/types\/product"}],"replies":[{"embeddable":true,"href":"https:\/\/mouldking.store\/hu\/wp-json\/wp\/v2\/comments?post=41905"}],"wp:featuredmedia":[{"embeddable":true,"href":"https:\/\/mouldking.store\/hu\/wp-json\/wp\/v2\/media\/41902"}],"wp:attachment":[{"href":"https:\/\/mouldking.store\/hu\/wp-json\/wp\/v2\/media?parent=41905"}],"wp:term":[{"taxonomy":"product_cat","embeddable":true,"href":"https:\/\/mouldking.store\/hu\/wp-json\/wp\/v2\/product_cat?post=41905"},{"taxonomy":"product_tag","embeddable":true,"href":"https:\/\/mouldking.store\/hu\/wp-json\/wp\/v2\/product_tag?post=41905"}],"curies":[{"name":"wp","href":"https:\/\/api.w.org\/{rel}","templated":true}]}}