{"id":41922,"date":"2023-02-20T15:48:07","date_gmt":"2023-02-20T08:48:07","guid":{"rendered":"https:\/\/mouldking.store\/shop\/reobrix-680-porsche-917-racer-car-with-355-pieces\/"},"modified":"2023-02-20T15:48:07","modified_gmt":"2023-02-20T08:48:07","slug":"reobrix-680-porsche-917-racer-car-with-355-pieces","status":"publish","type":"product","link":"https:\/\/mouldking.store\/hu\/shop\/reobrix-680-porsche-917-racer-car-with-355-pieces\/","title":{"rendered":"REOBRIX 680 Porsche 917 Racer Car with 355 Pieces"},"content":{"rendered":"<div>\u2705 Reobrix 680 Porsche 917 Racer Car&nbsp;<\/p>\n<p>\u2705The Porsche 917 is a legendary racing car that was produced by Porsche between 1969 and 1973. It was designed for endurance racing and is considered one of the most successful racing cars of all time.<br \/>&nbsp;<br \/>\ud83d\udeab FONTOS!&nbsp;<br \/>&nbsp;<br \/>Product Name: Porsche 917 Racer Car&nbsp;<br \/>&nbsp;<br \/>Kateg\u00f3ria: M\u0171szaki<br \/>&nbsp;<br \/>This Kit Contains: Reobrix 680<br \/>&nbsp;<br \/>355 pcs Good Quality Bricks&nbsp;<br \/>&nbsp;<br \/>Size: 16 x 7.1&nbsp; x4.2 cm<br \/>&nbsp;<br \/>K\u00e9zi utas\u00edt\u00e1sok&nbsp;<br \/>&nbsp;<br \/>\ud83d\udcccA f\u0151szerepl\u0151 term\u00e9szete&nbsp;<br \/>&nbsp;<br \/>Introducing our proud collection named \u201cPorsche 917 Racer Car \u201d you should not miss.&nbsp;<br \/>&nbsp;<br \/>The 917 Racer Car is a variant of the Porsche 917 specifically designed for competition. It has a sleek, aerodynamic body with a low profile, designed to minimize wind resistance and maximize speed. The car features a powerful engine, typically a 4.5-liter flat-12 engine, that produces up to 630 horsepower.<\/div>","protected":false},"excerpt":{"rendered":"<p>M\u00e1rka: REOBRIX<br \/>\nNem: Uniszex<br \/>\nKorhat\u00e1r: 14 \u00e9v felett<br \/>\nModel Number: 680<br \/>\nBesorol\u00e1s: \u00d6sszeszerel\u00e9s<br \/>\nM\u0171anyag blokk forma: \u00f6nz\u00e1r\u00f3 t\u00e9gla<br \/>\nAnyaga: M\u0171anyag<br \/>\nM\u0171anyag t\u00edpus: ABS<br \/>\nBricks Blocks: 355 +<br \/>\nNincs doboz<\/p>","protected":false},"featured_media":41919,"comment_status":"open","ping_status":"closed","template":"","meta":{"_acf_changed":false},"product_cat":[1360,1357,364],"product_tag":[457,2754,7761,389,11080],"class_list":["product","first","instock","shipping-taxable","purchasable","product-type-simple"],"acf":[],"_links":{"self":[{"href":"https:\/\/mouldking.store\/hu\/wp-json\/wp\/v2\/product\/41922","targetHints":{"allow":["GET"]}}],"collection":[{"href":"https:\/\/mouldking.store\/hu\/wp-json\/wp\/v2\/product"}],"about":[{"href":"https:\/\/mouldking.store\/hu\/wp-json\/wp\/v2\/types\/product"}],"replies":[{"embeddable":true,"href":"https:\/\/mouldking.store\/hu\/wp-json\/wp\/v2\/comments?post=41922"}],"wp:featuredmedia":[{"embeddable":true,"href":"https:\/\/mouldking.store\/hu\/wp-json\/wp\/v2\/media\/41919"}],"wp:attachment":[{"href":"https:\/\/mouldking.store\/hu\/wp-json\/wp\/v2\/media?parent=41922"}],"wp:term":[{"taxonomy":"product_cat","embeddable":true,"href":"https:\/\/mouldking.store\/hu\/wp-json\/wp\/v2\/product_cat?post=41922"},{"taxonomy":"product_tag","embeddable":true,"href":"https:\/\/mouldking.store\/hu\/wp-json\/wp\/v2\/product_tag?post=41922"}],"curies":[{"name":"wp","href":"https:\/\/api.w.org\/{rel}","templated":true}]}}