{"id":41928,"date":"2023-02-20T15:55:17","date_gmt":"2023-02-20T08:55:17","guid":{"rendered":"https:\/\/mouldking.store\/shop\/loz-1037-triangular-log-cabin-with-1917-pieces\/"},"modified":"2023-02-20T15:55:17","modified_gmt":"2023-02-20T08:55:17","slug":"loz-1037-triangular-log-cabin-with-1917-pieces","status":"publish","type":"product","link":"https:\/\/mouldking.store\/hu\/shop\/loz-1037-triangular-log-cabin-with-1917-pieces\/","title":{"rendered":"LOZ 1037 h\u00e1romsz\u00f6g alak\u00fa fah\u00e1z 1917 darabbal"},"content":{"rendered":"<div>\u2705 LOZ 1037 h\u00e1romsz\u00f6g alak\u00fa fah\u00e1z<br \/>&nbsp;<br \/>\u2705A h\u00e1romsz\u00f6g alak\u00fa fah\u00e1z egyed\u00fcl\u00e1ll\u00f3 kabint\u00edpus, amelyet h\u00e1romsz\u00f6g alakja jellemez. Ez a fajta kabin nem t\u00fal gyakori, de bizonyos ter\u00fcleteken megtal\u00e1lhat\u00f3, k\u00fcl\u00f6n\u00f6sen a hegyvid\u00e9ki vagy erd\u0151s vid\u00e9keken.<br \/>&nbsp;<br \/>\ud83d\udeab FONTOS!&nbsp;<br \/>&nbsp;<br \/>Term\u00e9k neve: H\u00e1romsz\u00f6g alak\u00fa fah\u00e1z<br \/>&nbsp;<br \/>Kateg\u00f3ria: Alkot\u00f3&nbsp;<br \/>&nbsp;<br \/>A k\u00e9szlet tartalma: LOZ 1037<br \/>&nbsp;<br \/>1917 db J\u00f3 min\u0151s\u00e9g\u0171 t\u00e9gla&nbsp;<\/p>\n<p>K\u00e9zi utas\u00edt\u00e1sok&nbsp;<br \/>&nbsp;<br \/>\ud83d\udcccA f\u0151szerepl\u0151 term\u00e9szete&nbsp;<br \/>&nbsp;<br \/>Bemutatjuk b\u00fcszke kollekci\u00f3nkat, a \u201eH\u00e1romsz\u00f6glet\u0171 gerendah\u00e1zat\u201d, amelyet nem szabad kihagyni.&nbsp;<br \/>&nbsp;<br \/>A h\u00e1romsz\u00f6g alak\u00fa fah\u00e1zat jellemz\u0151en r\u00f6nk\u00f6kb\u0151l vagy f\u00e1b\u00f3l \u00e9p\u00edtik, a r\u00f6nk\u00f6k h\u00e1romsz\u00f6g alakban vannak elrendezve a kabin falaiv\u00e1. A kabin teteje is h\u00e1romsz\u00f6glet\u0171, a tet\u0151 cs\u00facsa a kabin legmagasabb pontja. A h\u00e1romsz\u00f6g alak\u00fa fah\u00e1z belseje jellemz\u0151en hangulatos \u00e9s rusztikus, nappalival, konyh\u00e1val \u00e9s h\u00e1l\u00f3szob\u00e1kkal. A nappaliban kandall\u00f3 vagy fat\u00fczel\u00e9s\u0171 k\u00e1lyha meleg\u00edthet\u0151, valamint nagy ablakok vagy tet\u0151ablakok, hogy kihaszn\u00e1lj\u00e1k a k\u00edv\u00fclr\u0151l ny\u00edl\u00f3 term\u00e9szetes kil\u00e1t\u00e1st. A konyha \u00e1ltal\u00e1ban olyan alapvet\u0151 felszerel\u00e9sekkel van felszerelve, mint a t\u0171zhely, h\u0171t\u0151szekr\u00e9ny \u00e9s mosogat\u00f3, a h\u00e1l\u00f3szob\u00e1k pedig a nappalival egy nyitott t\u00e9rben helyezkedhetnek el.<\/div>","protected":false},"excerpt":{"rendered":"<p>M\u00e1rka: LOZ<br \/>\nNem: Uniszex<br \/>\nKoroszt\u00e1ly: 8 \u00e9v felett<br \/>\nModellsz\u00e1m: 1037<br \/>\nBesorol\u00e1s: \u00d6sszeszerel\u00e9s<br \/>\nM\u0171anyag blokk forma: \u00f6nz\u00e1r\u00f3 t\u00e9gla<br \/>\nAnyaga: M\u0171anyag<br \/>\nM\u0171anyag t\u00edpus: ABS<br \/>\nT\u00e9gla blokkok: 1917+<br \/>\nNincs doboz<\/p>","protected":false},"featured_media":41923,"comment_status":"open","ping_status":"closed","template":"","meta":{"_acf_changed":false},"product_cat":[1365,1395,371,390],"product_tag":[727,11072,8452,5679,10136,11358],"class_list":["product","first","instock","shipping-taxable","purchasable","product-type-simple"],"acf":[],"_links":{"self":[{"href":"https:\/\/mouldking.store\/hu\/wp-json\/wp\/v2\/product\/41928","targetHints":{"allow":["GET"]}}],"collection":[{"href":"https:\/\/mouldking.store\/hu\/wp-json\/wp\/v2\/product"}],"about":[{"href":"https:\/\/mouldking.store\/hu\/wp-json\/wp\/v2\/types\/product"}],"replies":[{"embeddable":true,"href":"https:\/\/mouldking.store\/hu\/wp-json\/wp\/v2\/comments?post=41928"}],"wp:featuredmedia":[{"embeddable":true,"href":"https:\/\/mouldking.store\/hu\/wp-json\/wp\/v2\/media\/41923"}],"wp:attachment":[{"href":"https:\/\/mouldking.store\/hu\/wp-json\/wp\/v2\/media?parent=41928"}],"wp:term":[{"taxonomy":"product_cat","embeddable":true,"href":"https:\/\/mouldking.store\/hu\/wp-json\/wp\/v2\/product_cat?post=41928"},{"taxonomy":"product_tag","embeddable":true,"href":"https:\/\/mouldking.store\/hu\/wp-json\/wp\/v2\/product_tag?post=41928"}],"curies":[{"name":"wp","href":"https:\/\/api.w.org\/{rel}","templated":true}]}}