{"id":41936,"date":"2023-02-20T16:04:38","date_gmt":"2023-02-20T09:04:38","guid":{"rendered":"https:\/\/mouldking.store\/shop\/reobrix-66029-ninja-world-street-view-book-stand-with-3086-pieces\/"},"modified":"2023-02-20T16:04:38","modified_gmt":"2023-02-20T09:04:38","slug":"reobrix-66029-ninja-world-street-view-book-stand-with-3086-pieces","status":"publish","type":"product","link":"https:\/\/mouldking.store\/hu\/shop\/reobrix-66029-ninja-world-street-view-book-stand-with-3086-pieces\/","title":{"rendered":"REOBRIX 66029 Ninja World Street View k\u00f6nyv\u00e1llv\u00e1ny 3086 darabbal"},"content":{"rendered":"<div>\u2705 Reobrix 66029 Ninja World Street View Book Stand<br \/>&nbsp;<br \/>\u2705Building block sets are a popular type of toy that allows children and adults to create their own models and structures by assembling individual pieces. These sets can range from simple designs with a few pieces, to complex models with thousands of pieces and intricate details. The Phantom Ninja series is likely to be a popular choice for fans of ninjas and Japanese culture.<br \/>&nbsp;<br \/>\ud83d\udeab FONTOS!&nbsp;<br \/>&nbsp;<br \/>Product Name: Ninja World Street View Book Stand<br \/>&nbsp;<br \/>Kateg\u00f3ria: Alkot\u00f3&nbsp;<br \/>&nbsp;<br \/>This Kit Contains: Reobrix 66029<br \/>&nbsp;<br \/>3086 pcs Good Quality Bricks&nbsp;<br \/>&nbsp;<br \/>Size: 66.5 \u00d7 14 \u00d7 30 cm<br \/>&nbsp;<br \/>K\u00e9zi utas\u00edt\u00e1sok&nbsp;<br \/>&nbsp;<br \/>\ud83d\udcccA f\u0151szerepl\u0151 term\u00e9szete&nbsp;<br \/>&nbsp;<br \/>Introducing our proud collection named \u201cNinja World Street View Book Stand\u201d you should not miss.&nbsp;<br \/>&nbsp;<br \/>Ninja World Street View Book (Ninja World) belongs to the Phantom Ninja series of building block sets, and the entire set contains 3086 building block particles. First release in 2023<\/div>","protected":false},"excerpt":{"rendered":"<p>M\u00e1rka: REOBRIX<br \/>\nNem: Uniszex<br \/>\nKoroszt\u00e1ly: 8 \u00e9v felett<br \/>\nModel Number: 66029<br \/>\nBesorol\u00e1s: \u00d6sszeszerel\u00e9s<br \/>\nM\u0171anyag blokk forma: \u00f6nz\u00e1r\u00f3 t\u00e9gla<br \/>\nAnyaga: M\u0171anyag<br \/>\nM\u0171anyag t\u00edpus: ABS<br \/>\nBricks Blocks: 3086 +<br \/>\nNincs doboz<br \/>\nEl\u0151v\u00e9telben febru\u00e1r 28-\u00e1n<\/p>","protected":false},"featured_media":41929,"comment_status":"open","ping_status":"closed","template":"","meta":{"_acf_changed":false},"product_cat":[1365,371],"product_tag":[1411,11072,8452,8335,11359,8802],"class_list":["product","first","instock","shipping-taxable","purchasable","product-type-simple"],"acf":[],"_links":{"self":[{"href":"https:\/\/mouldking.store\/hu\/wp-json\/wp\/v2\/product\/41936","targetHints":{"allow":["GET"]}}],"collection":[{"href":"https:\/\/mouldking.store\/hu\/wp-json\/wp\/v2\/product"}],"about":[{"href":"https:\/\/mouldking.store\/hu\/wp-json\/wp\/v2\/types\/product"}],"replies":[{"embeddable":true,"href":"https:\/\/mouldking.store\/hu\/wp-json\/wp\/v2\/comments?post=41936"}],"wp:featuredmedia":[{"embeddable":true,"href":"https:\/\/mouldking.store\/hu\/wp-json\/wp\/v2\/media\/41929"}],"wp:attachment":[{"href":"https:\/\/mouldking.store\/hu\/wp-json\/wp\/v2\/media?parent=41936"}],"wp:term":[{"taxonomy":"product_cat","embeddable":true,"href":"https:\/\/mouldking.store\/hu\/wp-json\/wp\/v2\/product_cat?post=41936"},{"taxonomy":"product_tag","embeddable":true,"href":"https:\/\/mouldking.store\/hu\/wp-json\/wp\/v2\/product_tag?post=41936"}],"curies":[{"name":"wp","href":"https:\/\/api.w.org\/{rel}","templated":true}]}}