{"id":41952,"date":"2023-02-20T16:45:21","date_gmt":"2023-02-20T09:45:21","guid":{"rendered":"https:\/\/mouldking.store\/shop\/balody-21063-small-fresh-motorcycle-with-1078-pieces\/"},"modified":"2023-02-20T16:45:21","modified_gmt":"2023-02-20T09:45:21","slug":"balody-21063-small-fresh-motorcycle-with-1078-pieces","status":"publish","type":"product","link":"https:\/\/mouldking.store\/hu\/shop\/balody-21063-small-fresh-motorcycle-with-1078-pieces\/","title":{"rendered":"BALODY 21063 kis friss motorker\u00e9kp\u00e1r 1078 darabbal"},"content":{"rendered":"<div>\u2705 BALODY 21063 Kis Fresh Motorker\u00e9kp\u00e1r<br \/>&nbsp;<br \/>\u2705A Motorker\u00e9kp\u00e1r fest\u00e9s remek m\u00f3dja annak, hogy elind\u00edtsd az alkot\u00e1saidat. Vespa alak\u00fara tervezt\u00e9k, \u00e9s a test el\u00fcls\u0151 \u00e9s h\u00e1ts\u00f3 r\u00e9sz\u00e9n tal\u00e1lhat\u00f3 a h\u00edres terasz. A k\u00e9k sz\u00edn igaz\u00e1n sz\u00e9pp\u00e9 var\u00e1zsolja ezt a csod\u00e1latos vesp\u00e1t, de b\u00e1rmilyen falon is j\u00f3l mutat.<br \/>&nbsp;<br \/>\ud83d\udeab FONTOS!&nbsp;<br \/>&nbsp;<br \/>Term\u00e9k neve: Kis friss motorker\u00e9kp\u00e1r<br \/>&nbsp;<br \/>Kateg\u00f3ria: Alkot\u00f3&nbsp;<br \/>&nbsp;<br \/>A k\u00e9szlet tartalma: BALODY 21063<br \/>&nbsp;<br \/>1078 db J\u00f3 min\u0151s\u00e9g\u0171 t\u00e9gla&nbsp;<br \/>&nbsp;<br \/>M\u00e9rete: 25,8 \u00d7 11 \u00d7 18,4 cm<br \/>&nbsp;<br \/>K\u00e9zi utas\u00edt\u00e1sok&nbsp;<br \/>&nbsp;<br \/>\ud83d\udcccA f\u0151szerepl\u0151 term\u00e9szete&nbsp;<br \/>&nbsp;<br \/>Bemutatjuk a \u201eSmall Fresh Motorcycle\u201d nev\u0171 b\u00fcszke kollekci\u00f3nkat, amelyet nem szabad kihagyni.&nbsp;<br \/>&nbsp;<br \/>Ez egy eredeti alkot\u00e1s, egy \u0151szi sz\u00ednekre festett vespa motorker\u00e9kp\u00e1r. A term\u00e9k a Small Fresh sorozatba tartozik \u00e9s 1078 darab r\u00e9szecske tal\u00e1lhat\u00f3 a k\u00e9szletben, melyek felhaszn\u00e1lhat\u00f3k kreat\u00edv \u00f6tletek \u00e9p\u00edt\u0151k\u00f6veik\u00e9nt.<\/div>","protected":false},"excerpt":{"rendered":"<p>M\u00e1rka: BALODY<br \/>\nNem: Uniszex<br \/>\nKoroszt\u00e1ly: &gt; 6 \u00e9v<br \/>\nModellsz\u00e1m: 21063<br \/>\nBesorol\u00e1s: \u00d6sszeszerel\u00e9s<br \/>\nM\u0171anyag blokk forma: \u00f6nz\u00e1r\u00f3 t\u00e9gla<br \/>\nAnyaga: M\u0171anyag<br \/>\nM\u0171anyag t\u00edpus: ABS<br \/>\nT\u00e9gla blokkok: 1078 +<br \/>\nEl\u0151v\u00e9tel<\/p>","protected":false},"featured_media":41946,"comment_status":"open","ping_status":"closed","template":"","meta":{"_acf_changed":false},"product_cat":[1365,371],"product_tag":[11361,11072,8452,2449,7204,11362],"class_list":["product","first","instock","shipping-taxable","purchasable","product-type-simple"],"acf":[],"_links":{"self":[{"href":"https:\/\/mouldking.store\/hu\/wp-json\/wp\/v2\/product\/41952","targetHints":{"allow":["GET"]}}],"collection":[{"href":"https:\/\/mouldking.store\/hu\/wp-json\/wp\/v2\/product"}],"about":[{"href":"https:\/\/mouldking.store\/hu\/wp-json\/wp\/v2\/types\/product"}],"replies":[{"embeddable":true,"href":"https:\/\/mouldking.store\/hu\/wp-json\/wp\/v2\/comments?post=41952"}],"wp:featuredmedia":[{"embeddable":true,"href":"https:\/\/mouldking.store\/hu\/wp-json\/wp\/v2\/media\/41946"}],"wp:attachment":[{"href":"https:\/\/mouldking.store\/hu\/wp-json\/wp\/v2\/media?parent=41952"}],"wp:term":[{"taxonomy":"product_cat","embeddable":true,"href":"https:\/\/mouldking.store\/hu\/wp-json\/wp\/v2\/product_cat?post=41952"},{"taxonomy":"product_tag","embeddable":true,"href":"https:\/\/mouldking.store\/hu\/wp-json\/wp\/v2\/product_tag?post=41952"}],"curies":[{"name":"wp","href":"https:\/\/api.w.org\/{rel}","templated":true}]}}