{"id":41956,"date":"2023-02-20T16:55:26","date_gmt":"2023-02-20T09:55:26","guid":{"rendered":"https:\/\/mouldking.store\/shop\/balody-21060-b-duck-motorcycle-with-1116-pieces\/"},"modified":"2023-02-20T16:55:26","modified_gmt":"2023-02-20T09:55:26","slug":"balody-21060-b-duck-motorcycle-with-1116-pieces","status":"publish","type":"product","link":"https:\/\/mouldking.store\/hu\/shop\/balody-21060-b-duck-motorcycle-with-1116-pieces\/","title":{"rendered":"BALODY 21060 B.Duck motorker\u00e9kp\u00e1r 1116 darabbal"},"content":{"rendered":"<div>\u2705 BALODY 21060 B.Duck motorcycle<\/p>\n<p>\u2705B.Duck is a popular brand of cute and playful rubber duck-themed merchandise, including toys, accessories, and other products. A B.Duck motorcycle is a toy motorcycle that features the brand&#8217;s signature yellow duck design.<br \/>&nbsp;<br \/>\ud83d\udeab FONTOS!&nbsp;<br \/>&nbsp;<br \/>Product Name: B.Duck motorcycle<br \/>&nbsp;<br \/>Kateg\u00f3ria: Alkot\u00f3&nbsp;<br \/>&nbsp;<br \/>This Kit Contains: BALODY 21060<br \/>&nbsp;<br \/>1116 pcs Good Quality Bricks&nbsp;<br \/>&nbsp;<br \/>Size: 24.5 \u00d7 9.9 \u00d7 16.2 cm<br \/>&nbsp;<br \/>K\u00e9zi utas\u00edt\u00e1sok&nbsp;<br \/>&nbsp;<br \/>\ud83d\udcccA f\u0151szerepl\u0151 term\u00e9szete&nbsp;<br \/>&nbsp;<br \/>Introducing our proud collection named \u201cB.Duck motorcycle\u201d you should not miss.&nbsp;<\/p>\n<p>The B.Duck motorcycle may come in a variety of sizes and materials, but it is often made of plastic and is designed for children to play with. The motorcycle typically has two wheels and is designed to be ridden by a small B.Duck figurine, which may be included with the toy or purchased separately.<\/p><\/div>","protected":false},"excerpt":{"rendered":"<p>M\u00e1rka: BALODY<br \/>\nNem: Uniszex<br \/>\nKoroszt\u00e1ly: &gt; 6 \u00e9v<br \/>\nModel Number: 21060<br \/>\nBesorol\u00e1s: \u00d6sszeszerel\u00e9s<br \/>\nM\u0171anyag blokk forma: \u00f6nz\u00e1r\u00f3 t\u00e9gla<br \/>\nAnyaga: M\u0171anyag<br \/>\nM\u0171anyag t\u00edpus: ABS<br \/>\nBricks Blocks: 1116 +<br \/>\nEl\u0151v\u00e9tel<\/p>","protected":false},"featured_media":41953,"comment_status":"open","ping_status":"closed","template":"","meta":{"_acf_changed":false},"product_cat":[1365,371],"product_tag":[11072,8452,2449],"class_list":["product","first","instock","shipping-taxable","purchasable","product-type-simple"],"acf":[],"_links":{"self":[{"href":"https:\/\/mouldking.store\/hu\/wp-json\/wp\/v2\/product\/41956","targetHints":{"allow":["GET"]}}],"collection":[{"href":"https:\/\/mouldking.store\/hu\/wp-json\/wp\/v2\/product"}],"about":[{"href":"https:\/\/mouldking.store\/hu\/wp-json\/wp\/v2\/types\/product"}],"replies":[{"embeddable":true,"href":"https:\/\/mouldking.store\/hu\/wp-json\/wp\/v2\/comments?post=41956"}],"wp:featuredmedia":[{"embeddable":true,"href":"https:\/\/mouldking.store\/hu\/wp-json\/wp\/v2\/media\/41953"}],"wp:attachment":[{"href":"https:\/\/mouldking.store\/hu\/wp-json\/wp\/v2\/media?parent=41956"}],"wp:term":[{"taxonomy":"product_cat","embeddable":true,"href":"https:\/\/mouldking.store\/hu\/wp-json\/wp\/v2\/product_cat?post=41956"},{"taxonomy":"product_tag","embeddable":true,"href":"https:\/\/mouldking.store\/hu\/wp-json\/wp\/v2\/product_tag?post=41956"}],"curies":[{"name":"wp","href":"https:\/\/api.w.org\/{rel}","templated":true}]}}