{"id":41960,"date":"2023-02-20T17:02:06","date_gmt":"2023-02-20T10:02:06","guid":{"rendered":"https:\/\/mouldking.store\/shop\/balody-21061-b-duck-photo-frame-with-157-pieces\/"},"modified":"2023-02-20T17:02:06","modified_gmt":"2023-02-20T10:02:06","slug":"balody-21061-b-duck-photo-frame-with-157-pieces","status":"publish","type":"product","link":"https:\/\/mouldking.store\/hu\/shop\/balody-21061-b-duck-photo-frame-with-157-pieces\/","title":{"rendered":"BALODY 21061 B.Duck Photo Frame with 157 Pieces"},"content":{"rendered":"<div>\u2705 BALODY 21061 B.Duck Photo Frame<br \/>&nbsp;<br \/>\u2705B.Duck photo frame is a decorative picture frame that features the cute and playful design of the B.Duck brand. The frame is designed to hold a single photograph or picture, which can be displayed on a table, shelf, or desk.<br \/>&nbsp;<br \/>\ud83d\udeab FONTOS!&nbsp;<br \/>&nbsp;<br \/>Product Name: B.Duck Photo Frame<br \/>&nbsp;<br \/>Kateg\u00f3ria: Alkot\u00f3&nbsp;<br \/>&nbsp;<br \/>This Kit Contains: BALODY 21061<br \/>&nbsp;<br \/>157&nbsp; pcs Good Quality Bricks&nbsp;<br \/>&nbsp;<br \/>Size: 8.1 \u00d7 6.9 \u00d7 11.5 cm<br \/>&nbsp;<br \/>K\u00e9zi utas\u00edt\u00e1sok&nbsp;<br \/>&nbsp;<br \/>\ud83d\udcccA f\u0151szerepl\u0151 term\u00e9szete&nbsp;<br \/>&nbsp;<br \/>Introducing our proud collection named \u201cB.Duck Photo Frame\u201d you should not miss.&nbsp;<br \/>&nbsp;<br \/>The frame itself is typically made of a sturdy material and is painted or decorated in bright, cheerful yellow color, which is a signature color of the B.Duck brand.&nbsp;<\/div>","protected":false},"excerpt":{"rendered":"<p>M\u00e1rka: BALODY<br \/>\nNem: Uniszex<br \/>\nKoroszt\u00e1ly: &gt; 6 \u00e9v<br \/>\nModel Number: 21061<br \/>\nBesorol\u00e1s: \u00d6sszeszerel\u00e9s<br \/>\nM\u0171anyag blokk forma: \u00f6nz\u00e1r\u00f3 t\u00e9gla<br \/>\nAnyaga: M\u0171anyag<br \/>\nM\u0171anyag t\u00edpus: ABS<br \/>\nBricks Blocks: 157 +<br \/>\nEl\u0151v\u00e9tel<\/p>","protected":false},"featured_media":41957,"comment_status":"open","ping_status":"closed","template":"","meta":{"_acf_changed":false},"product_cat":[1365,371],"product_tag":[11072,8452,6603],"class_list":["product","first","instock","shipping-taxable","purchasable","product-type-simple"],"acf":[],"_links":{"self":[{"href":"https:\/\/mouldking.store\/hu\/wp-json\/wp\/v2\/product\/41960","targetHints":{"allow":["GET"]}}],"collection":[{"href":"https:\/\/mouldking.store\/hu\/wp-json\/wp\/v2\/product"}],"about":[{"href":"https:\/\/mouldking.store\/hu\/wp-json\/wp\/v2\/types\/product"}],"replies":[{"embeddable":true,"href":"https:\/\/mouldking.store\/hu\/wp-json\/wp\/v2\/comments?post=41960"}],"wp:featuredmedia":[{"embeddable":true,"href":"https:\/\/mouldking.store\/hu\/wp-json\/wp\/v2\/media\/41957"}],"wp:attachment":[{"href":"https:\/\/mouldking.store\/hu\/wp-json\/wp\/v2\/media?parent=41960"}],"wp:term":[{"taxonomy":"product_cat","embeddable":true,"href":"https:\/\/mouldking.store\/hu\/wp-json\/wp\/v2\/product_cat?post=41960"},{"taxonomy":"product_tag","embeddable":true,"href":"https:\/\/mouldking.store\/hu\/wp-json\/wp\/v2\/product_tag?post=41960"}],"curies":[{"name":"wp","href":"https:\/\/api.w.org\/{rel}","templated":true}]}}