{"id":41964,"date":"2023-02-20T17:08:48","date_gmt":"2023-02-20T10:08:48","guid":{"rendered":"https:\/\/mouldking.store\/shop\/happy-build-yc-35001-3in1-robot-with-468-pieces\/"},"modified":"2023-03-14T09:57:13","modified_gmt":"2023-03-14T02:57:13","slug":"happy-build-yc-35001-3in1-robot-with-468-pieces","status":"publish","type":"product","link":"https:\/\/mouldking.store\/hu\/shop\/happy-build-yc-35001-3in1-robot-with-468-pieces\/","title":{"rendered":"HAPPY BUILD YC-35001 3IN1 robot 468 darabbal"},"content":{"rendered":"<div>\u2705 HAPPY BUILD YC-35001 3IN1 Robot<br \/>&nbsp;<br \/>\u27053IN1 robot is a yellow robot that belongs to the mechanical group series building block set. People can easily build and play with their own creations or customize it with parts from other 3IN1 robots. This revolutionary building toy allows children to learn about robotics, science, engineering and construction.<br \/>&nbsp;<br \/>\ud83d\udeab FONTOS!&nbsp;<br \/>&nbsp;<br \/>Product Name: 3IN1 Robot<br \/>&nbsp;<br \/>Kateg\u00f3ria: Alkot\u00f3&nbsp;<br \/>&nbsp;<br \/>This Kit Contains: HAPPY BUILD YC-35001<br \/>&nbsp;<br \/>468 pcs Good Quality Bricks&nbsp;<br \/>&nbsp;<br \/>K\u00e9zi utas\u00edt\u00e1sok&nbsp;<br \/>&nbsp;<br \/>\ud83d\udcccA f\u0151szerepl\u0151 term\u00e9szete&nbsp;<br \/>&nbsp;<br \/>Introducing our proud collection named \u201c3IN1 Robot\u201d you should not miss.&nbsp;<br \/>&nbsp;<br \/>3IN1 robot is a yellow robot that is Changeable. 3IN1 robot (Changeable) belongs to the mechanical group series building block set, and the whole set contains 468 building block particles. The first release in 2023.<\/div>","protected":false},"excerpt":{"rendered":"<p>Brand: HAPPY BUILD<br \/>\nNem: Uniszex<br \/>\nKoroszt\u00e1ly: 8 \u00e9v felett<br \/>\nModel Number: YC-35001<br \/>\nBesorol\u00e1s: \u00d6sszeszerel\u00e9s<br \/>\nM\u0171anyag blokk forma: \u00f6nz\u00e1r\u00f3 t\u00e9gla<br \/>\nAnyaga: M\u0171anyag<br \/>\nM\u0171anyag t\u00edpus: ABS<br \/>\nBricks Blocks: 468 +<br \/>\nEl\u0151v\u00e9tel<\/p>","protected":false},"featured_media":41961,"comment_status":"open","ping_status":"closed","template":"","meta":{"_acf_changed":false},"product_cat":[1365,371],"product_tag":[11363,11072,8452,590],"class_list":["product","first","outofstock","shipping-taxable","purchasable","product-type-simple"],"acf":[],"_links":{"self":[{"href":"https:\/\/mouldking.store\/hu\/wp-json\/wp\/v2\/product\/41964","targetHints":{"allow":["GET"]}}],"collection":[{"href":"https:\/\/mouldking.store\/hu\/wp-json\/wp\/v2\/product"}],"about":[{"href":"https:\/\/mouldking.store\/hu\/wp-json\/wp\/v2\/types\/product"}],"replies":[{"embeddable":true,"href":"https:\/\/mouldking.store\/hu\/wp-json\/wp\/v2\/comments?post=41964"}],"wp:featuredmedia":[{"embeddable":true,"href":"https:\/\/mouldking.store\/hu\/wp-json\/wp\/v2\/media\/41961"}],"wp:attachment":[{"href":"https:\/\/mouldking.store\/hu\/wp-json\/wp\/v2\/media?parent=41964"}],"wp:term":[{"taxonomy":"product_cat","embeddable":true,"href":"https:\/\/mouldking.store\/hu\/wp-json\/wp\/v2\/product_cat?post=41964"},{"taxonomy":"product_tag","embeddable":true,"href":"https:\/\/mouldking.store\/hu\/wp-json\/wp\/v2\/product_tag?post=41964"}],"curies":[{"name":"wp","href":"https:\/\/api.w.org\/{rel}","templated":true}]}}