{"id":41966,"date":"2022-02-20T17:20:51","date_gmt":"2022-02-20T10:20:51","guid":{"rendered":"https:\/\/mouldking.store\/shop\/cogo-17015-dreaming-of-china-airlines-type-12322-bison-class-air-cushion-landing-craft-with-826-pieces\/"},"modified":"2023-03-10T11:03:15","modified_gmt":"2023-03-10T04:03:15","slug":"cogo-17015-dreaming-of-china-airlines-type-12322-bison-class-air-cushion-landing-craft-with-826-pieces","status":"publish","type":"product","link":"https:\/\/mouldking.store\/hu\/shop\/cogo-17015-dreaming-of-china-airlines-type-12322-bison-class-air-cushion-landing-craft-with-826-pieces\/","title":{"rendered":"CoGo 17015 Dreaming of China Airlines: Type 12322 Bison-class Air Cushion Landing Craft with 826 Pieces"},"content":{"rendered":"<div>\u2705COGO 17015 Dreaming of China Airlines: Type 12322 Bison-class Air Cushion Landing Craft<br \/>&nbsp;<br \/>\u2705The Type 12322 Bison-class Air Cushion Landing Craft is a type of landing craft used by the People&#8217;s Liberation Army Navy (PLAN) of China. It is designed to transport troops, equipment, and supplies from ships to shore during amphibious operations.<br \/>&nbsp;<br \/>\ud83d\udeab FONTOS!&nbsp;<br \/>&nbsp;<br \/>Product Name: Dreaming of China Airlines: Type 12322 Bison-class Air Cushion Landing Craft<br \/>&nbsp;<br \/>Kateg\u00f3ria: Katonai<br \/>&nbsp;<br \/>This Kit Contains: COGO 17015<br \/>&nbsp;<br \/>826 pcs Good Quality Bricks&nbsp;<br \/>&nbsp;<br \/>K\u00e9zi utas\u00edt\u00e1sok&nbsp;<br \/>&nbsp;<br \/>\ud83d\udcccA f\u0151szerepl\u0151 term\u00e9szete&nbsp;<br \/>&nbsp;<br \/>Introducing our proud collection named \u201cDreaming of China Airlines: Type 12322 Bison-class Air Cushion Landing Craft\u201d you should not miss.&nbsp;<\/p>\n<\/div>\n<div>The Bison-class landing craft uses an air cushion system to lift the craft off the water and provide a smooth ride during high-speed transport. This allows the craft to operate in shallow waters and traverse difficult terrain such as marshes, sandbanks, and snow-covered fields.<\/div>","protected":false},"excerpt":{"rendered":"<p>M\u00e1rka: CoGo<br \/>\nNem: Uniszex<br \/>\nKoroszt\u00e1ly: &gt; 6 \u00e9v<br \/>\nModel Number: 17015<br \/>\nBesorol\u00e1s: \u00d6sszeszerel\u00e9s<br \/>\nM\u0171anyag blokk forma: \u00f6nz\u00e1r\u00f3 t\u00e9gla<br \/>\nAnyaga: M\u0171anyag<br \/>\nM\u0171anyag t\u00edpus: ABS<br \/>\nBricks Blocks: 826 +<br \/>\nEl\u0151v\u00e9tel<\/p>","protected":false},"featured_media":41965,"comment_status":"open","ping_status":"closed","template":"","meta":{"_acf_changed":false},"product_cat":[1350,1357,372,364],"product_tag":[11202,11366,11365,10892,11364,11249,374,389],"class_list":["product","first","outofstock","shipping-taxable","purchasable","product-type-simple"],"acf":[],"_links":{"self":[{"href":"https:\/\/mouldking.store\/hu\/wp-json\/wp\/v2\/product\/41966","targetHints":{"allow":["GET"]}}],"collection":[{"href":"https:\/\/mouldking.store\/hu\/wp-json\/wp\/v2\/product"}],"about":[{"href":"https:\/\/mouldking.store\/hu\/wp-json\/wp\/v2\/types\/product"}],"replies":[{"embeddable":true,"href":"https:\/\/mouldking.store\/hu\/wp-json\/wp\/v2\/comments?post=41966"}],"wp:featuredmedia":[{"embeddable":true,"href":"https:\/\/mouldking.store\/hu\/wp-json\/wp\/v2\/media\/41965"}],"wp:attachment":[{"href":"https:\/\/mouldking.store\/hu\/wp-json\/wp\/v2\/media?parent=41966"}],"wp:term":[{"taxonomy":"product_cat","embeddable":true,"href":"https:\/\/mouldking.store\/hu\/wp-json\/wp\/v2\/product_cat?post=41966"},{"taxonomy":"product_tag","embeddable":true,"href":"https:\/\/mouldking.store\/hu\/wp-json\/wp\/v2\/product_tag?post=41966"}],"curies":[{"name":"wp","href":"https:\/\/api.w.org\/{rel}","templated":true}]}}