{"id":41968,"date":"2022-02-20T17:29:29","date_gmt":"2022-02-20T10:29:29","guid":{"rendered":"https:\/\/mouldking.store\/shop\/cogo-17012-dreaming-of-china-airlines-fire-control-radar-strategic-base-with-553-pieces\/"},"modified":"2023-03-10T11:03:10","modified_gmt":"2023-03-10T04:03:10","slug":"cogo-17012-dreaming-of-china-airlines-fire-control-radar-strategic-base-with-553-pieces","status":"publish","type":"product","link":"https:\/\/mouldking.store\/hu\/shop\/cogo-17012-dreaming-of-china-airlines-fire-control-radar-strategic-base-with-553-pieces\/","title":{"rendered":"CoGo 17012 Dreaming of China Airlines: Fire Control Radar strat\u00e9giai b\u00e1zis 553 darabbal"},"content":{"rendered":"<div>\u2705 COGO 17012 Dreaming of China Airlines: Fire Control Radar Strategic Base<br \/>&nbsp;<br \/>\u2705Fire control radar is a type of radar system used to detect and track targets for the purpose of guiding weapons systems such as missiles, artillery, and other types of firepower. It provides information on the location, speed, and trajectory of incoming targets, allowing the weapon system to accurately aim and engage the target.<br \/>&nbsp;<br \/>\ud83d\udeab FONTOS!&nbsp;<br \/>&nbsp;<br \/>Product Name: Dreaming of China Airlines: Fire Control Radar Strategic Base<br \/>&nbsp;<br \/>Kateg\u00f3ria: Katonai<br \/>&nbsp;<br \/>This Kit Contains: COGO 17012<br \/>&nbsp;<br \/>553 pcs Good Quality Bricks&nbsp;<br \/>&nbsp;<br \/>K\u00e9zi utas\u00edt\u00e1sok&nbsp;<br \/>&nbsp;<br \/>\ud83d\udcccA f\u0151szerepl\u0151 term\u00e9szete&nbsp;<br \/>&nbsp;<br \/>Introducing our proud collection named \u201cDreaming of China Airlines: Fire Control Radar Strategic Base\u201d you should not miss.&nbsp;<br \/>&nbsp;<br \/>&#8220;Fire Control Radar Strategic Base&#8221; is a military installation that uses fire control radar systems for strategic purposes, such as guiding missile defense systems, providing early warning of incoming threats, or supporting ground-based artillery or other weapons systems.<\/div>","protected":false},"excerpt":{"rendered":"<p>M\u00e1rka: CoGo<br \/>\nNem: Uniszex<br \/>\nKoroszt\u00e1ly: &gt; 6 \u00e9v<br \/>\nModel Number: 17012<br \/>\nBesorol\u00e1s: \u00d6sszeszerel\u00e9s<br \/>\nM\u0171anyag blokk forma: \u00f6nz\u00e1r\u00f3 t\u00e9gla<br \/>\nAnyaga: M\u0171anyag<br \/>\nM\u0171anyag t\u00edpus: ABS<br \/>\nBricks Blocks: 553 +<br \/>\nEl\u0151v\u00e9tel<\/p>","protected":false},"featured_media":41967,"comment_status":"open","ping_status":"closed","template":"","meta":{"_acf_changed":false},"product_cat":[1350,1357,372,364],"product_tag":[10892,11364,11367,11323,374,11368,389],"class_list":["product","first","outofstock","shipping-taxable","purchasable","product-type-simple"],"acf":[],"_links":{"self":[{"href":"https:\/\/mouldking.store\/hu\/wp-json\/wp\/v2\/product\/41968","targetHints":{"allow":["GET"]}}],"collection":[{"href":"https:\/\/mouldking.store\/hu\/wp-json\/wp\/v2\/product"}],"about":[{"href":"https:\/\/mouldking.store\/hu\/wp-json\/wp\/v2\/types\/product"}],"replies":[{"embeddable":true,"href":"https:\/\/mouldking.store\/hu\/wp-json\/wp\/v2\/comments?post=41968"}],"wp:featuredmedia":[{"embeddable":true,"href":"https:\/\/mouldking.store\/hu\/wp-json\/wp\/v2\/media\/41967"}],"wp:attachment":[{"href":"https:\/\/mouldking.store\/hu\/wp-json\/wp\/v2\/media?parent=41968"}],"wp:term":[{"taxonomy":"product_cat","embeddable":true,"href":"https:\/\/mouldking.store\/hu\/wp-json\/wp\/v2\/product_cat?post=41968"},{"taxonomy":"product_tag","embeddable":true,"href":"https:\/\/mouldking.store\/hu\/wp-json\/wp\/v2\/product_tag?post=41968"}],"curies":[{"name":"wp","href":"https:\/\/api.w.org\/{rel}","templated":true}]}}