{"id":41970,"date":"2022-02-20T17:36:56","date_gmt":"2022-02-20T10:36:56","guid":{"rendered":"https:\/\/mouldking.store\/shop\/cogo-17010-hongqi-6-search-radar-vehicle-and-air-defense-radar-vehicle-with-416-pieces\/"},"modified":"2023-03-10T11:03:04","modified_gmt":"2023-03-10T04:03:04","slug":"cogo-17010-hongqi-6-search-radar-vehicle-and-air-defense-radar-vehicle-with-416-pieces","status":"publish","type":"product","link":"https:\/\/mouldking.store\/hu\/shop\/cogo-17010-hongqi-6-search-radar-vehicle-and-air-defense-radar-vehicle-with-416-pieces\/","title":{"rendered":"CoGo 17010 Hongqi 6 keres\u0151 radarj\u00e1rm\u0171 \u00e9s l\u00e9gv\u00e9delmi radarj\u00e1rm\u0171 416 darabbal"},"content":{"rendered":"<div>\u2705 COGO 17010 Hongqi 6 keres\u0151radarj\u00e1rm\u0171 \u00e9s l\u00e9gv\u00e9delmi radarj\u00e1rm\u0171<br \/>&nbsp;<br \/>\u2705A Hongqi 6 (HQ-6) egy k\u00f6zepes hat\u00f3t\u00e1vols\u00e1g\u00fa f\u00f6ld-leveg\u0151 rak\u00e9tarendszer (SAM), amelyet K\u00edna fejlesztett ki. A HQ-6 rendszert az alacsonyan sz\u00e1ll\u00f3 rep\u00fcl\u0151g\u00e9pek, helikopterek \u00e9s cirk\u00e1l\u00f3 rak\u00e9t\u00e1k elleni v\u00e9dekez\u00e9sre tervezt\u00e9k. Sz\u00e1mos alkatr\u00e9szb\u0151l \u00e1ll, bele\u00e9rtve a rak\u00e9takil\u00f6v\u0151ket, a parancsnoki \u00e9s ir\u00e1ny\u00edt\u00f3 j\u00e1rm\u0171veket, valamint a keres\u0151- \u00e9s radarj\u00e1rm\u0171veket.<br \/>&nbsp;<br \/>\ud83d\udeab FONTOS!&nbsp;<br \/>&nbsp;<br \/>Term\u00e9kn\u00e9v: Hongqi 6 Keres\u00e9s radarj\u00e1rm\u0171 \u00e9s l\u00e9gv\u00e9delmi radarj\u00e1rm\u0171<br \/>&nbsp;<br \/>Kateg\u00f3ria: Katonai<br \/>&nbsp;<br \/>A k\u00e9szlet tartalma: COGO 17010<br \/>&nbsp;<br \/>416 db J\u00f3 min\u0151s\u00e9g\u0171 t\u00e9gla&nbsp;<br \/>&nbsp;<br \/>K\u00e9zi utas\u00edt\u00e1sok&nbsp;<br \/>&nbsp;<br \/>\ud83d\udcccA f\u0151szerepl\u0151 term\u00e9szete&nbsp;<br \/>&nbsp;<br \/>Bemutatjuk a \u201eHongqi 6 Search Radar Vehicle and Air Defense Radar Vehicle\u201d nev\u0171 b\u00fcszke kollekci\u00f3nkat, amelyet nem szabad kihagyni.&nbsp;<br \/>&nbsp;<br \/>A Hongqi 6 keres\u0151radar j\u00e1rm\u0171 a HQ-6 rendszer egyik kulcseleme. Ez egy j\u00e1rm\u0171re szerelt radarrendszer, amelyet a bej\u00f6v\u0151 c\u00e9lpontok \u00e9szlel\u00e9s\u00e9re \u00e9s k\u00f6vet\u00e9s\u00e9re haszn\u00e1lnak, biztos\u00edtva a rak\u00e9t\u00e1k kil\u00f6v\u00e9s\u00e9hez \u00e9s a fenyeget\u00e9sek lek\u00fczd\u00e9s\u00e9hez sz\u00fcks\u00e9ges adatokat. A keres\u0151radar j\u00e1rm\u0171 er\u0151s radarantenn\u00e1val van felszerelve, amely forogva p\u00e1szt\u00e1zza a k\u00f6rnyez\u0151 l\u00e9gteret a bej\u00f6v\u0151 fenyeget\u00e9sekre.<\/div>","protected":false},"excerpt":{"rendered":"<p>M\u00e1rka: CoGo<br \/>\nNem: Uniszex<br \/>\nKoroszt\u00e1ly: &gt; 6 \u00e9v<br \/>\nModellsz\u00e1m: 17010<br \/>\nBesorol\u00e1s: \u00d6sszeszerel\u00e9s<br \/>\nM\u0171anyag blokk forma: \u00f6nz\u00e1r\u00f3 t\u00e9gla<br \/>\nAnyaga: M\u0171anyag<br \/>\nM\u0171anyag t\u00edpus: ABS<br \/>\nT\u00e9gla T\u00e9gla: 416 +<br \/>\nEl\u0151v\u00e9tel<\/p>","protected":false},"featured_media":41969,"comment_status":"open","ping_status":"closed","template":"","meta":{"_acf_changed":false},"product_cat":[1350,1357,372,364],"product_tag":[11202,11322,374,11368,389,2803],"class_list":["product","first","outofstock","shipping-taxable","purchasable","product-type-simple"],"acf":[],"_links":{"self":[{"href":"https:\/\/mouldking.store\/hu\/wp-json\/wp\/v2\/product\/41970","targetHints":{"allow":["GET"]}}],"collection":[{"href":"https:\/\/mouldking.store\/hu\/wp-json\/wp\/v2\/product"}],"about":[{"href":"https:\/\/mouldking.store\/hu\/wp-json\/wp\/v2\/types\/product"}],"replies":[{"embeddable":true,"href":"https:\/\/mouldking.store\/hu\/wp-json\/wp\/v2\/comments?post=41970"}],"wp:featuredmedia":[{"embeddable":true,"href":"https:\/\/mouldking.store\/hu\/wp-json\/wp\/v2\/media\/41969"}],"wp:attachment":[{"href":"https:\/\/mouldking.store\/hu\/wp-json\/wp\/v2\/media?parent=41970"}],"wp:term":[{"taxonomy":"product_cat","embeddable":true,"href":"https:\/\/mouldking.store\/hu\/wp-json\/wp\/v2\/product_cat?post=41970"},{"taxonomy":"product_tag","embeddable":true,"href":"https:\/\/mouldking.store\/hu\/wp-json\/wp\/v2\/product_tag?post=41970"}],"curies":[{"name":"wp","href":"https:\/\/api.w.org\/{rel}","templated":true}]}}