{"id":41976,"date":"2022-02-20T18:04:12","date_gmt":"2022-02-20T11:04:12","guid":{"rendered":"https:\/\/mouldking.store\/shop\/cogo-17011-building-dreams-of-china-airlines-pla-special-forces-command-combat-vehicle-with-576-pieces\/"},"modified":"2023-03-10T11:02:49","modified_gmt":"2023-03-10T04:02:49","slug":"cogo-17011-building-dreams-of-china-airlines-pla-special-forces-command-combat-vehicle-with-576-pieces","status":"publish","type":"product","link":"https:\/\/mouldking.store\/hu\/shop\/cogo-17011-building-dreams-of-china-airlines-pla-special-forces-command-combat-vehicle-with-576-pieces\/","title":{"rendered":"CoGo 17011 Building Dreams of China Airlines: PLA k\u00fcl\u00f6nleges er\u0151k parancsnoki harcj\u00e1rm\u0171ve 576 darabbal"},"content":{"rendered":"<div>\u2705 COGO 17011 Building Dreams of China Airlines: PLA Special Forces Command Combat Vehicle<\/p>\n<p>\u2705Building Dreams of China Airlines: The PLA Special Forces Command Combat Vehicle belongs to the military series of building block sets, and the entire set contains 576 building block particles. First released in 2019.<br \/>&nbsp;<br \/>\ud83d\udeab FONTOS!&nbsp;<br \/>&nbsp;<br \/>Product Name: Building Dreams of China Airlines: PLA Special Forces Command Combat Vehicle<br \/>&nbsp;<br \/>Kateg\u00f3ria: Katonai<br \/>&nbsp;<br \/>This Kit Contains: COGO 17011<br \/>&nbsp;<br \/>576 pcs Good Quality Bricks&nbsp;<br \/>&nbsp;<br \/>K\u00e9zi utas\u00edt\u00e1sok&nbsp;<br \/>&nbsp;<br \/>\ud83d\udcccA f\u0151szerepl\u0151 term\u00e9szete&nbsp;<br \/>&nbsp;<br \/>Introducing our proud collection named \u201cBuilding Dreams of China Airlines: PLA Special Forces Command Combat Vehicle\u201d you should not miss.&nbsp;<br \/>&nbsp;<br \/>PLA Special Forces Command Combat Vehicle is the newest addition to the PLA series of building block sets. The vehicle is as close as you can get to a real military vehicle with a combat experience. It includes 576 building blocks that make it easy for you to build your own unique and creative model of the vehicle<\/div>","protected":false},"excerpt":{"rendered":"<p>M\u00e1rka: CoGo<br \/>\nNem: Uniszex<br \/>\nKoroszt\u00e1ly: &gt; 6 \u00e9v<br \/>\nModel Number: 17011<br \/>\nBesorol\u00e1s: \u00d6sszeszerel\u00e9s<br \/>\nM\u0171anyag blokk forma: \u00f6nz\u00e1r\u00f3 t\u00e9gla<br \/>\nAnyaga: M\u0171anyag<br \/>\nM\u0171anyag t\u00edpus: ABS<br \/>\nBricks Blocks: 576 +<br \/>\nEl\u0151v\u00e9tel<\/p>","protected":false},"featured_media":41975,"comment_status":"open","ping_status":"closed","template":"","meta":{"_acf_changed":false},"product_cat":[1350,1395,372,390],"product_tag":[727,10892,11364,11372,11371,374,11327],"class_list":["product","first","outofstock","shipping-taxable","purchasable","product-type-simple"],"acf":[],"_links":{"self":[{"href":"https:\/\/mouldking.store\/hu\/wp-json\/wp\/v2\/product\/41976","targetHints":{"allow":["GET"]}}],"collection":[{"href":"https:\/\/mouldking.store\/hu\/wp-json\/wp\/v2\/product"}],"about":[{"href":"https:\/\/mouldking.store\/hu\/wp-json\/wp\/v2\/types\/product"}],"replies":[{"embeddable":true,"href":"https:\/\/mouldking.store\/hu\/wp-json\/wp\/v2\/comments?post=41976"}],"wp:featuredmedia":[{"embeddable":true,"href":"https:\/\/mouldking.store\/hu\/wp-json\/wp\/v2\/media\/41975"}],"wp:attachment":[{"href":"https:\/\/mouldking.store\/hu\/wp-json\/wp\/v2\/media?parent=41976"}],"wp:term":[{"taxonomy":"product_cat","embeddable":true,"href":"https:\/\/mouldking.store\/hu\/wp-json\/wp\/v2\/product_cat?post=41976"},{"taxonomy":"product_tag","embeddable":true,"href":"https:\/\/mouldking.store\/hu\/wp-json\/wp\/v2\/product_tag?post=41976"}],"curies":[{"name":"wp","href":"https:\/\/api.w.org\/{rel}","templated":true}]}}