{"id":41979,"date":"2022-02-20T18:09:46","date_gmt":"2022-02-20T11:09:46","guid":{"rendered":"https:\/\/mouldking.store\/shop\/cogo-17009-building-dreams-of-china-airlines-tracked-armored-engineering-vehicle-with-357-pieces\/"},"modified":"2023-03-10T11:02:43","modified_gmt":"2023-03-10T04:02:43","slug":"cogo-17009-building-dreams-of-china-airlines-tracked-armored-engineering-vehicle-with-357-pieces","status":"publish","type":"product","link":"https:\/\/mouldking.store\/hu\/shop\/cogo-17009-building-dreams-of-china-airlines-tracked-armored-engineering-vehicle-with-357-pieces\/","title":{"rendered":"CoGo 17009 Building Dreams of China Airlines: L\u00e1nctalpas p\u00e1nc\u00e9lozott m\u00e9rn\u00f6ki j\u00e1rm\u0171 357 darabbal"},"content":{"rendered":"<div>\u2705 COGO 17009 Building Dreams of China Airlines: L\u00e1nctalpas p\u00e1nc\u00e9lozott m\u00e9rn\u00f6ki j\u00e1rm\u0171<br \/>&nbsp;<br \/>\u2705A l\u00e1nctalpas p\u00e1nc\u00e9lozott m\u00e9rn\u00f6ki j\u00e1rm\u0171 egyfajta katonai j\u00e1rm\u0171, amelyet k\u00fcl\u00f6nf\u00e9le m\u00e9rn\u00f6ki feladatok elv\u00e9gz\u00e9s\u00e9re haszn\u00e1lnak harci \u00e9s egy\u00e9b m\u0171veletekben. Ezek a j\u00e1rm\u0171vek jellemz\u0151en l\u00e1nctalpas alv\u00e1zon alapulnak, ami lehet\u0151v\u00e9 teszi sz\u00e1mukra, hogy neh\u00e9z terepen k\u00f6zlekedjenek, \u00e9s nagy teherb\u00edr\u00e1s\u00fa t\u00e1mogat\u00e1st ny\u00fajtsanak a terepen l\u00e9v\u0151 t\u00f6bbi j\u00e1rm\u0171nek \u00e9s csapatnak.<br \/>&nbsp;<br \/>\ud83d\udeab FONTOS!&nbsp;<br \/>&nbsp;<br \/>Term\u00e9kn\u00e9v: A China Airlines \u00e1lmainak \u00e9p\u00edt\u00e9se: L\u00e1nctalpas p\u00e1nc\u00e9lozott m\u00e9rn\u00f6ki j\u00e1rm\u0171<br \/>&nbsp;<br \/>Kateg\u00f3ria: Katonai<br \/>&nbsp;<br \/>A k\u00e9szlet tartalma: COGO 17009<br \/>&nbsp;<br \/>357 db J\u00f3 min\u0151s\u00e9g\u0171 t\u00e9gla&nbsp;<br \/>&nbsp;<br \/>K\u00e9zi utas\u00edt\u00e1sok&nbsp;<br \/>&nbsp;<br \/>\ud83d\udcccA f\u0151szerepl\u0151 term\u00e9szete&nbsp;<br \/>&nbsp;<br \/>Bemutatjuk a \u201eBuilding Dreams of China Airlines: Tracked Armored Engineering Vehicle\u201d nev\u0171 b\u00fcszke kollekci\u00f3nkat, amelyet nem szabad kihagyni.&nbsp;<br \/>&nbsp;<br \/>A l\u00e1nctalpas p\u00e1nc\u00e9lozott m\u00e9rn\u00f6ki j\u00e1rm\u0171 saj\u00e1tos k\u00e9pess\u00e9gei a tervez\u00e9st\u0151l \u00e9s a tervezett felhaszn\u00e1l\u00e1st\u00f3l f\u00fcgg\u0151en nagyon elt\u00e9r\u0151ek lehetnek. Ezeknek a j\u00e1rm\u0171veknek n\u00e9h\u00e1ny k\u00f6z\u00f6s jellemz\u0151je a buld\u00f3zerlap\u00e1tok, az \u00e1sat\u00e1si berendez\u00e9sek \u00e9s egy\u00e9b speci\u00e1lis eszk\u00f6z\u00f6k \u00e9s tartoz\u00e9kok az akad\u00e1lyok elh\u00e1r\u00edt\u00e1s\u00e1hoz, er\u0151d\u00edtm\u00e9nyek \u00e9p\u00edt\u00e9s\u00e9hez, valamint utak \u00e9s egy\u00e9b infrastrukt\u00fara jav\u00edt\u00e1s\u00e1hoz. Ezeket a j\u00e1rm\u0171veket sz\u00e1mos v\u00e9delmi eszk\u00f6zzel is felszerelhetik, p\u00e9ld\u00e1ul p\u00e1nc\u00e9loz\u00e1ssal, f\u00fcstelvezet\u0151kkel \u00e9s g\u00e9ppusk\u00e1kkal, hogy megv\u00e9dj\u00e9k \u0151ket \u00e9s leg\u00e9nys\u00e9g\u00fcket az ellens\u00e9ges t\u0171zt\u0151l.<\/div>","protected":false},"excerpt":{"rendered":"<p>M\u00e1rka: CoGo<br \/>\nNem: Uniszex<br \/>\nKoroszt\u00e1ly: &gt; 6 \u00e9v<br \/>\nModellsz\u00e1m: 17009<br \/>\nBesorol\u00e1s: \u00d6sszeszerel\u00e9s<br \/>\nM\u0171anyag blokk forma: \u00f6nz\u00e1r\u00f3 t\u00e9gla<br \/>\nAnyaga: M\u0171anyag<br \/>\nM\u0171anyag t\u00edpus: ABS<br \/>\nT\u00e9gla blokkok: 357 +<br \/>\nEl\u0151v\u00e9tel<\/p>","protected":false},"featured_media":41977,"comment_status":"open","ping_status":"closed","template":"","meta":{"_acf_changed":false},"product_cat":[1350,1357,372,364],"product_tag":[11221,10892,11364,11140,374,389,11373,2803],"class_list":["product","first","outofstock","shipping-taxable","purchasable","product-type-simple"],"acf":[],"_links":{"self":[{"href":"https:\/\/mouldking.store\/hu\/wp-json\/wp\/v2\/product\/41979","targetHints":{"allow":["GET"]}}],"collection":[{"href":"https:\/\/mouldking.store\/hu\/wp-json\/wp\/v2\/product"}],"about":[{"href":"https:\/\/mouldking.store\/hu\/wp-json\/wp\/v2\/types\/product"}],"replies":[{"embeddable":true,"href":"https:\/\/mouldking.store\/hu\/wp-json\/wp\/v2\/comments?post=41979"}],"wp:featuredmedia":[{"embeddable":true,"href":"https:\/\/mouldking.store\/hu\/wp-json\/wp\/v2\/media\/41977"}],"wp:attachment":[{"href":"https:\/\/mouldking.store\/hu\/wp-json\/wp\/v2\/media?parent=41979"}],"wp:term":[{"taxonomy":"product_cat","embeddable":true,"href":"https:\/\/mouldking.store\/hu\/wp-json\/wp\/v2\/product_cat?post=41979"},{"taxonomy":"product_tag","embeddable":true,"href":"https:\/\/mouldking.store\/hu\/wp-json\/wp\/v2\/product_tag?post=41979"}],"curies":[{"name":"wp","href":"https:\/\/api.w.org\/{rel}","templated":true}]}}