{"id":41993,"date":"2023-02-22T09:51:59","date_gmt":"2023-02-22T02:51:59","guid":{"rendered":"https:\/\/mouldking.store\/shop\/mould-king-10012-cadi-elrado-car-with-1245-pieces\/"},"modified":"2023-02-22T09:51:59","modified_gmt":"2023-02-22T02:51:59","slug":"mould-king-10012-cadi-elrado-car-with-1245-pieces","status":"publish","type":"product","link":"https:\/\/mouldking.store\/hu\/shop\/mould-king-10012-cadi-elrado-car-with-1245-pieces\/","title":{"rendered":"MOULD KING 10012 Cadi-Elrado Car with 1245 Pieces"},"content":{"rendered":"<div>\u2705 Mould King 10012 Cadi-Elrado Car<br \/>&nbsp;<br \/>\u2705&#8221;Cadillac Eldorado&#8221; (often shortened to &#8220;El Dorado&#8221; or simply &#8220;Eldo&#8221;) is a luxury car model produced by the Cadillac division of General Motors from 1953 to 2002. It was one of Cadillac&#8217;s longest-running and most successful models, known for its elegant styling, advanced features, and powerful engines.<br \/>&nbsp;<br \/>\ud83d\udeab FONTOS!&nbsp;<br \/>&nbsp;<br \/>Product Name: Cadi-Elrado Car<br \/>&nbsp;<br \/>Kateg\u00f3ria: M\u0171szaki<br \/>&nbsp;<br \/>This Kit Contains: Mould King 10012<br \/>&nbsp;<br \/>1245 pcs Good Quality Bricks&nbsp;<br \/>&nbsp;<br \/>Size: 8.5 x 13.5 x 35cm<br \/>&nbsp;<br \/>K\u00e9zi utas\u00edt\u00e1sok&nbsp;<br \/>&nbsp;<br \/>\ud83d\udcccA f\u0151szerepl\u0151 term\u00e9szete&nbsp;<br \/>&nbsp;<br \/>Introducing our proud collection named \u201cCadi-Elrado Car\u201d you should not miss.&nbsp;<br \/>&nbsp;<br \/>The Cadillac Eldorado went through several design changes over the years, including a shift from full-size to mid-size in the 1980s. Some of the most notable features of the Eldorado included its distinctive tailfins in the 1950s and 60s, its front-wheel drive system in the 1960s and 70s, and its advanced electronic controls and fuel injection in the 1980s and beyond. Today, the Cadillac Eldorado remains a popular collector&#8217;s car and symbol of American automotive luxury and innovation.<\/div>","protected":false},"excerpt":{"rendered":"<p>M\u00e1rka: MOLD KING<br \/>\nNem: Uniszex<br \/>\nKoroszt\u00e1ly: 8 \u00e9v felett<br \/>\nModel Number: 10012<br \/>\nBesorol\u00e1s: \u00d6sszeszerel\u00e9s<br \/>\nM\u0171anyag blokk forma: \u00f6nz\u00e1r\u00f3 t\u00e9gla<br \/>\nAnyaga: M\u0171anyag<br \/>\nM\u0171anyag t\u00edpus: ABS<br \/>\nBricks Blocks: 1245 +<br \/>\nNincs doboz<\/p>","protected":false},"featured_media":41987,"comment_status":"open","ping_status":"closed","template":"","meta":{"_acf_changed":false},"product_cat":[1360,1357,364],"product_tag":[457,389,11080],"class_list":["product","first","instock","shipping-taxable","purchasable","product-type-simple"],"acf":[],"_links":{"self":[{"href":"https:\/\/mouldking.store\/hu\/wp-json\/wp\/v2\/product\/41993","targetHints":{"allow":["GET"]}}],"collection":[{"href":"https:\/\/mouldking.store\/hu\/wp-json\/wp\/v2\/product"}],"about":[{"href":"https:\/\/mouldking.store\/hu\/wp-json\/wp\/v2\/types\/product"}],"replies":[{"embeddable":true,"href":"https:\/\/mouldking.store\/hu\/wp-json\/wp\/v2\/comments?post=41993"}],"wp:featuredmedia":[{"embeddable":true,"href":"https:\/\/mouldking.store\/hu\/wp-json\/wp\/v2\/media\/41987"}],"wp:attachment":[{"href":"https:\/\/mouldking.store\/hu\/wp-json\/wp\/v2\/media?parent=41993"}],"wp:term":[{"taxonomy":"product_cat","embeddable":true,"href":"https:\/\/mouldking.store\/hu\/wp-json\/wp\/v2\/product_cat?post=41993"},{"taxonomy":"product_tag","embeddable":true,"href":"https:\/\/mouldking.store\/hu\/wp-json\/wp\/v2\/product_tag?post=41993"}],"curies":[{"name":"wp","href":"https:\/\/api.w.org\/{rel}","templated":true}]}}