{"id":42006,"date":"2023-02-22T10:05:17","date_gmt":"2023-02-22T03:05:17","guid":{"rendered":"https:\/\/mouldking.store\/shop\/rastar-99300-audi-r8-lms-gt3-sports-car-with-3314-pieces\/"},"modified":"2024-05-10T08:09:55","modified_gmt":"2024-05-10T01:09:55","slug":"rastar-99300-audi-r8-lms-gt3-sports-car-with-3314-pieces","status":"publish","type":"product","link":"https:\/\/mouldking.store\/hu\/shop\/rastar-99300-audi-r8-lms-gt3-sports-car-with-3314-pieces\/","title":{"rendered":"Rastar 99300 Audi R8 LMS GT3 sportaut\u00f3 3314 darabbal"},"content":{"rendered":"<div>\u2705 RASTAR 99300 Audi R8 LMS GT3 Sports Car<br \/>&nbsp;<br \/>\u2705The Audi R8 LMS GT3 is a high-performance sports car designed and manufactured by the German automotive company Audi for GT3 racing. GT3 racing is a popular class of international motorsport where specially designed sports cars compete in endurance races.<br \/>&nbsp;<br \/>\ud83d\udeab FONTOS!&nbsp;<br \/>&nbsp;<br \/>Product Name: Audi R8 LMS GT3 Sports Car<br \/>&nbsp;<br \/>Kateg\u00f3ria: M\u0171szaki<br \/>&nbsp;<br \/>This Kit Contains: RASTAR 99300&nbsp;<br \/>&nbsp;<br \/>3314 pcs Good Quality Bricks&nbsp;<br \/>&nbsp;<br \/>Size: 56.5 \u00d7 27 \u00d7 14 cm<br \/>&nbsp;<br \/>K\u00e9zi utas\u00edt\u00e1sok&nbsp;<br \/>&nbsp;<br \/>\ud83d\udcccA f\u0151szerepl\u0151 term\u00e9szete&nbsp;<br \/>&nbsp;<br \/>Introducing our proud collection named \u201cAudi R8 LMS GT3 Sports Car\u201d you should not miss.&nbsp;<br \/>&nbsp;<br \/>The Audi R8 LMS GT3 is based on the Audi R8 road car and has been extensively modified for racing, with a lightweight body, aerodynamic enhancements, and a powerful V10 engine. It features a mid-engine layout for optimal weight distribution, advanced suspension and braking systems, and a six-speed sequential gearbox.<\/div>","protected":false},"excerpt":{"rendered":"<p>M\u00e1rka: Rastar<br \/>\nNem: Uniszex<br \/>\nKorhat\u00e1r: 14 \u00e9v felett<br \/>\nModel Number: 99300<br \/>\nBesorol\u00e1s: \u00d6sszeszerel\u00e9s<br \/>\nM\u0171anyag blokk forma: \u00f6nz\u00e1r\u00f3 t\u00e9gla<br \/>\nAnyaga: M\u0171anyag<br \/>\nM\u0171anyag t\u00edpus: ABS<br \/>\nBricks Blocks: 3314 +<br \/>\nNincs doboz<\/p>","protected":false},"featured_media":41999,"comment_status":"open","ping_status":"closed","template":"","meta":{"_acf_changed":false},"product_cat":[1360,1357,364],"product_tag":[1845,457,11375,11150,389,11080],"class_list":["product","first","instock","shipping-taxable","purchasable","product-type-simple"],"acf":[],"_links":{"self":[{"href":"https:\/\/mouldking.store\/hu\/wp-json\/wp\/v2\/product\/42006","targetHints":{"allow":["GET"]}}],"collection":[{"href":"https:\/\/mouldking.store\/hu\/wp-json\/wp\/v2\/product"}],"about":[{"href":"https:\/\/mouldking.store\/hu\/wp-json\/wp\/v2\/types\/product"}],"replies":[{"embeddable":true,"href":"https:\/\/mouldking.store\/hu\/wp-json\/wp\/v2\/comments?post=42006"}],"wp:featuredmedia":[{"embeddable":true,"href":"https:\/\/mouldking.store\/hu\/wp-json\/wp\/v2\/media\/41999"}],"wp:attachment":[{"href":"https:\/\/mouldking.store\/hu\/wp-json\/wp\/v2\/media?parent=42006"}],"wp:term":[{"taxonomy":"product_cat","embeddable":true,"href":"https:\/\/mouldking.store\/hu\/wp-json\/wp\/v2\/product_cat?post=42006"},{"taxonomy":"product_tag","embeddable":true,"href":"https:\/\/mouldking.store\/hu\/wp-json\/wp\/v2\/product_tag?post=42006"}],"curies":[{"name":"wp","href":"https:\/\/api.w.org\/{rel}","templated":true}]}}