{"id":42011,"date":"2023-02-22T10:14:34","date_gmt":"2023-02-22T03:14:34","guid":{"rendered":"https:\/\/mouldking.store\/shop\/dk-1513-demon-slayer-hashibira-inosuke-sun-wheel-knife-with-838-pieces\/"},"modified":"2026-02-11T16:44:53","modified_gmt":"2026-02-11T09:44:53","slug":"dk-1513-demon-slayer-hashibira-inosuke-sun-wheel-knife-with-838-pieces","status":"publish","type":"product","link":"https:\/\/mouldking.store\/hu\/shop\/dk-1513-demon-slayer-hashibira-inosuke-sun-wheel-knife-with-838-pieces\/","title":{"rendered":"DK 1513 Demon Slayer: Hashibira Inosuke Sun Wheel k\u00e9s 838 darabbal"},"content":{"rendered":"<div>\u2705 DK 1513 Demon Slayer: Hashibira Inosuke Sun Wheel Knife<\/p>\n<p>\u2705Hashibira Inosuke is a character in the anime and manga series &#8220;Demon Slayer: Kimetsu no Yaiba&#8221;. He is one of the main protagonists in the series and a member of the Demon Slayer Corps. Inosuke is known for his boar-like appearance, fearless personality, and his unique weapon, the Sun Wheel Knife.<\/p>\n<p>\ud83d\udeab FONTOS!<\/p>\n<p>Product Name: Demon Slayer: Hashibira Inosuke Sun Wheel Knife<\/p>\n<p>Kateg\u00f3ria: Film<\/p>\n<p>This Kit Contains: DK 1513<\/p>\n<p>838 pcs Good Quality Bricks<\/p>\n<p>K\u00e9zi utas\u00edt\u00e1sok<\/p>\n<p>\ud83d\udcccA f\u0151szerepl\u0151 term\u00e9szete<\/p>\n<p>Introducing our proud collection named \u201cDemon Slayer: Hashibira Inosuke Sun Wheel Knife\u201d you should not miss.<\/p>\n<p>The Sun Wheel Knife is a pair of curved blades attached to a central hub, which can be spun rapidly to create a powerful whirlwind that can deflect attacks and cut through demon flesh. Inosuke&#8217;s fighting style is highly acrobatic and aggressive, often relying on his speed and agility to evade and counter his opponents.<\/p><\/div>","protected":false},"excerpt":{"rendered":"<p>M\u00e1rka: DK<br \/>\nNem: Uniszex<br \/>\nKoroszt\u00e1ly: &gt; 6 \u00e9v<br \/>\nModel Number: 1513<br \/>\nBesorol\u00e1s: \u00d6sszeszerel\u00e9s<br \/>\nM\u0171anyag blokk forma: \u00f6nz\u00e1r\u00f3 t\u00e9gla<br \/>\nAnyaga: M\u0171anyag<br \/>\nM\u0171anyag t\u00edpus: ABS<br \/>\nBricks Blocks: 838 +<br \/>\nNincs doboz<\/p>","protected":false},"featured_media":42007,"comment_status":"open","ping_status":"closed","template":"","meta":{"_acf_changed":false},"product_cat":[581,1408],"product_tag":[2977,11377,11376,11378,7828,434,11379],"class_list":["product","first","instock","shipping-taxable","purchasable","product-type-simple"],"acf":[],"_links":{"self":[{"href":"https:\/\/mouldking.store\/hu\/wp-json\/wp\/v2\/product\/42011","targetHints":{"allow":["GET"]}}],"collection":[{"href":"https:\/\/mouldking.store\/hu\/wp-json\/wp\/v2\/product"}],"about":[{"href":"https:\/\/mouldking.store\/hu\/wp-json\/wp\/v2\/types\/product"}],"replies":[{"embeddable":true,"href":"https:\/\/mouldking.store\/hu\/wp-json\/wp\/v2\/comments?post=42011"}],"wp:featuredmedia":[{"embeddable":true,"href":"https:\/\/mouldking.store\/hu\/wp-json\/wp\/v2\/media\/42007"}],"wp:attachment":[{"href":"https:\/\/mouldking.store\/hu\/wp-json\/wp\/v2\/media?parent=42011"}],"wp:term":[{"taxonomy":"product_cat","embeddable":true,"href":"https:\/\/mouldking.store\/hu\/wp-json\/wp\/v2\/product_cat?post=42011"},{"taxonomy":"product_tag","embeddable":true,"href":"https:\/\/mouldking.store\/hu\/wp-json\/wp\/v2\/product_tag?post=42011"}],"curies":[{"name":"wp","href":"https:\/\/api.w.org\/{rel}","templated":true}]}}