{"id":42015,"date":"2023-02-22T10:29:52","date_gmt":"2023-02-22T03:29:52","guid":{"rendered":"https:\/\/mouldking.store\/shop\/moc-factory-90167-hookfang-dragon-with-123-pieces\/"},"modified":"2025-12-16T22:25:16","modified_gmt":"2025-12-16T15:25:16","slug":"moc-factory-90167-hookfang-dragon-with-123-pieces","status":"publish","type":"product","link":"https:\/\/mouldking.store\/hu\/shop\/moc-factory-90167-hookfang-dragon-with-123-pieces\/","title":{"rendered":"MOC Factory 90167 Hookfang Dragon 123 darabbal"},"content":{"rendered":"<div>\u2705 MOC-90167 Hookfang Dragon<\/p>\n<p>\u2705Hookfang egy s\u00e1rk\u00e1nykarakter a DreamWorks \u201eHow to Train Your Dragon\u201d c\u00edm\u0171 anim\u00e1ci\u00f3s filmb\u0151l. \u0150 az egyik f\u0151 s\u00e1rk\u00e1ny a sorozatban, \u00e9s Snotlout karakter lovagolja meg.<\/p>\n<p>\ud83d\udeab FONTOS!<\/p>\n<p>Term\u00e9k neve: Hookfang Dragon<\/p>\n<p>Kateg\u00f3ria: Film<\/p>\n<p>A k\u00e9szlet tartalma: MOC-90167<\/p>\n<p>123 db J\u00f3 min\u0151s\u00e9g\u0171 t\u00e9gla<\/p>\n<p>PDF \u00datmutat\u00f3<\/p>\n<p>\ud83d\udcccA f\u0151szerepl\u0151 term\u00e9szete<\/p>\n<p>Bemutatjuk a \u201eHookfang Dragon\u201d nev\u0171 b\u00fcszke kollekci\u00f3nkat, amit nem szabad kihagyni.<\/p>\n<p>A Hookfang egy sz\u00f6rny\u0171 r\u00e9m\u00e1lom s\u00e1rk\u00e1ny, amely egy s\u00e1rk\u00e1nyfaj, amelyet v\u00f6r\u00f6s pikkelyei, nagy sz\u00e1rnyai \u00e9s er\u0151s t\u0171z lehelete jellemez. Hookfang k\u00fcl\u00f6n\u00f6sen nagy \u00e9s izmos, \u00e9s jellegzetes t\u00fcsk\u00e9k futnak v\u00e9gig a h\u00e1t\u00e1n. A sorozatban Hookfang er\u0151s akarat\u00e1r\u00f3l \u00e9s makacs szem\u00e9lyis\u00e9g\u00e9r\u0151l ismert, gyakran \u00fctk\u00f6zik Snotlout-tal, \u00e9s kem\u00e9ny kezet ig\u00e9nyel a k\u00e9pz\u00e9shez. Ugyanakkor nagyon h\u0171s\u00e9ges \u00e9s v\u00e9di lovas\u00e1t \u00e9s a csoport t\u00f6bbi s\u00e1rk\u00e1ny\u00e1t.<\/p><\/div>","protected":false},"excerpt":{"rendered":"<p>M\u00e1rka: MOC Factory<br \/>\nNem: Uniszex<br \/>\nKoroszt\u00e1ly: &gt; 6 \u00e9v<br \/>\nModellsz\u00e1m: 90167<br \/>\nBesorol\u00e1s: \u00d6sszeszerel\u00e9s<br \/>\nM\u0171anyag blokk forma: \u00f6nz\u00e1r\u00f3 t\u00e9gla<br \/>\nAnyaga: M\u0171anyag<br \/>\nM\u0171anyag t\u00edpus: ABS<br \/>\nT\u00e9gla T\u00e9gla: 123+<br \/>\nNincs doboz<\/p>","protected":false},"featured_media":42014,"comment_status":"open","ping_status":"closed","template":"","meta":{"_acf_changed":false},"product_cat":[1365,581,1408],"product_tag":[8452,1771,11382,434],"class_list":["product","first","instock","shipping-taxable","purchasable","product-type-simple"],"acf":[],"_links":{"self":[{"href":"https:\/\/mouldking.store\/hu\/wp-json\/wp\/v2\/product\/42015","targetHints":{"allow":["GET"]}}],"collection":[{"href":"https:\/\/mouldking.store\/hu\/wp-json\/wp\/v2\/product"}],"about":[{"href":"https:\/\/mouldking.store\/hu\/wp-json\/wp\/v2\/types\/product"}],"replies":[{"embeddable":true,"href":"https:\/\/mouldking.store\/hu\/wp-json\/wp\/v2\/comments?post=42015"}],"wp:featuredmedia":[{"embeddable":true,"href":"https:\/\/mouldking.store\/hu\/wp-json\/wp\/v2\/media\/42014"}],"wp:attachment":[{"href":"https:\/\/mouldking.store\/hu\/wp-json\/wp\/v2\/media?parent=42015"}],"wp:term":[{"taxonomy":"product_cat","embeddable":true,"href":"https:\/\/mouldking.store\/hu\/wp-json\/wp\/v2\/product_cat?post=42015"},{"taxonomy":"product_tag","embeddable":true,"href":"https:\/\/mouldking.store\/hu\/wp-json\/wp\/v2\/product_tag?post=42015"}],"curies":[{"name":"wp","href":"https:\/\/api.w.org\/{rel}","templated":true}]}}