{"id":42027,"date":"2023-02-22T10:41:32","date_gmt":"2023-02-22T03:41:32","guid":{"rendered":"https:\/\/mouldking.store\/shop\/reobrix-688-speed-champions-blue-rolls-royce-boat-tai-racer-car-with-417-pieces\/"},"modified":"2023-02-22T10:41:32","modified_gmt":"2023-02-22T03:41:32","slug":"reobrix-688-speed-champions-blue-rolls-royce-boat-tai-racer-car-with-417-pieces","status":"publish","type":"product","link":"https:\/\/mouldking.store\/hu\/shop\/reobrix-688-speed-champions-blue-rolls-royce-boat-tai-racer-car-with-417-pieces\/","title":{"rendered":"REOBRIX 688 Speed Champions Blue Rolls-Royce Boat Tai Racer Car 417 darabbal"},"content":{"rendered":"<div>\u2705 Reobrix 688 Speed Champions Blue Rolls-Royce Boat Tai Racer Car&nbsp;<br \/>&nbsp;<br \/>\u2705A Rolls-Royce Boat Tail val\u00f3j\u00e1ban egy luxusaut\u00f3 a Rolls-Royce-t\u00f3l, \u00e9s nem haj\u00f3 vagy versenyaut\u00f3. A Boat Tail modellt 2021 m\u00e1jus\u00e1ban mutatt\u00e1k be, \u00e9s egy nagym\u00e9rt\u00e9kben testreszabott, korl\u00e1tozott p\u00e9ld\u00e1nysz\u00e1m\u00fa j\u00e1rm\u0171, amelyet egy mag\u00e1n\u00fcgyf\u00e9l sz\u00e1m\u00e1ra k\u00e9sz\u00edtettek.<br \/>&nbsp;<br \/>\ud83d\udeab FONTOS!&nbsp;<br \/>&nbsp;<br \/>Term\u00e9k neve: Speed Champions Blue Rolls-Royce Boat Tai Racer Car&nbsp;<br \/>&nbsp;<br \/>Kateg\u00f3ria: M\u0171szaki<br \/>&nbsp;<br \/>A k\u00e9szlet tartalma: Reobrix 688<br \/>&nbsp;<br \/>417 db J\u00f3 min\u0151s\u00e9g\u0171 t\u00e9gla&nbsp;<br \/>&nbsp;<br \/>M\u00e9rete: 19,1 x 7,9 x 5,3 cm<br \/>&nbsp;<br \/>K\u00e9zi utas\u00edt\u00e1sok&nbsp;<br \/>&nbsp;<br \/>\ud83d\udcccA f\u0151szerepl\u0151 term\u00e9szete&nbsp;<br \/>&nbsp;<br \/>Bemutatjuk a \u201eSpeed Champions Blue Rolls-Royce Boat Tai Racer Car\u201d nev\u0171 b\u00fcszke kollekci\u00f3nkat, amelyet nem szabad kihagyni.&nbsp;<br \/>&nbsp;<br \/>A Rolls-Royce Boat Tail egy k\u00e9tajt\u00f3s, n\u00e9gy\u00fcl\u00e9ses kabri\u00f3, amelynek jellegzetes diz\u00e1jnj\u00e1t az 1920-as \u00e9s 1930-as \u00e9vek klasszikus, kocsiba \u00e9p\u00edtett aut\u00f3i ihlett\u00e9k. Hossz\u00fa motorh\u00e1ztet\u0151vel, alacsonyan d\u0151lt testtel \u00e9s elkeskenyed\u0151 h\u00e1ts\u00f3 r\u00e9sz\u00e9vel rendelkezik, amely egy cs\u00f3nak fark\u00e1ra eml\u00e9keztet. Az aut\u00f3 k\u00e9zzel k\u00e9sz\u00fclt, \u00e9s sz\u00e1mos egyedi r\u00e9szlettel rendelkezik, bele\u00e9rtve a k\u00e9zzel pol\u00edrozott alum\u00ednium karossz\u00e9ri\u00e1t, az egyedi kerekeket \u00e9s az egyedi \u00e9p\u00edt\u00e9s\u0171 m\u0171szerfalat.<\/div>","protected":false},"excerpt":{"rendered":"<p>M\u00e1rka: REOBRIX<br \/>\nNem: Uniszex<br \/>\nKorhat\u00e1r: 14 \u00e9v felett<br \/>\nModellsz\u00e1m: 688<br \/>\nBesorol\u00e1s: \u00d6sszeszerel\u00e9s<br \/>\nM\u0171anyag blokk forma: \u00f6nz\u00e1r\u00f3 t\u00e9gla<br \/>\nAnyaga: M\u0171anyag<br \/>\nM\u0171anyag t\u00edpus: ABS<br \/>\nT\u00e9gla blokkok: 417 +<br \/>\nNincs doboz<\/p>","protected":false},"featured_media":42023,"comment_status":"open","ping_status":"closed","template":"","meta":{"_acf_changed":false},"product_cat":[1360,1357,364],"product_tag":[6471,457,7761,3472,6633,11384,389,11080],"class_list":["product","first","instock","shipping-taxable","purchasable","product-type-simple"],"acf":[],"_links":{"self":[{"href":"https:\/\/mouldking.store\/hu\/wp-json\/wp\/v2\/product\/42027","targetHints":{"allow":["GET"]}}],"collection":[{"href":"https:\/\/mouldking.store\/hu\/wp-json\/wp\/v2\/product"}],"about":[{"href":"https:\/\/mouldking.store\/hu\/wp-json\/wp\/v2\/types\/product"}],"replies":[{"embeddable":true,"href":"https:\/\/mouldking.store\/hu\/wp-json\/wp\/v2\/comments?post=42027"}],"wp:featuredmedia":[{"embeddable":true,"href":"https:\/\/mouldking.store\/hu\/wp-json\/wp\/v2\/media\/42023"}],"wp:attachment":[{"href":"https:\/\/mouldking.store\/hu\/wp-json\/wp\/v2\/media?parent=42027"}],"wp:term":[{"taxonomy":"product_cat","embeddable":true,"href":"https:\/\/mouldking.store\/hu\/wp-json\/wp\/v2\/product_cat?post=42027"},{"taxonomy":"product_tag","embeddable":true,"href":"https:\/\/mouldking.store\/hu\/wp-json\/wp\/v2\/product_tag?post=42027"}],"curies":[{"name":"wp","href":"https:\/\/api.w.org\/{rel}","templated":true}]}}