{"id":42032,"date":"2023-02-22T10:46:24","date_gmt":"2023-02-22T03:46:24","guid":{"rendered":"https:\/\/mouldking.store\/shop\/reobrix-687-lamborghini-aventador-svj-racer-car-with-382-pieces\/"},"modified":"2023-02-22T10:46:24","modified_gmt":"2023-02-22T03:46:24","slug":"reobrix-687-lamborghini-aventador-svj-racer-car-with-382-pieces","status":"publish","type":"product","link":"https:\/\/mouldking.store\/hu\/shop\/reobrix-687-lamborghini-aventador-svj-racer-car-with-382-pieces\/","title":{"rendered":"REOBRIX 687 Lamborghini Aventador SVJ versenyaut\u00f3 382 darabbal"},"content":{"rendered":"<div>\u2705 Reobrix 687 Lamborghini Aventador SVJ Racer Car<br \/>&nbsp;<br \/>\u2705The Lamborghini Aventador SVJ is a high-performance supercar and a limited edition version of the Lamborghini Aventador. It was first introduced in 2018 and has since become one of the most sought-after supercars in the world.<br \/>&nbsp;<br \/>\ud83d\udeab FONTOS!&nbsp;<br \/>&nbsp;<br \/>Product Name: Lamborghini Aventador SVJ Racer Car<br \/>&nbsp;<br \/>Kateg\u00f3ria: M\u0171szaki<br \/>&nbsp;<br \/>This Kit Contains: Reobrix 687<br \/>&nbsp;<br \/>382 pcs Good Quality Bricks&nbsp;<br \/>&nbsp;<br \/>Size: 17.3 x 7.1 x 4.1 cm<br \/>&nbsp;<br \/>K\u00e9zi utas\u00edt\u00e1sok&nbsp;<br \/>&nbsp;<br \/>\ud83d\udcccA f\u0151szerepl\u0151 term\u00e9szete&nbsp;<br \/>&nbsp;<br \/>Introducing our proud collection named \u201cLamborghini Aventador SVJ Racer Car\u201d you should not miss.&nbsp;<br \/>&nbsp;<br \/>The Aventador SVJ is powered by a 6.5-liter V12 engine that produces 770 horsepower and 530 lb-ft of torque, making it one of the most powerful naturally aspirated engines in production. The car is capable of reaching a top speed of over 217 miles per hour and can accelerate from 0 to 60 miles per hour in just 2.8 seconds.<\/div>","protected":false},"excerpt":{"rendered":"<p>M\u00e1rka: REOBRIX<br \/>\nNem: Uniszex<br \/>\nKorhat\u00e1r: 14 \u00e9v felett<br \/>\nModel Number: 687<br \/>\nBesorol\u00e1s: \u00d6sszeszerel\u00e9s<br \/>\nM\u0171anyag blokk forma: \u00f6nz\u00e1r\u00f3 t\u00e9gla<br \/>\nAnyaga: M\u0171anyag<br \/>\nM\u0171anyag t\u00edpus: ABS<br \/>\nBricks Blocks: 382 +<br \/>\nNincs doboz<\/p>","protected":false},"featured_media":42028,"comment_status":"open","ping_status":"closed","template":"","meta":{"_acf_changed":false},"product_cat":[1360,1357,364],"product_tag":[7253,457,596,7761,389,11080],"class_list":["product","first","instock","shipping-taxable","purchasable","product-type-simple"],"acf":[],"_links":{"self":[{"href":"https:\/\/mouldking.store\/hu\/wp-json\/wp\/v2\/product\/42032","targetHints":{"allow":["GET"]}}],"collection":[{"href":"https:\/\/mouldking.store\/hu\/wp-json\/wp\/v2\/product"}],"about":[{"href":"https:\/\/mouldking.store\/hu\/wp-json\/wp\/v2\/types\/product"}],"replies":[{"embeddable":true,"href":"https:\/\/mouldking.store\/hu\/wp-json\/wp\/v2\/comments?post=42032"}],"wp:featuredmedia":[{"embeddable":true,"href":"https:\/\/mouldking.store\/hu\/wp-json\/wp\/v2\/media\/42028"}],"wp:attachment":[{"href":"https:\/\/mouldking.store\/hu\/wp-json\/wp\/v2\/media?parent=42032"}],"wp:term":[{"taxonomy":"product_cat","embeddable":true,"href":"https:\/\/mouldking.store\/hu\/wp-json\/wp\/v2\/product_cat?post=42032"},{"taxonomy":"product_tag","embeddable":true,"href":"https:\/\/mouldking.store\/hu\/wp-json\/wp\/v2\/product_tag?post=42032"}],"curies":[{"name":"wp","href":"https:\/\/api.w.org\/{rel}","templated":true}]}}