{"id":42042,"date":"2023-02-22T10:58:36","date_gmt":"2023-02-22T03:58:36","guid":{"rendered":"https:\/\/mouldking.store\/shop\/reobrix-685-bugatti-la-voiture-noire-racer-car-with-339-pieces\/"},"modified":"2023-02-22T10:58:36","modified_gmt":"2023-02-22T03:58:36","slug":"reobrix-685-bugatti-la-voiture-noire-racer-car-with-339-pieces","status":"publish","type":"product","link":"https:\/\/mouldking.store\/hu\/shop\/reobrix-685-bugatti-la-voiture-noire-racer-car-with-339-pieces\/","title":{"rendered":"REOBRIX 685 Bugatti La Voiture Noire Racer Car with 339 Pieces"},"content":{"rendered":"<div>\u2705 Reobrix 685 Bugatti La Voiture Noire Racer Car<\/p>\n<p>\u2705The Bugatti La Voiture Noire is a one-off, highly exclusive hypercar that was first unveiled at the 2019 Geneva Motor Show. It is considered to be one of the most expensive and exclusive cars ever produced, with a reported price tag of over $19 million.<\/p>\n<p>\ud83d\udeab FONTOS!<\/p>\n<p>Product Name: Bugatti La Voiture Noire Racer Car<\/p>\n<p>Kateg\u00f3ria: M\u0171szaki<\/p>\n<p>This Kit Contains: Reobrix 685<\/p>\n<p>339 pcs Good Quality Bricks<\/p>\n<p>Size: 17.1 x 7.3 x 4.3 cm<\/p>\n<p>K\u00e9zi utas\u00edt\u00e1sok<\/p>\n<p>\ud83d\udcccA f\u0151szerepl\u0151 term\u00e9szete<\/p>\n<p>Introducing our proud collection named \u201cBugatti La Voiture Noire Racer Car\u201d you should not miss.<\/p>\n<p>The La Voiture Noire is based on the Bugatti Chiron, but features a number of unique design elements that set it apart from other Bugatti models. It has a sleek and aerodynamic body, with a long, sloping hood and a distinctive &#8220;C&#8221; shaped line that runs from the front fender to the rear wheel arch.<\/p><\/div>","protected":false},"excerpt":{"rendered":"<p>M\u00e1rka: REOBRIX<br \/>\nNem: Uniszex<br \/>\nKorhat\u00e1r: 14 \u00e9v felett<br \/>\nModel Number: 685<br \/>\nBesorol\u00e1s: \u00d6sszeszerel\u00e9s<br \/>\nM\u0171anyag blokk forma: \u00f6nz\u00e1r\u00f3 t\u00e9gla<br \/>\nAnyaga: M\u0171anyag<br \/>\nM\u0171anyag t\u00edpus: ABS<br \/>\nBricks Blocks: 339 +<br \/>\nNincs doboz<\/p>","protected":false},"featured_media":42038,"comment_status":"open","ping_status":"closed","template":"","meta":{"_acf_changed":false},"product_cat":[1360,1357,364],"product_tag":[1730,11385,457,11386,7761,389,11080],"class_list":["product","first","instock","shipping-taxable","purchasable","product-type-simple"],"acf":[],"_links":{"self":[{"href":"https:\/\/mouldking.store\/hu\/wp-json\/wp\/v2\/product\/42042","targetHints":{"allow":["GET"]}}],"collection":[{"href":"https:\/\/mouldking.store\/hu\/wp-json\/wp\/v2\/product"}],"about":[{"href":"https:\/\/mouldking.store\/hu\/wp-json\/wp\/v2\/types\/product"}],"replies":[{"embeddable":true,"href":"https:\/\/mouldking.store\/hu\/wp-json\/wp\/v2\/comments?post=42042"}],"wp:featuredmedia":[{"embeddable":true,"href":"https:\/\/mouldking.store\/hu\/wp-json\/wp\/v2\/media\/42038"}],"wp:attachment":[{"href":"https:\/\/mouldking.store\/hu\/wp-json\/wp\/v2\/media?parent=42042"}],"wp:term":[{"taxonomy":"product_cat","embeddable":true,"href":"https:\/\/mouldking.store\/hu\/wp-json\/wp\/v2\/product_cat?post=42042"},{"taxonomy":"product_tag","embeddable":true,"href":"https:\/\/mouldking.store\/hu\/wp-json\/wp\/v2\/product_tag?post=42042"}],"curies":[{"name":"wp","href":"https:\/\/api.w.org\/{rel}","templated":true}]}}