{"id":42049,"date":"2023-02-22T11:03:58","date_gmt":"2023-02-22T04:03:58","guid":{"rendered":"https:\/\/mouldking.store\/shop\/52toys-bb-29sz-subzero-with-400-pieces\/"},"modified":"2023-02-22T11:03:58","modified_gmt":"2023-02-22T04:03:58","slug":"52toys-bb-29sz-subzero-with-400-pieces","status":"publish","type":"product","link":"https:\/\/mouldking.store\/hu\/shop\/52toys-bb-29sz-subzero-with-400-pieces\/","title":{"rendered":"52J\u00c1T\u00c9K BB-29SZ SUBZERO 400 darabbal"},"content":{"rendered":"<div>\u2705 52TOYS BB-29SZ SUBZERO<br \/>&nbsp;<br \/>\u2705 A SUBZERO az 52TOYS BeastBox j\u00e1t\u00e9kcsal\u00e1d szerepl\u0151je, pontosabban a BB-29SZ modell. A BeastBox j\u00e1t\u00e9kok gy\u0171jthet\u0151 figur\u00e1k, amelyek \u00e1llati form\u00e1kb\u00f3l robotform\u00e1kk\u00e1 v\u00e1ltozhatnak, \u00e9s vissza.<br \/>&nbsp;<br \/>\ud83d\udeab FONTOS!&nbsp;<br \/>&nbsp;<br \/>Term\u00e9k neve: SUBZERO<br \/>&nbsp;<br \/>Kateg\u00f3ria: Alkot\u00f3&nbsp;<br \/>&nbsp;<br \/>A k\u00e9szlet tartalma: 52TOYS BB-29SZ<br \/>&nbsp;<br \/>400 db j\u00f3 min\u0151s\u00e9g\u0171 t\u00e9gla&nbsp;<br \/>&nbsp;<br \/>M\u00e9rete: 16 cm<br \/>&nbsp;<br \/>K\u00e9zi utas\u00edt\u00e1sok&nbsp;<br \/>&nbsp;<br \/>\ud83d\udcccA f\u0151szerepl\u0151 term\u00e9szete&nbsp;<br \/>&nbsp;<br \/>Bemutatjuk b\u00fcszke \u201eSUBZERO\u201d nev\u0171 kollekci\u00f3nkat, amelyet nem szabad kihagyni.&nbsp;<br \/>&nbsp;<br \/>A SUBZERO-t \u00fagy tervezt\u00e9k, hogy egy jegesmedv\u00e9re hasonl\u00edtson, feh\u00e9r \u00e9s k\u00e9k sz\u00ednvil\u00e1ggal \u00e9s kock\u00e1s, sz\u00f6gletes megjelen\u00e9ssel. Robot m\u00f3dban a SUBZERO er\u0151teljes \u00e9s impoz\u00e1ns megjelen\u00e9s\u0171, nagy, karmos kezekkel \u00e9s heves arckifejez\u00e9ssel. A figur\u00e1nak sz\u00e1mos artikul\u00e1ci\u00f3s pontja is van, ami sokf\u00e9le p\u00f3zol\u00e1si lehet\u0151s\u00e9get tesz lehet\u0151v\u00e9.<\/div>","protected":false},"excerpt":{"rendered":"<p>M\u00e1rka: 52TOYS<br \/>\nNem: Uniszex<br \/>\nKoroszt\u00e1ly: &gt; 6 \u00e9v<br \/>\nModellsz\u00e1m: BB-29SZ<br \/>\nBesorol\u00e1s: \u00d6sszeszerel\u00e9s<br \/>\nM\u0171anyag blokk forma: \u00f6nz\u00e1r\u00f3 t\u00e9gla<br \/>\nAnyaga: M\u0171anyag<br \/>\nM\u0171anyag t\u00edpus: ABS<br \/>\nT\u00e9gla T\u00e9gla: 400+<br \/>\nA darabok v\u00e1ltozhatnak<\/p>","protected":false},"featured_media":42043,"comment_status":"open","ping_status":"closed","template":"","meta":{"_acf_changed":false},"product_cat":[1365,371],"product_tag":[11072,8452,11387],"class_list":["product","first","instock","shipping-taxable","purchasable","product-type-simple"],"acf":[],"_links":{"self":[{"href":"https:\/\/mouldking.store\/hu\/wp-json\/wp\/v2\/product\/42049","targetHints":{"allow":["GET"]}}],"collection":[{"href":"https:\/\/mouldking.store\/hu\/wp-json\/wp\/v2\/product"}],"about":[{"href":"https:\/\/mouldking.store\/hu\/wp-json\/wp\/v2\/types\/product"}],"replies":[{"embeddable":true,"href":"https:\/\/mouldking.store\/hu\/wp-json\/wp\/v2\/comments?post=42049"}],"wp:featuredmedia":[{"embeddable":true,"href":"https:\/\/mouldking.store\/hu\/wp-json\/wp\/v2\/media\/42043"}],"wp:attachment":[{"href":"https:\/\/mouldking.store\/hu\/wp-json\/wp\/v2\/media?parent=42049"}],"wp:term":[{"taxonomy":"product_cat","embeddable":true,"href":"https:\/\/mouldking.store\/hu\/wp-json\/wp\/v2\/product_cat?post=42049"},{"taxonomy":"product_tag","embeddable":true,"href":"https:\/\/mouldking.store\/hu\/wp-json\/wp\/v2\/product_tag?post=42049"}],"curies":[{"name":"wp","href":"https:\/\/api.w.org\/{rel}","templated":true}]}}