{"id":42055,"date":"2023-02-22T11:10:40","date_gmt":"2023-02-22T04:10:40","guid":{"rendered":"https:\/\/mouldking.store\/shop\/zhegao-gz5007-fujian-aircraft-carrier-with-736-pieces\/"},"modified":"2023-02-22T11:10:40","modified_gmt":"2023-02-22T04:10:40","slug":"zhegao-gz5007-fujian-aircraft-carrier-with-736-pieces","status":"publish","type":"product","link":"https:\/\/mouldking.store\/hu\/shop\/zhegao-gz5007-fujian-aircraft-carrier-with-736-pieces\/","title":{"rendered":"ZHEGAO GZ5007 Fujian Aircraft Carrier with 736 Pieces"},"content":{"rendered":"<div>\u2705 ZHEGAO GZ5007 Fujian Aircraft Carrier<br \/>&nbsp;<br \/>\u2705As a building block set, the &#8220;Fujian Aircraft Carrier 8IN1&#8221; allows builders to create a model of an aircraft carrier using the included building blocks. The set includes instructions for building eight different variations of the aircraft carrier, hence the &#8220;8IN1&#8221; designation. The set is expected to be released in 2023.<br \/>&nbsp;<br \/>\ud83d\udeab FONTOS!&nbsp;<br \/>&nbsp;<br \/>Product Name: Fujian Aircraft Carrier<br \/>&nbsp;<br \/>Kateg\u00f3ria: M\u0171szaki<br \/>&nbsp;<br \/>This Kit Contains: ZHEGAO GZ5007<br \/>&nbsp;<br \/>736 pcs Good Quality Bricks&nbsp;<br \/>&nbsp;<br \/>Size: 33.7 \u00d7 10.9 \u00d7 10.9 cm<br \/>&nbsp;<br \/>K\u00e9zi utas\u00edt\u00e1sok&nbsp;<br \/>&nbsp;<br \/>\ud83d\udcccA f\u0151szerepl\u0151 term\u00e9szete&nbsp;<br \/>&nbsp;<br \/>Introducing our proud collection named \u201cFujian Aircraft Carrier\u201d you should not miss.&nbsp;<br \/>&nbsp;<br \/>Fujian Aircraft Carrier 8IN1 (Fujian Aircraft Carrier) belongs to the military series of building block sets, and the entire set contains 736 building block particles.&nbsp;<\/div>","protected":false},"excerpt":{"rendered":"<p>M\u00e1rka: ZHEGAO<br \/>\nNem: Uniszex<br \/>\nKoroszt\u00e1ly: &gt; 6 \u00e9v<br \/>\nModel Number: GZ5007<br \/>\nBesorol\u00e1s: \u00d6sszeszerel\u00e9s<br \/>\nM\u0171anyag blokk forma: \u00f6nz\u00e1r\u00f3 t\u00e9gla<br \/>\nAnyaga: M\u0171anyag<br \/>\nM\u0171anyag t\u00edpus: ABS<br \/>\nBricks Blocks: 736 +<br \/>\nEl\u0151v\u00e9tel<\/p>","protected":false},"featured_media":42050,"comment_status":"open","ping_status":"closed","template":"","meta":{"_acf_changed":false},"product_cat":[1357,364],"product_tag":[5271,4681,11388,389,11080],"class_list":["product","first","instock","shipping-taxable","purchasable","product-type-simple"],"acf":[],"_links":{"self":[{"href":"https:\/\/mouldking.store\/hu\/wp-json\/wp\/v2\/product\/42055","targetHints":{"allow":["GET"]}}],"collection":[{"href":"https:\/\/mouldking.store\/hu\/wp-json\/wp\/v2\/product"}],"about":[{"href":"https:\/\/mouldking.store\/hu\/wp-json\/wp\/v2\/types\/product"}],"replies":[{"embeddable":true,"href":"https:\/\/mouldking.store\/hu\/wp-json\/wp\/v2\/comments?post=42055"}],"wp:featuredmedia":[{"embeddable":true,"href":"https:\/\/mouldking.store\/hu\/wp-json\/wp\/v2\/media\/42050"}],"wp:attachment":[{"href":"https:\/\/mouldking.store\/hu\/wp-json\/wp\/v2\/media?parent=42055"}],"wp:term":[{"taxonomy":"product_cat","embeddable":true,"href":"https:\/\/mouldking.store\/hu\/wp-json\/wp\/v2\/product_cat?post=42055"},{"taxonomy":"product_tag","embeddable":true,"href":"https:\/\/mouldking.store\/hu\/wp-json\/wp\/v2\/product_tag?post=42055"}],"curies":[{"name":"wp","href":"https:\/\/api.w.org\/{rel}","templated":true}]}}