{"id":42063,"date":"2023-02-22T11:17:12","date_gmt":"2023-02-22T04:17:12","guid":{"rendered":"https:\/\/mouldking.store\/shop\/moc-factory-89470-leipzig-class-light-cruiser-nurnberg-scale-with-1060-pieces\/"},"modified":"2025-12-16T22:25:16","modified_gmt":"2025-12-16T15:25:16","slug":"moc-factory-89470-leipzig-class-light-cruiser-nurnberg-scale-with-1060-pieces","status":"publish","type":"product","link":"https:\/\/mouldking.store\/hu\/shop\/moc-factory-89470-leipzig-class-light-cruiser-nurnberg-scale-with-1060-pieces\/","title":{"rendered":"MOC Factory 89470 Lipcsei oszt\u00e1ly \u2013 Light Cruiser N\u00fcrnberg m\u00e9rleg 1060 darabbal"},"content":{"rendered":"<div>\u2705 MOC-89470 Leipzig Class &#8211; Light Cruiser N\u00fcrnberg Scale<\/p>\n<p>\u2705The Leipzig class was a group of light cruisers built for the German Navy in the 1920s. The class consisted of two ships: the Leipzig and the N\u00fcrnberg. They were the first light cruisers built by Germany after World War I and were intended to serve as reconnaissance vessels.<\/p>\n<p>\ud83d\udeab FONTOS!<\/p>\n<p>Product Name: Leipzig Class &#8211; Light Cruiser N\u00fcrnberg Scale<\/p>\n<p>Kateg\u00f3ria: M\u0171szaki<\/p>\n<p>This Kit Contains: MOC-89470<\/p>\n<p>1060 pcs Good Quality Bricks<\/p>\n<p>Weight: 1500g<\/p>\n<p>PDF \u00datmutat\u00f3<\/p>\n<p>\ud83d\udcccA f\u0151szerepl\u0151 term\u00e9szete<\/p>\n<p>Introducing our proud collection named \u201cLeipzig Class &#8211; Light Cruiser N\u00fcrnberg Scale\u201d you should not miss.<\/p>\n<p>The Leipzig class had a displacement of around 6,600 tons and were armed with nine 15 cm guns in three triple turrets, as well as a number of anti-aircraft guns and torpedo tubes. They had a top speed of around 32 knots and a range of up to 8,000 nautical miles. During World War II, both ships saw action in a number of naval engagements. The Leipzig was sunk in the Battle of the Barents Sea in 1942, while the N\u00fcrnberg was sunk by Allied forces in the final days of the war in Europe.<\/p><\/div>","protected":false},"excerpt":{"rendered":"<p>M\u00e1rka: MOC Factory<br \/>\nNem: Uniszex<br \/>\nKoroszt\u00e1ly: &gt; 12 \u00e9ves<br \/>\nModel Number: 89470<br \/>\nBesorol\u00e1s: \u00d6sszeszerel\u00e9s<br \/>\nM\u0171anyag blokk forma: \u00f6nz\u00e1r\u00f3 t\u00e9gla<br \/>\nAnyaga: M\u0171anyag<br \/>\nM\u0171anyag t\u00edpus: ABS<br \/>\nBricks Blocks: 1060 +<br \/>\nRendel\u00e9si id\u0151: 4-8 h\u00e9t<\/p>","protected":false},"featured_media":42057,"comment_status":"open","ping_status":"closed","template":"","meta":{"_acf_changed":false},"product_cat":[1357,364],"product_tag":[5541,11389,11390,304,389,11080],"class_list":["product","first","instock","shipping-taxable","purchasable","product-type-simple"],"acf":[],"_links":{"self":[{"href":"https:\/\/mouldking.store\/hu\/wp-json\/wp\/v2\/product\/42063","targetHints":{"allow":["GET"]}}],"collection":[{"href":"https:\/\/mouldking.store\/hu\/wp-json\/wp\/v2\/product"}],"about":[{"href":"https:\/\/mouldking.store\/hu\/wp-json\/wp\/v2\/types\/product"}],"replies":[{"embeddable":true,"href":"https:\/\/mouldking.store\/hu\/wp-json\/wp\/v2\/comments?post=42063"}],"wp:featuredmedia":[{"embeddable":true,"href":"https:\/\/mouldking.store\/hu\/wp-json\/wp\/v2\/media\/42057"}],"wp:attachment":[{"href":"https:\/\/mouldking.store\/hu\/wp-json\/wp\/v2\/media?parent=42063"}],"wp:term":[{"taxonomy":"product_cat","embeddable":true,"href":"https:\/\/mouldking.store\/hu\/wp-json\/wp\/v2\/product_cat?post=42063"},{"taxonomy":"product_tag","embeddable":true,"href":"https:\/\/mouldking.store\/hu\/wp-json\/wp\/v2\/product_tag?post=42063"}],"curies":[{"name":"wp","href":"https:\/\/api.w.org\/{rel}","templated":true}]}}