{"id":42066,"date":"2023-02-22T11:24:09","date_gmt":"2023-02-22T04:24:09","guid":{"rendered":"https:\/\/mouldking.store\/shop\/moc-factory-66645-cozy-cabin-diorama-with-3871-pieces\/"},"modified":"2025-12-16T22:25:16","modified_gmt":"2025-12-16T15:25:16","slug":"moc-factory-66645-cozy-cabin-diorama-with-3871-pieces","status":"publish","type":"product","link":"https:\/\/mouldking.store\/hu\/shop\/moc-factory-66645-cozy-cabin-diorama-with-3871-pieces\/","title":{"rendered":"MOC Factory 66645 Cozy Cabin Diorama with 3871 Pieces"},"content":{"rendered":"<div>\u2705 MOC-66645 Cozy Cabin Diorama<\/p>\n<p>\u2705A cozy cabin diorama typically features a miniature model of a rustic, wooden cabin nestled in a natural setting, such as a forest or mountain landscape. The diorama can be designed to look as realistic as possible or can be more stylized, depending on the preference of the builder.<\/p>\n<p>\ud83d\udeab FONTOS!<\/p>\n<p>Product Name: Cozy Cabin Diorama<\/p>\n<p>Kateg\u00f3ria: Modul\u00e1ris \u00e9p\u00fclet<\/p>\n<p>This Kit Contains: MOC-66645<\/p>\n<p>3871 pcs Good Quality Bricks<\/p>\n<p>PDF \u00datmutat\u00f3<\/p>\n<p>\ud83d\udcccA f\u0151szerepl\u0151 term\u00e9szete<\/p>\n<p>Introducing our proud collection named \u201cCozy Cabin Diorama\u201d you should not miss.<\/p>\n<p>The cabin itself is typically made of wood or other natural materials and is decorated with details such as a porch, chimney, windows, and a door. Inside the cabin, miniature furniture and decor can be added to create a cozy and inviting atmosphere, such as a rocking chair, fireplace, and a small table with dishes. The natural landscape surrounding the cabin can be made using materials such as foam, clay, or moss to create a realistic effect. Trees, rocks, and other foliage can be added to the scene to make it look more lifelike.<\/p><\/div>","protected":false},"excerpt":{"rendered":"<p>M\u00e1rka: MOC Factory<br \/>\nNem: Uniszex<br \/>\nKoroszt\u00e1ly: &gt; 12 \u00e9ves<br \/>\nModel Number: 66645<br \/>\nBesorol\u00e1s: \u00d6sszeszerel\u00e9s<br \/>\nM\u0171anyag blokk forma: \u00f6nz\u00e1r\u00f3 t\u00e9gla<br \/>\nAnyaga: M\u0171anyag<br \/>\nM\u0171anyag t\u00edpus: ABS<br \/>\nBricks Blocks: 3871 +<br \/>\nRendel\u00e9si id\u0151: 4-8 h\u00e9t<\/p>","protected":false},"featured_media":42064,"comment_status":"open","ping_status":"closed","template":"","meta":{"_acf_changed":false},"product_cat":[1395,390],"product_tag":[4883,8784,11099,392],"class_list":["product","first","instock","shipping-taxable","purchasable","product-type-simple"],"acf":[],"_links":{"self":[{"href":"https:\/\/mouldking.store\/hu\/wp-json\/wp\/v2\/product\/42066","targetHints":{"allow":["GET"]}}],"collection":[{"href":"https:\/\/mouldking.store\/hu\/wp-json\/wp\/v2\/product"}],"about":[{"href":"https:\/\/mouldking.store\/hu\/wp-json\/wp\/v2\/types\/product"}],"replies":[{"embeddable":true,"href":"https:\/\/mouldking.store\/hu\/wp-json\/wp\/v2\/comments?post=42066"}],"wp:featuredmedia":[{"embeddable":true,"href":"https:\/\/mouldking.store\/hu\/wp-json\/wp\/v2\/media\/42064"}],"wp:attachment":[{"href":"https:\/\/mouldking.store\/hu\/wp-json\/wp\/v2\/media?parent=42066"}],"wp:term":[{"taxonomy":"product_cat","embeddable":true,"href":"https:\/\/mouldking.store\/hu\/wp-json\/wp\/v2\/product_cat?post=42066"},{"taxonomy":"product_tag","embeddable":true,"href":"https:\/\/mouldking.store\/hu\/wp-json\/wp\/v2\/product_tag?post=42066"}],"curies":[{"name":"wp","href":"https:\/\/api.w.org\/{rel}","templated":true}]}}