{"id":42068,"date":"2023-02-22T11:32:11","date_gmt":"2023-02-22T04:32:11","guid":{"rendered":"https:\/\/mouldking.store\/shop\/moc-factory-129583-neo-gotham-batmobile-display-with-975-pieces\/"},"modified":"2025-12-16T22:25:16","modified_gmt":"2025-12-16T15:25:16","slug":"moc-factory-129583-neo-gotham-batmobile-display-with-975-pieces","status":"publish","type":"product","link":"https:\/\/mouldking.store\/hu\/shop\/moc-factory-129583-neo-gotham-batmobile-display-with-975-pieces\/","title":{"rendered":"MOC Factory 129583 Neo Gotham Batmobile Display with 975 Pieces"},"content":{"rendered":"<div>\u2705 MOC-129583 Neo Gotham Batmobile Display<\/p>\n<p>\u2705The Neo Gotham Batmobile Display is a model of the Batmobile vehicle from the Batman Beyond animated series. The Batmobile is a sleek, futuristic vehicle that features a streamlined design with a combination of sharp angles and curved edges. It is typically depicted in black or dark shades of blue, with red highlights and a glowing bat symbol on the hood.<\/p>\n<p>\ud83d\udeab FONTOS!<\/p>\n<p>Product Name: Neo Gotham Batmobile Display<\/p>\n<p>Kateg\u00f3ria: Film<\/p>\n<p>This Kit Contains:&nbsp; MOC-129583<\/p>\n<p>975 pcs Good Quality Bricks<\/p>\n<p>PDF \u00datmutat\u00f3<\/p>\n<p>\ud83d\udcccA f\u0151szerepl\u0151 term\u00e9szete<\/p>\n<p>Introducing our proud collection named \u201cNeo Gotham Batmobile Display\u201d you should not miss.<\/p>\n<p>The Neo Gotham Batmobile Display is popular among Batman and Batmobile collectors and enthusiasts, and is often displayed as a centerpiece in collections or on shelves as a statement piece. It can also serve as a reminder of the futuristic world depicted in the Batman Beyond series, and the unique interpretation of the classic Batmobile that was used in that setting.<\/p><\/div>","protected":false},"excerpt":{"rendered":"<p>M\u00e1rka: MOC Factory<br \/>\nNem: Uniszex<br \/>\nKoroszt\u00e1ly: &gt; 12 \u00e9ves<br \/>\nModel Number: 129583<br \/>\nBesorol\u00e1s: \u00d6sszeszerel\u00e9s<br \/>\nM\u0171anyag blokk forma: \u00f6nz\u00e1r\u00f3 t\u00e9gla<br \/>\nAnyaga: M\u0171anyag<br \/>\nM\u0171anyag t\u00edpus: ABS<br \/>\nBricks Blocks: 975 +<br \/>\nRendel\u00e9si id\u0151: 4-8 h\u00e9t<\/p>","protected":false},"featured_media":42067,"comment_status":"open","ping_status":"closed","template":"","meta":{"_acf_changed":false},"product_cat":[1395,390,581,1408],"product_tag":[11268,10665,11391,392,434],"class_list":["product","first","instock","shipping-taxable","purchasable","product-type-simple"],"acf":[],"_links":{"self":[{"href":"https:\/\/mouldking.store\/hu\/wp-json\/wp\/v2\/product\/42068","targetHints":{"allow":["GET"]}}],"collection":[{"href":"https:\/\/mouldking.store\/hu\/wp-json\/wp\/v2\/product"}],"about":[{"href":"https:\/\/mouldking.store\/hu\/wp-json\/wp\/v2\/types\/product"}],"replies":[{"embeddable":true,"href":"https:\/\/mouldking.store\/hu\/wp-json\/wp\/v2\/comments?post=42068"}],"wp:featuredmedia":[{"embeddable":true,"href":"https:\/\/mouldking.store\/hu\/wp-json\/wp\/v2\/media\/42067"}],"wp:attachment":[{"href":"https:\/\/mouldking.store\/hu\/wp-json\/wp\/v2\/media?parent=42068"}],"wp:term":[{"taxonomy":"product_cat","embeddable":true,"href":"https:\/\/mouldking.store\/hu\/wp-json\/wp\/v2\/product_cat?post=42068"},{"taxonomy":"product_tag","embeddable":true,"href":"https:\/\/mouldking.store\/hu\/wp-json\/wp\/v2\/product_tag?post=42068"}],"curies":[{"name":"wp","href":"https:\/\/api.w.org\/{rel}","templated":true}]}}