{"id":42070,"date":"2023-02-22T11:36:08","date_gmt":"2023-02-22T04:36:08","guid":{"rendered":"https:\/\/mouldking.store\/shop\/moc-factory-112771-batmobile-beyond-with-521-pieces\/"},"modified":"2025-12-16T22:25:16","modified_gmt":"2025-12-16T15:25:16","slug":"moc-factory-112771-batmobile-beyond-with-521-pieces","status":"publish","type":"product","link":"https:\/\/mouldking.store\/hu\/shop\/moc-factory-112771-batmobile-beyond-with-521-pieces\/","title":{"rendered":"MOC Factory 112771 Batmobile Beyond 521 darabbal"},"content":{"rendered":"<div>\u2705 MOC-112771 Batmobile Beyond<\/p>\n<p>\u2705The Batmobile Beyond is a vehicle that appears in the Batman Beyond animated series. It is a futuristic, high-tech version of the classic Batmobile that was designed specifically for the new Batman of the future, Terry McGinnis.<\/p>\n<p>\ud83d\udeab FONTOS!<\/p>\n<p>Product Name: Batmobile Beyond<\/p>\n<p>Kateg\u00f3ria: Film<\/p>\n<p>This Kit Contains: MOC-112771<\/p>\n<p>521 pcs Good Quality Bricks<\/p>\n<p>PDF \u00datmutat\u00f3<\/p>\n<p>\ud83d\udcccA f\u0151szerepl\u0151 term\u00e9szete<\/p>\n<p>Introducing our proud collection named \u201cBatmobile Beyond\u201d you should not miss.<\/p>\n<p>The Batmobile Beyond has a sleek, aerodynamic design with a predominantly black color scheme and red highlights. It features a powerful jet engine that allows it to fly through the air, as well as advanced weapons and gadgets such as machine guns, missiles, and grappling hooks. The cockpit of the Batmobile Beyond is heavily armored and features advanced computer systems that allow Terry to control the vehicle remotely if necessary. The car&#8217;s interior also includes a number of advanced features such as a holographic display and a retractable canopy.<\/p><\/div>","protected":false},"excerpt":{"rendered":"<p>M\u00e1rka: MOC Factory<br \/>\nNem: Uniszex<br \/>\nKoroszt\u00e1ly: &gt; 12 \u00e9ves<br \/>\nModel Number: 112771<br \/>\nBesorol\u00e1s: \u00d6sszeszerel\u00e9s<br \/>\nM\u0171anyag blokk forma: \u00f6nz\u00e1r\u00f3 t\u00e9gla<br \/>\nAnyaga: M\u0171anyag<br \/>\nM\u0171anyag t\u00edpus: ABS<br \/>\nBricks Blocks: 521 +<br \/>\nRendel\u00e9si id\u0151: 4-8 h\u00e9t<\/p>","protected":false},"featured_media":42069,"comment_status":"open","ping_status":"closed","template":"","meta":{"_acf_changed":false},"product_cat":[1357,581,364,1408],"product_tag":[11268,434,389],"class_list":["product","first","instock","shipping-taxable","purchasable","product-type-simple"],"acf":[],"_links":{"self":[{"href":"https:\/\/mouldking.store\/hu\/wp-json\/wp\/v2\/product\/42070","targetHints":{"allow":["GET"]}}],"collection":[{"href":"https:\/\/mouldking.store\/hu\/wp-json\/wp\/v2\/product"}],"about":[{"href":"https:\/\/mouldking.store\/hu\/wp-json\/wp\/v2\/types\/product"}],"replies":[{"embeddable":true,"href":"https:\/\/mouldking.store\/hu\/wp-json\/wp\/v2\/comments?post=42070"}],"wp:featuredmedia":[{"embeddable":true,"href":"https:\/\/mouldking.store\/hu\/wp-json\/wp\/v2\/media\/42069"}],"wp:attachment":[{"href":"https:\/\/mouldking.store\/hu\/wp-json\/wp\/v2\/media?parent=42070"}],"wp:term":[{"taxonomy":"product_cat","embeddable":true,"href":"https:\/\/mouldking.store\/hu\/wp-json\/wp\/v2\/product_cat?post=42070"},{"taxonomy":"product_tag","embeddable":true,"href":"https:\/\/mouldking.store\/hu\/wp-json\/wp\/v2\/product_tag?post=42070"}],"curies":[{"name":"wp","href":"https:\/\/api.w.org\/{rel}","templated":true}]}}