{"id":42073,"date":"2022-02-22T11:49:17","date_gmt":"2022-02-22T04:49:17","guid":{"rendered":"https:\/\/mouldking.store\/shop\/cogo-17004-type-093-shang-class-submarine-with-160-pieces\/"},"modified":"2023-03-10T11:02:32","modified_gmt":"2023-03-10T04:02:32","slug":"cogo-17004-type-093-shang-class-submarine-with-160-pieces","status":"publish","type":"product","link":"https:\/\/mouldking.store\/hu\/shop\/cogo-17004-type-093-shang-class-submarine-with-160-pieces\/","title":{"rendered":"CoGo 17004 Type 093 Shang-oszt\u00e1ly\u00fa tengeralattj\u00e1r\u00f3 160 darabbal"},"content":{"rendered":"<div>\u2705 COGO 17004 Type 093 Shang-class Submarine<br \/>&nbsp;<br \/>\u2705The Type 093 Shang-class submarine is a nuclear-powered attack submarine developed by the People&#8217;s Republic of China. It is the first generation of nuclear-powered submarines developed by China and is designed to replace the older Type 091 submarine.<br \/>&nbsp;<br \/>\ud83d\udeab FONTOS!&nbsp;<br \/>&nbsp;<br \/>Product Name: Type 093 Shang-class Submarine<br \/>&nbsp;<br \/>Kateg\u00f3ria: Katonai<br \/>&nbsp;<br \/>This Kit Contains: COGO 17004<br \/>&nbsp;<br \/>160&nbsp; pcs Good Quality Bricks&nbsp;<br \/>&nbsp;<br \/>K\u00e9zi utas\u00edt\u00e1sok&nbsp;<br \/>&nbsp;<br \/>\ud83d\udcccA f\u0151szerepl\u0151 term\u00e9szete&nbsp;<br \/>&nbsp;<br \/>Introducing our proud collection named \u201cType 093 Shang-class Submarine\u201d you should not miss.&nbsp;<br \/>&nbsp;<br \/>The Type 093 submarine is a modern design with advanced technology, including a new sonar system, an improved reactor, and quiet propulsion system, which makes it harder to detect. It is also equipped with anti-ship and anti-submarine missiles, torpedoes, and mines.<\/div>","protected":false},"excerpt":{"rendered":"<p>M\u00e1rka: CoGo<br \/>\nNem: Uniszex<br \/>\nKoroszt\u00e1ly: &gt; 6 \u00e9v<br \/>\nModel Number: 17004<br \/>\nBesorol\u00e1s: \u00d6sszeszerel\u00e9s<br \/>\nM\u0171anyag blokk forma: \u00f6nz\u00e1r\u00f3 t\u00e9gla<br \/>\nAnyaga: M\u0171anyag<br \/>\nM\u0171anyag t\u00edpus: ABS<br \/>\nBricks Blocks: 160 +<br \/>\nEl\u0151v\u00e9tel<\/p>","protected":false},"featured_media":42071,"comment_status":"open","ping_status":"closed","template":"","meta":{"_acf_changed":false},"product_cat":[1350,1357,372,364],"product_tag":[11364,374,11392,11252,389],"class_list":["product","first","outofstock","shipping-taxable","purchasable","product-type-simple"],"acf":[],"_links":{"self":[{"href":"https:\/\/mouldking.store\/hu\/wp-json\/wp\/v2\/product\/42073","targetHints":{"allow":["GET"]}}],"collection":[{"href":"https:\/\/mouldking.store\/hu\/wp-json\/wp\/v2\/product"}],"about":[{"href":"https:\/\/mouldking.store\/hu\/wp-json\/wp\/v2\/types\/product"}],"replies":[{"embeddable":true,"href":"https:\/\/mouldking.store\/hu\/wp-json\/wp\/v2\/comments?post=42073"}],"wp:featuredmedia":[{"embeddable":true,"href":"https:\/\/mouldking.store\/hu\/wp-json\/wp\/v2\/media\/42071"}],"wp:attachment":[{"href":"https:\/\/mouldking.store\/hu\/wp-json\/wp\/v2\/media?parent=42073"}],"wp:term":[{"taxonomy":"product_cat","embeddable":true,"href":"https:\/\/mouldking.store\/hu\/wp-json\/wp\/v2\/product_cat?post=42073"},{"taxonomy":"product_tag","embeddable":true,"href":"https:\/\/mouldking.store\/hu\/wp-json\/wp\/v2\/product_tag?post=42073"}],"curies":[{"name":"wp","href":"https:\/\/api.w.org\/{rel}","templated":true}]}}