{"id":42075,"date":"2022-02-22T11:54:23","date_gmt":"2022-02-22T04:54:23","guid":{"rendered":"https:\/\/mouldking.store\/shop\/cogo-17003-type-021-missile-boat-with-167-pieces\/"},"modified":"2023-03-10T11:02:26","modified_gmt":"2023-03-10T04:02:26","slug":"cogo-17003-type-021-missile-boat-with-167-pieces","status":"publish","type":"product","link":"https:\/\/mouldking.store\/hu\/shop\/cogo-17003-type-021-missile-boat-with-167-pieces\/","title":{"rendered":"CoGo 17003 t\u00edpus\u00fa 021 rak\u00e9tahaj\u00f3 167 darabbal"},"content":{"rendered":"<div>\u2705 COGO 17003 Type 021 Missile Boat<br \/>&nbsp;<br \/>\u2705The Type 021 Missile Boat is a class of fast attack craft used by the People&#8217;s Liberation Army Navy (PLAN) of China. It is also known as the Houbei-class fast missile boat.<br \/>&nbsp;<br \/>\ud83d\udeab FONTOS!&nbsp;<br \/>&nbsp;<br \/>Product Name: Type 021 Missile Boat<br \/>&nbsp;<br \/>Kateg\u00f3ria: Katonai<br \/>&nbsp;<br \/>This Kit Contains: COGO 17003<br \/>&nbsp;<br \/>167&nbsp; pcs Good Quality Bricks&nbsp;<br \/>&nbsp;<br \/>K\u00e9zi utas\u00edt\u00e1sok&nbsp;<br \/>&nbsp;<br \/>\ud83d\udcccA f\u0151szerepl\u0151 term\u00e9szete&nbsp;<br \/>&nbsp;<br \/>Introducing our proud collection named \u201cType 021 Missile Boat\u201d you should not miss.&nbsp;<br \/>&nbsp;<br \/>These boats are designed for coastal defense and are capable of operating in shallow waters. They are equipped with advanced sensors, radar, and missile systems that make them highly effective against enemy ships, especially in the confined spaces of the littoral environment.<\/div>","protected":false},"excerpt":{"rendered":"<p>M\u00e1rka: CoGo<br \/>\nNem: Uniszex<br \/>\nKoroszt\u00e1ly: &gt; 6 \u00e9v<br \/>\nModel Number: 17003<br \/>\nBesorol\u00e1s: \u00d6sszeszerel\u00e9s<br \/>\nM\u0171anyag blokk forma: \u00f6nz\u00e1r\u00f3 t\u00e9gla<br \/>\nAnyaga: M\u0171anyag<br \/>\nM\u0171anyag t\u00edpus: ABS<br \/>\nBricks Blocks: 167 +<br \/>\nEl\u0151v\u00e9tel<\/p>","protected":false},"featured_media":42074,"comment_status":"open","ping_status":"closed","template":"","meta":{"_acf_changed":false},"product_cat":[1350,1357,372,364],"product_tag":[6471,11364,374,11374,389],"class_list":["product","first","outofstock","shipping-taxable","purchasable","product-type-simple"],"acf":[],"_links":{"self":[{"href":"https:\/\/mouldking.store\/hu\/wp-json\/wp\/v2\/product\/42075","targetHints":{"allow":["GET"]}}],"collection":[{"href":"https:\/\/mouldking.store\/hu\/wp-json\/wp\/v2\/product"}],"about":[{"href":"https:\/\/mouldking.store\/hu\/wp-json\/wp\/v2\/types\/product"}],"replies":[{"embeddable":true,"href":"https:\/\/mouldking.store\/hu\/wp-json\/wp\/v2\/comments?post=42075"}],"wp:featuredmedia":[{"embeddable":true,"href":"https:\/\/mouldking.store\/hu\/wp-json\/wp\/v2\/media\/42074"}],"wp:attachment":[{"href":"https:\/\/mouldking.store\/hu\/wp-json\/wp\/v2\/media?parent=42075"}],"wp:term":[{"taxonomy":"product_cat","embeddable":true,"href":"https:\/\/mouldking.store\/hu\/wp-json\/wp\/v2\/product_cat?post=42075"},{"taxonomy":"product_tag","embeddable":true,"href":"https:\/\/mouldking.store\/hu\/wp-json\/wp\/v2\/product_tag?post=42075"}],"curies":[{"name":"wp","href":"https:\/\/api.w.org\/{rel}","templated":true}]}}