{"id":42077,"date":"2022-02-22T12:02:52","date_gmt":"2022-02-22T05:02:52","guid":{"rendered":"https:\/\/mouldking.store\/shop\/cogo-17006-mi-17v-helicopter-with-191-pieces\/"},"modified":"2023-03-10T11:02:21","modified_gmt":"2023-03-10T04:02:21","slug":"cogo-17006-mi-17v-helicopter-with-191-pieces","status":"publish","type":"product","link":"https:\/\/mouldking.store\/hu\/shop\/cogo-17006-mi-17v-helicopter-with-191-pieces\/","title":{"rendered":"CoGo 17006 Mi-17V helikopter 191 darabbal"},"content":{"rendered":"<div>\u2705 COGO 17006 Mi-17V helikopter<br \/>&nbsp;<br \/>\u2705A Mi-17V helikopter egy k\u00f6zepes emel\u00e9s\u0171 sz\u00e1ll\u00edt\u00f3helikopter, amelyet az orosz helikoptergy\u00e1rt\u00f3, a Mil Moscow Helicopter Plant fejlesztett ki. Az 1960-as \u00e9vek \u00f3ta gy\u00e1rtott Mi-8 helikoptercsal\u00e1d egy v\u00e1ltozata.<br \/>&nbsp;<br \/>\ud83d\udeab FONTOS!&nbsp;<br \/>&nbsp;<br \/>Term\u00e9k neve: Mi-17V helikopter<br \/>&nbsp;<br \/>Kateg\u00f3ria: Katonai<br \/>&nbsp;<br \/>A k\u00e9szlet tartalma: COGO 17006<br \/>&nbsp;<br \/>191 db J\u00f3 min\u0151s\u00e9g\u0171 t\u00e9gla&nbsp;<br \/>&nbsp;<br \/>K\u00e9zi utas\u00edt\u00e1sok&nbsp;<br \/>&nbsp;<br \/>\ud83d\udcccA f\u0151szerepl\u0151 term\u00e9szete&nbsp;<br \/>&nbsp;<br \/>Bemutatjuk a \u201eMi-17V Helicopter\u201d nev\u0171 b\u00fcszke kollekci\u00f3nkat, amelyet nem szabad kihagyni.&nbsp;<br \/>&nbsp;<br \/>A Mi-17V-t k\u00fcl\u00f6nf\u00e9le k\u00f6rnyezetben val\u00f3 m\u0171k\u00f6d\u00e9sre tervezt\u00e9k, \u00e9s sz\u00e9les k\u00f6rben haszn\u00e1lj\u00e1k katonai \u00e9s polg\u00e1ri sz\u00e1ll\u00edt\u00e1sra, valamint kutat\u00e1si \u00e9s ment\u00e9si feladatokra. Maxim\u00e1lis felsz\u00e1ll\u00f3 t\u00f6mege k\u00f6r\u00fclbel\u00fcl 13 000 kg, \u00e9s legfeljebb 36 utast vagy 4 500 kg rakom\u00e1nyt k\u00e9pes sz\u00e1ll\u00edtani.<\/div>","protected":false},"excerpt":{"rendered":"<p>M\u00e1rka: CoGo<br \/>\nNem: Uniszex<br \/>\nKoroszt\u00e1ly: &gt; 6 \u00e9v<br \/>\nModellsz\u00e1m: 17006<br \/>\nBesorol\u00e1s: \u00d6sszeszerel\u00e9s<br \/>\nM\u0171anyag blokk forma: \u00f6nz\u00e1r\u00f3 t\u00e9gla<br \/>\nAnyaga: M\u0171anyag<br \/>\nM\u0171anyag t\u00edpus: ABS<br \/>\nT\u00e9gla T\u00e9gla: 191+<br \/>\nEl\u0151v\u00e9tel<\/p>","protected":false},"featured_media":42076,"comment_status":"open","ping_status":"closed","template":"","meta":{"_acf_changed":false},"product_cat":[1350,1357,372,364],"product_tag":[11364,5298,11393,374,389],"class_list":["product","first","outofstock","shipping-taxable","purchasable","product-type-simple"],"acf":[],"_links":{"self":[{"href":"https:\/\/mouldking.store\/hu\/wp-json\/wp\/v2\/product\/42077","targetHints":{"allow":["GET"]}}],"collection":[{"href":"https:\/\/mouldking.store\/hu\/wp-json\/wp\/v2\/product"}],"about":[{"href":"https:\/\/mouldking.store\/hu\/wp-json\/wp\/v2\/types\/product"}],"replies":[{"embeddable":true,"href":"https:\/\/mouldking.store\/hu\/wp-json\/wp\/v2\/comments?post=42077"}],"wp:featuredmedia":[{"embeddable":true,"href":"https:\/\/mouldking.store\/hu\/wp-json\/wp\/v2\/media\/42076"}],"wp:attachment":[{"href":"https:\/\/mouldking.store\/hu\/wp-json\/wp\/v2\/media?parent=42077"}],"wp:term":[{"taxonomy":"product_cat","embeddable":true,"href":"https:\/\/mouldking.store\/hu\/wp-json\/wp\/v2\/product_cat?post=42077"},{"taxonomy":"product_tag","embeddable":true,"href":"https:\/\/mouldking.store\/hu\/wp-json\/wp\/v2\/product_tag?post=42077"}],"curies":[{"name":"wp","href":"https:\/\/api.w.org\/{rel}","templated":true}]}}