{"id":42080,"date":"2022-02-22T12:08:28","date_gmt":"2022-02-22T05:08:28","guid":{"rendered":"https:\/\/mouldking.store\/shop\/cogo-17005-j-20-fighter-with-184-pieces\/"},"modified":"2023-03-10T11:02:14","modified_gmt":"2023-03-10T04:02:14","slug":"cogo-17005-j-20-fighter-with-184-pieces","status":"publish","type":"product","link":"https:\/\/mouldking.store\/hu\/shop\/cogo-17005-j-20-fighter-with-184-pieces\/","title":{"rendered":"CoGo 17005 J-20 vad\u00e1szg\u00e9p 184 darabbal"},"content":{"rendered":"<div>\u2705 COGO 17005 J-20 vad\u00e1szg\u00e9p<br \/>&nbsp;<br \/>\u2705A J-20 vad\u00e1szrep\u00fcl\u0151, m\u00e1s n\u00e9ven Jian-20, egy \u00f6t\u00f6dik gener\u00e1ci\u00f3s lopakod\u00f3 vad\u00e1szrep\u00fcl\u0151g\u00e9p, amelyet a K\u00ednai N\u00e9pk\u00f6zt\u00e1rsas\u00e1g fejlesztett ki. \u00dagy tervezt\u00e9k, hogy versenyezzen m\u00e1s fejlett vad\u00e1szrep\u00fcl\u0151g\u00e9pekkel, mint p\u00e9ld\u00e1ul az amerikai F-22 Raptor \u00e9s az F-35 Lightning II.<br \/>&nbsp;<br \/>\ud83d\udeab FONTOS!&nbsp;<br \/>&nbsp;<br \/>Term\u00e9kn\u00e9v: J-20 Fighter<br \/>&nbsp;<br \/>Kateg\u00f3ria: M\u0171szaki<br \/>&nbsp;<br \/>A k\u00e9szlet tartalma: COGO 17005<br \/>&nbsp;<br \/>184 db J\u00f3 min\u0151s\u00e9g\u0171 t\u00e9gla&nbsp;<br \/>&nbsp;<br \/>K\u00e9zi utas\u00edt\u00e1sok&nbsp;<br \/>&nbsp;<br \/>\ud83d\udcccA f\u0151szerepl\u0151 term\u00e9szete&nbsp;<br \/>&nbsp;<br \/>Bemutatjuk b\u00fcszke kollekci\u00f3nkat, a \u201eJ-20 Fighter\u201d-t, amit \u00e9rdemes kihagyni.&nbsp;<br \/>&nbsp;<br \/>A J-20 egy k\u00e9tmotoros, egy\u00fcl\u00e9ses vad\u00e1szrep\u00fcl\u0151g\u00e9p lopakod\u00f3 k\u00e9pess\u00e9gekkel, fejlett rep\u00fcl\u00e9stechnik\u00e1val \u00e9s rendk\u00edv\u00fcl man\u0151verezhet\u0151 rep\u00fcl\u0151g\u00e9pv\u00e1zzal. K\u00f6r\u00fclbel\u00fcl 20 m\u00e9ter hossz\u00fa, sz\u00e1rnyfeszt\u00e1vols\u00e1ga pedig k\u00f6r\u00fclbel\u00fcl 13 m\u00e9ter. Maxim\u00e1lis felsz\u00e1ll\u00f3 t\u00f6mege meghaladja a 40 000 kg-ot, v\u00e9gsebess\u00e9ge pedig k\u00f6r\u00fclbel\u00fcl 2,5 Mach.<\/div>","protected":false},"excerpt":{"rendered":"<p>M\u00e1rka: CoGo<br \/>\nNem: Uniszex<br \/>\nKoroszt\u00e1ly: &gt; 6 \u00e9v<br \/>\nModellsz\u00e1m: 17005<br \/>\nBesorol\u00e1s: \u00d6sszeszerel\u00e9s<br \/>\nM\u0171anyag blokk forma: \u00f6nz\u00e1r\u00f3 t\u00e9gla<br \/>\nAnyaga: M\u0171anyag<br \/>\nM\u0171anyag t\u00edpus: ABS<br \/>\nT\u00e9gla blokkok: 184+<br \/>\nEl\u0151v\u00e9tel<\/p>","protected":false},"featured_media":42079,"comment_status":"open","ping_status":"closed","template":"","meta":{"_acf_changed":false},"product_cat":[1350,1357,372,364],"product_tag":[11364,7374,11394,374,389],"class_list":["product","first","outofstock","shipping-taxable","purchasable","product-type-simple"],"acf":[],"_links":{"self":[{"href":"https:\/\/mouldking.store\/hu\/wp-json\/wp\/v2\/product\/42080","targetHints":{"allow":["GET"]}}],"collection":[{"href":"https:\/\/mouldking.store\/hu\/wp-json\/wp\/v2\/product"}],"about":[{"href":"https:\/\/mouldking.store\/hu\/wp-json\/wp\/v2\/types\/product"}],"replies":[{"embeddable":true,"href":"https:\/\/mouldking.store\/hu\/wp-json\/wp\/v2\/comments?post=42080"}],"wp:featuredmedia":[{"embeddable":true,"href":"https:\/\/mouldking.store\/hu\/wp-json\/wp\/v2\/media\/42079"}],"wp:attachment":[{"href":"https:\/\/mouldking.store\/hu\/wp-json\/wp\/v2\/media?parent=42080"}],"wp:term":[{"taxonomy":"product_cat","embeddable":true,"href":"https:\/\/mouldking.store\/hu\/wp-json\/wp\/v2\/product_cat?post=42080"},{"taxonomy":"product_tag","embeddable":true,"href":"https:\/\/mouldking.store\/hu\/wp-json\/wp\/v2\/product_tag?post=42080"}],"curies":[{"name":"wp","href":"https:\/\/api.w.org\/{rel}","templated":true}]}}