{"id":42083,"date":"2022-02-22T12:16:10","date_gmt":"2022-02-22T05:16:10","guid":{"rendered":"https:\/\/mouldking.store\/shop\/cogo-17008-y-20-transport-aircraft-with-403-pieces\/"},"modified":"2023-03-10T11:02:08","modified_gmt":"2023-03-10T04:02:08","slug":"cogo-17008-y-20-transport-aircraft-with-403-pieces","status":"publish","type":"product","link":"https:\/\/mouldking.store\/hu\/shop\/cogo-17008-y-20-transport-aircraft-with-403-pieces\/","title":{"rendered":"CoGo 17008 Y-20 sz\u00e1ll\u00edt\u00f3 rep\u00fcl\u0151g\u00e9p 403 darabbal"},"content":{"rendered":"<div>\u2705 COGO 17008 Y-20 Transport Aircraft<br \/>&nbsp;<br \/>\u2705The Y-20 transport aircraft is a large military transport plane developed by the People&#8217;s Republic of China. It is designed to provide strategic airlift capabilities to the Chinese military, allowing it to transport troops, equipment, and supplies over long distances.<br \/>&nbsp;<br \/>\ud83d\udeab FONTOS!&nbsp;<br \/>&nbsp;<br \/>Product Name: Y-20 Transport Aircraft<br \/>&nbsp;<br \/>Kateg\u00f3ria: Katonai<br \/>&nbsp;<br \/>This Kit Contains: COGO 17008<br \/>&nbsp;<br \/>403 pcs Good Quality Bricks&nbsp;<br \/>&nbsp;<br \/>Size: 33.1 \u00d7 13.2 cm<br \/>&nbsp;<br \/>K\u00e9zi utas\u00edt\u00e1sok&nbsp;<br \/>&nbsp;<br \/>\ud83d\udcccA f\u0151szerepl\u0151 term\u00e9szete&nbsp;<br \/>&nbsp;<br \/>Introducing our proud collection named \u201cY-20 Transport Aircraft\u201d you should not miss.&nbsp;<br \/>&nbsp;<br \/>The Y-20 is a significant achievement for China&#8217;s aviation industry and represents a major step forward in its military modernization efforts. With its large payload capacity and long-range capabilities, the Y-20 is expected to play an important role in China&#8217;s future military operations and strategic airlift capabilities.<\/div>","protected":false},"excerpt":{"rendered":"<p>M\u00e1rka: CoGo<br \/>\nNem: Uniszex<br \/>\nKoroszt\u00e1ly: &gt; 6 \u00e9v<br \/>\nModel Number: 17008<br \/>\nBesorol\u00e1s: \u00d6sszeszerel\u00e9s<br \/>\nM\u0171anyag blokk forma: \u00f6nz\u00e1r\u00f3 t\u00e9gla<br \/>\nAnyaga: M\u0171anyag<br \/>\nM\u0171anyag t\u00edpus: ABS<br \/>\nBricks Blocks: 403 +<br \/>\nEl\u0151v\u00e9tel<\/p>","protected":false},"featured_media":42081,"comment_status":"open","ping_status":"closed","template":"","meta":{"_acf_changed":false},"product_cat":[1350,1357,372,364],"product_tag":[5271,11364,374,389,11222],"class_list":["product","first","outofstock","shipping-taxable","purchasable","product-type-simple"],"acf":[],"_links":{"self":[{"href":"https:\/\/mouldking.store\/hu\/wp-json\/wp\/v2\/product\/42083","targetHints":{"allow":["GET"]}}],"collection":[{"href":"https:\/\/mouldking.store\/hu\/wp-json\/wp\/v2\/product"}],"about":[{"href":"https:\/\/mouldking.store\/hu\/wp-json\/wp\/v2\/types\/product"}],"replies":[{"embeddable":true,"href":"https:\/\/mouldking.store\/hu\/wp-json\/wp\/v2\/comments?post=42083"}],"wp:featuredmedia":[{"embeddable":true,"href":"https:\/\/mouldking.store\/hu\/wp-json\/wp\/v2\/media\/42081"}],"wp:attachment":[{"href":"https:\/\/mouldking.store\/hu\/wp-json\/wp\/v2\/media?parent=42083"}],"wp:term":[{"taxonomy":"product_cat","embeddable":true,"href":"https:\/\/mouldking.store\/hu\/wp-json\/wp\/v2\/product_cat?post=42083"},{"taxonomy":"product_tag","embeddable":true,"href":"https:\/\/mouldking.store\/hu\/wp-json\/wp\/v2\/product_tag?post=42083"}],"curies":[{"name":"wp","href":"https:\/\/api.w.org\/{rel}","templated":true}]}}