{"id":42087,"date":"2023-02-22T12:27:14","date_gmt":"2023-02-22T05:27:14","guid":{"rendered":"https:\/\/mouldking.store\/shop\/taigaole-t4031-police-remote-control-car-with-662-pieces\/"},"modified":"2023-02-22T12:27:14","modified_gmt":"2023-02-22T05:27:14","slug":"taigaole-t4031-police-remote-control-car-with-662-pieces","status":"publish","type":"product","link":"https:\/\/mouldking.store\/hu\/shop\/taigaole-t4031-police-remote-control-car-with-662-pieces\/","title":{"rendered":"TaiGaoLe T4031 Police Remote Control Car with 662 Pieces"},"content":{"rendered":"<div>\u2705 Tegole T4031 Police Remote Control Car<br \/>&nbsp;<br \/>\u2705A police remote control car, also known as a police RC car, is a small-scale remote-controlled vehicle used by law enforcement agencies for a variety of purposes. These RC cars are typically designed to look like real police vehicles, with realistic lights and sirens, and are operated via a remote control by a police officer.<br \/>&nbsp;<br \/>\ud83d\udeab FONTOS!&nbsp;<br \/>&nbsp;<br \/>Product Name: Police Remote Control Car<br \/>&nbsp;<br \/>Kateg\u00f3ria: M\u0171szaki<br \/>&nbsp;<br \/>This Kit Contains: Tegole T4031<br \/>&nbsp;<br \/>662 pcs Good Quality Bricks&nbsp;<br \/>&nbsp;<br \/>Size: 11.5 \u00d7 20.4 \u00d7 12 cm<br \/>&nbsp;<br \/>K\u00e9zi utas\u00edt\u00e1sok&nbsp;<br \/>&nbsp;<br \/>\ud83d\udcccA f\u0151szerepl\u0151 term\u00e9szete&nbsp;<br \/>&nbsp;<br \/>Introducing our proud collection named \u201cPolice Remote Control Car\u201d you should not miss.&nbsp;<br \/>&nbsp;<br \/>Police RC cars are used for a range of purposes, including surveillance, reconnaissance, and crowd control. They can be equipped with a variety of tools and features, such as cameras, microphones, and loudspeakers, which allow officers to gather information or communicate with individuals from a safe distance.<\/div>","protected":false},"excerpt":{"rendered":"<p>Brand: TaiGaoLe<br \/>\nNem: Uniszex<br \/>\nKoroszt\u00e1ly: 8 \u00e9v felett<br \/>\nModel Number: T4031<br \/>\nBesorol\u00e1s: \u00d6sszeszerel\u00e9s<br \/>\nM\u0171anyag blokk forma: \u00f6nz\u00e1r\u00f3 t\u00e9gla<br \/>\nAnyaga: M\u0171anyag<br \/>\nM\u0171anyag t\u00edpus: ABS<br \/>\nBricks Blocks: 662 +<br \/>\nEl\u0151v\u00e9tel<\/p>","protected":false},"featured_media":42086,"comment_status":"open","ping_status":"closed","template":"","meta":{"_acf_changed":false},"product_cat":[1360,1357,364],"product_tag":[457,5660,482,389,11080],"class_list":["product","first","instock","shipping-taxable","purchasable","product-type-simple"],"acf":[],"_links":{"self":[{"href":"https:\/\/mouldking.store\/hu\/wp-json\/wp\/v2\/product\/42087","targetHints":{"allow":["GET"]}}],"collection":[{"href":"https:\/\/mouldking.store\/hu\/wp-json\/wp\/v2\/product"}],"about":[{"href":"https:\/\/mouldking.store\/hu\/wp-json\/wp\/v2\/types\/product"}],"replies":[{"embeddable":true,"href":"https:\/\/mouldking.store\/hu\/wp-json\/wp\/v2\/comments?post=42087"}],"wp:featuredmedia":[{"embeddable":true,"href":"https:\/\/mouldking.store\/hu\/wp-json\/wp\/v2\/media\/42086"}],"wp:attachment":[{"href":"https:\/\/mouldking.store\/hu\/wp-json\/wp\/v2\/media?parent=42087"}],"wp:term":[{"taxonomy":"product_cat","embeddable":true,"href":"https:\/\/mouldking.store\/hu\/wp-json\/wp\/v2\/product_cat?post=42087"},{"taxonomy":"product_tag","embeddable":true,"href":"https:\/\/mouldking.store\/hu\/wp-json\/wp\/v2\/product_tag?post=42087"}],"curies":[{"name":"wp","href":"https:\/\/api.w.org\/{rel}","templated":true}]}}