{"id":42089,"date":"2023-02-22T12:34:54","date_gmt":"2023-02-22T05:34:54","guid":{"rendered":"https:\/\/mouldking.store\/shop\/taigaole-t4030-swat-remote-control-car-with-668-pieces\/"},"modified":"2023-02-22T12:34:54","modified_gmt":"2023-02-22T05:34:54","slug":"taigaole-t4030-swat-remote-control-car-with-668-pieces","status":"publish","type":"product","link":"https:\/\/mouldking.store\/hu\/shop\/taigaole-t4030-swat-remote-control-car-with-668-pieces\/","title":{"rendered":"TaiGaoLe T4030 SWAT t\u00e1vir\u00e1ny\u00edt\u00f3s aut\u00f3 668 darabbal"},"content":{"rendered":"<div>\u2705Tegole T4030 SWAT Remote Control Car<br \/>&nbsp;<br \/>\u2705A SWAT remote control car is a type of remote-controlled vehicle used by Special Weapons and Tactics (SWAT) teams in law enforcement. These RC cars are typically designed to be small and lightweight, with the ability to navigate tight spaces and rough terrain. They are operated by a police officer using a remote control.<br \/>&nbsp;<br \/>\ud83d\udeab FONTOS!&nbsp;<br \/>&nbsp;<br \/>Product Name: SWAT Remote Control Car<br \/>&nbsp;<br \/>Kateg\u00f3ria: M\u0171szaki<br \/>&nbsp;<br \/>This Kit Contains: Tegole T4030<br \/>&nbsp;<br \/>668 pcs Good Quality Bricks&nbsp;<br \/>&nbsp;<br \/>Size: 22.5 \u00d7 11.5 \u00d7 11 cm<br \/>&nbsp;<br \/>K\u00e9zi utas\u00edt\u00e1sok&nbsp;<br \/>&nbsp;<br \/>\ud83d\udcccA f\u0151szerepl\u0151 term\u00e9szete&nbsp;<br \/>&nbsp;<br \/>Introducing our proud collection named \u201cSWAT Remote Control Car\u201d you should not miss.&nbsp;<br \/>&nbsp;<br \/>SWAT remote control cars are used for a variety of purposes, including reconnaissance, surveillance, and communication. They can be equipped with a range of features, such as cameras, microphones, and loudspeakers, which allow officers to gather information or communicate with individuals from a safe distance.<\/div>","protected":false},"excerpt":{"rendered":"<p>Brand: TaiGaoLe<br \/>\nNem: Uniszex<br \/>\nKoroszt\u00e1ly: 8 \u00e9v felett<br \/>\nModel Number: T4030<br \/>\nBesorol\u00e1s: \u00d6sszeszerel\u00e9s<br \/>\nM\u0171anyag blokk forma: \u00f6nz\u00e1r\u00f3 t\u00e9gla<br \/>\nAnyaga: M\u0171anyag<br \/>\nM\u0171anyag t\u00edpus: ABS<br \/>\nBricks Blocks: 668 +<br \/>\nEl\u0151v\u00e9tel<\/p>","protected":false},"featured_media":42088,"comment_status":"open","ping_status":"closed","template":"","meta":{"_acf_changed":false},"product_cat":[1360,1357,364],"product_tag":[457,482,11320,389,11080],"class_list":["product","first","instock","shipping-taxable","purchasable","product-type-simple"],"acf":[],"_links":{"self":[{"href":"https:\/\/mouldking.store\/hu\/wp-json\/wp\/v2\/product\/42089","targetHints":{"allow":["GET"]}}],"collection":[{"href":"https:\/\/mouldking.store\/hu\/wp-json\/wp\/v2\/product"}],"about":[{"href":"https:\/\/mouldking.store\/hu\/wp-json\/wp\/v2\/types\/product"}],"replies":[{"embeddable":true,"href":"https:\/\/mouldking.store\/hu\/wp-json\/wp\/v2\/comments?post=42089"}],"wp:featuredmedia":[{"embeddable":true,"href":"https:\/\/mouldking.store\/hu\/wp-json\/wp\/v2\/media\/42088"}],"wp:attachment":[{"href":"https:\/\/mouldking.store\/hu\/wp-json\/wp\/v2\/media?parent=42089"}],"wp:term":[{"taxonomy":"product_cat","embeddable":true,"href":"https:\/\/mouldking.store\/hu\/wp-json\/wp\/v2\/product_cat?post=42089"},{"taxonomy":"product_tag","embeddable":true,"href":"https:\/\/mouldking.store\/hu\/wp-json\/wp\/v2\/product_tag?post=42089"}],"curies":[{"name":"wp","href":"https:\/\/api.w.org\/{rel}","templated":true}]}}