{"id":42093,"date":"2023-02-22T14:24:30","date_gmt":"2023-02-22T07:24:30","guid":{"rendered":"https:\/\/mouldking.store\/shop\/moc-factory-137608-micro-batcave-and-wayne-manor-the-animated-series-btas-with-2502-pieces\/"},"modified":"2025-12-16T22:25:16","modified_gmt":"2025-12-16T15:25:16","slug":"moc-factory-137608-micro-batcave-and-wayne-manor-the-animated-series-btas-with-2502-pieces","status":"publish","type":"product","link":"https:\/\/mouldking.store\/hu\/shop\/moc-factory-137608-micro-batcave-and-wayne-manor-the-animated-series-btas-with-2502-pieces\/","title":{"rendered":"MOC Factory 137608 Micro Batcave \u00e9s Wayne Manor Az anim\u00e1ci\u00f3s sorozat BTAS 2502 darabbal"},"content":{"rendered":"<div>\u2705 MOC-137608 Micro Batcave \u00e9s Wayne Manor Az anim\u00e1ci\u00f3s sorozat BTAS<\/p>\n<p>\u2705A Denev\u00e9rbarlang egy kital\u00e1lt helysz\u00edn a DC Comics univerzumban, amely a szuperh\u0151s Batman titkos f\u0151hadisz\u00e1ll\u00e1sak\u00e9nt szolg\u00e1l. Ez egy rejtett f\u00f6ldalatti barlangrendszer a Wayne Manor alatt, Bruce Wayne \u0151si otthona alatt, aki Batman altereg\u00f3ja.<\/p>\n<p>\ud83d\udeab FONTOS!<\/p>\n<p>Term\u00e9k neve: Micro Batcave \u00e9s Wayne Manor Az anim\u00e1ci\u00f3s sorozat BTAS<\/p>\n<p>Kateg\u00f3ria: Film<\/p>\n<p>A k\u00e9szlet tartalma: MOC-137608<\/p>\n<p>2502 db J\u00f3 min\u0151s\u00e9g\u0171 t\u00e9gla<\/p>\n<p>PDF \u00datmutat\u00f3<\/p>\n<p>\ud83d\udcccA f\u0151szerepl\u0151 term\u00e9szete<\/p>\n<p>Bemutatjuk a \u201eMicro Batcave and Wayne Manor The Animated Series BTAS\u201d nev\u0171 b\u00fcszke kollekci\u00f3nkat, amelyet nem szabad kihagyni.<\/p>\n<p>A Denev\u00e9rbarlangot Batman biztons\u00e1gos hadm\u0171veleti b\u00e1zisk\u00e9nt haszn\u00e1lja, ahol t\u00e1rolhatja felszerel\u00e9s\u00e9t, j\u00e1rm\u0171veit \u00e9s fegyvereit, tudom\u00e1nyos kutat\u00e1sokat v\u00e9gezhet, \u00e9s megtervezheti b\u0171n\u00f6z\u00e9s elleni strat\u00e9gi\u00e1it. Itt tal\u00e1lhat\u00f3 a tr\u00f3feaszob\u00e1ja is, amelyben k\u00fcl\u00f6nf\u00e9le kalandjai \u00e9s csat\u00e1i eml\u00e9kei l\u00e1that\u00f3k.<\/p><\/div>","protected":false},"excerpt":{"rendered":"<p>M\u00e1rka: MOC Factory<br \/>\nNem: Uniszex<br \/>\nKoroszt\u00e1ly: &gt; 12 \u00e9ves<br \/>\nModellsz\u00e1m: 137608<br \/>\nBesorol\u00e1s: \u00d6sszeszerel\u00e9s<br \/>\nM\u0171anyag blokk forma: \u00f6nz\u00e1r\u00f3 t\u00e9gla<br \/>\nAnyaga: M\u0171anyag<br \/>\nM\u0171anyag t\u00edpus: ABS<br \/>\nT\u00e9gla blokkok: 2502 +<br \/>\nRendel\u00e9si id\u0151: 4-8 h\u00e9t<\/p>","protected":false},"featured_media":42090,"comment_status":"open","ping_status":"closed","template":"","meta":{"_acf_changed":false},"product_cat":[1395,390,581,1408],"product_tag":[11397,11398,4883,392,434],"class_list":["product","first","instock","shipping-taxable","purchasable","product-type-simple"],"acf":[],"_links":{"self":[{"href":"https:\/\/mouldking.store\/hu\/wp-json\/wp\/v2\/product\/42093","targetHints":{"allow":["GET"]}}],"collection":[{"href":"https:\/\/mouldking.store\/hu\/wp-json\/wp\/v2\/product"}],"about":[{"href":"https:\/\/mouldking.store\/hu\/wp-json\/wp\/v2\/types\/product"}],"replies":[{"embeddable":true,"href":"https:\/\/mouldking.store\/hu\/wp-json\/wp\/v2\/comments?post=42093"}],"wp:featuredmedia":[{"embeddable":true,"href":"https:\/\/mouldking.store\/hu\/wp-json\/wp\/v2\/media\/42090"}],"wp:attachment":[{"href":"https:\/\/mouldking.store\/hu\/wp-json\/wp\/v2\/media?parent=42093"}],"wp:term":[{"taxonomy":"product_cat","embeddable":true,"href":"https:\/\/mouldking.store\/hu\/wp-json\/wp\/v2\/product_cat?post=42093"},{"taxonomy":"product_tag","embeddable":true,"href":"https:\/\/mouldking.store\/hu\/wp-json\/wp\/v2\/product_tag?post=42093"}],"curies":[{"name":"wp","href":"https:\/\/api.w.org\/{rel}","templated":true}]}}