{"id":42096,"date":"2023-02-22T14:30:55","date_gmt":"2023-02-22T07:30:55","guid":{"rendered":"https:\/\/mouldking.store\/shop\/sembo-609308-digimon-gao-shiyue-with-260-pieces\/"},"modified":"2023-03-10T10:47:32","modified_gmt":"2023-03-10T03:47:32","slug":"sembo-609308-digimon-gao-shiyue-with-260-pieces","status":"publish","type":"product","link":"https:\/\/mouldking.store\/hu\/shop\/sembo-609308-digimon-gao-shiyue-with-260-pieces\/","title":{"rendered":"SEMBO 609308 Digimon: Gao Shiyue 260 darabbal"},"content":{"rendered":"<div>\u2705SEMBO 609308 Digimon: Gao Shiyue<br \/>&nbsp;<br \/>\u2705A Digimon Adventure egy jap\u00e1n anime telev\u00edzi\u00f3s sorozat \u00e9s m\u00e9diafranchise, amelyet Akiyoshi Hongo hozott l\u00e9tre, \u00e9s a Toei Animation k\u00e9sz\u00edtette. A franchise 1997-ben kezd\u0151d\u00f6tt az els\u0151 Digimon virtu\u00e1lis kis\u00e1llat-eszk\u00f6z kiad\u00e1s\u00e1val, \u00e9s az\u00f3ta animesorozatokkal, filmekkel, mang\u00e1kkal, videoj\u00e1t\u00e9kokkal \u00e9s egy\u00e9b m\u00e9di\u00e1kkal b\u0151v\u00fclt.<br \/>&nbsp;<br \/>\ud83d\udeab FONTOS!&nbsp;<br \/>&nbsp;<br \/>Product Name: Digimon: Gao Shiyue<\/p>\n<p>Kateg\u00f3ria: Alkot\u00f3&nbsp;<br \/>&nbsp;<br \/>This Kit Contains: SEMBO 609308<br \/>&nbsp;<br \/>260 pcs Good Quality Bricks&nbsp;<br \/>&nbsp;<br \/>Size: 10.6 \u00d7 6.7 \u00d7 12 cm<br \/>&nbsp;<br \/>K\u00e9zi utas\u00edt\u00e1sok&nbsp;<br \/>&nbsp;<br \/>\ud83d\udcccA f\u0151szerepl\u0151 term\u00e9szete&nbsp;<br \/>&nbsp;<br \/>Introducing our proud collection named \u201cDigimon: Gao Shiyue\u201d you should not miss.&nbsp;<br \/>&nbsp;<br \/>Az eredeti Digimon Adventure animesorozat 1999 \u00e9s 2000 k\u00f6z\u00f6tt ker\u00fclt ad\u00e1sba, \u00e9s egy gyermekcsoport kalandjait k\u00f6veti nyomon, akiket a digit\u00e1lis vil\u00e1gba sz\u00e1ll\u00edtanak, ahol tal\u00e1lkoznak \u00e9s partnerek lesznek a \u201eDigimon\u201d n\u00e9ven ismert digit\u00e1lis sz\u00f6rnyekkel, hogy megk\u00fczdjenek a gonosz er\u0151kkel \u00e9s megments\u00e9k a digit\u00e1lis vil\u00e1got. \u00e9s az emberi vil\u00e1gok.<\/div>","protected":false},"excerpt":{"rendered":"<p>M\u00e1rka: SEMBO<br \/>\nNem: Uniszex<br \/>\nKoroszt\u00e1ly: &gt; 6 \u00e9v<br \/>\nModel Number: 609308<br \/>\nBesorol\u00e1s: \u00d6sszeszerel\u00e9s<br \/>\nM\u0171anyag blokk forma: \u00f6nz\u00e1r\u00f3 t\u00e9gla<br \/>\nAnyaga: M\u0171anyag<br \/>\nM\u0171anyag t\u00edpus: ABS<br \/>\nBricks Blocks: 260 +<br \/>\nEl\u0151v\u00e9tel<\/p>","protected":false},"featured_media":42094,"comment_status":"open","ping_status":"closed","template":"","meta":{"_acf_changed":false},"product_cat":[1365,371],"product_tag":[6470,11072,8452,11399,11400],"class_list":["product","first","outofstock","shipping-taxable","purchasable","product-type-simple"],"acf":[],"_links":{"self":[{"href":"https:\/\/mouldking.store\/hu\/wp-json\/wp\/v2\/product\/42096","targetHints":{"allow":["GET"]}}],"collection":[{"href":"https:\/\/mouldking.store\/hu\/wp-json\/wp\/v2\/product"}],"about":[{"href":"https:\/\/mouldking.store\/hu\/wp-json\/wp\/v2\/types\/product"}],"replies":[{"embeddable":true,"href":"https:\/\/mouldking.store\/hu\/wp-json\/wp\/v2\/comments?post=42096"}],"wp:featuredmedia":[{"embeddable":true,"href":"https:\/\/mouldking.store\/hu\/wp-json\/wp\/v2\/media\/42094"}],"wp:attachment":[{"href":"https:\/\/mouldking.store\/hu\/wp-json\/wp\/v2\/media?parent=42096"}],"wp:term":[{"taxonomy":"product_cat","embeddable":true,"href":"https:\/\/mouldking.store\/hu\/wp-json\/wp\/v2\/product_cat?post=42096"},{"taxonomy":"product_tag","embeddable":true,"href":"https:\/\/mouldking.store\/hu\/wp-json\/wp\/v2\/product_tag?post=42096"}],"curies":[{"name":"wp","href":"https:\/\/api.w.org\/{rel}","templated":true}]}}