{"id":42120,"date":"2023-02-22T15:13:41","date_gmt":"2023-02-22T08:13:41","guid":{"rendered":"https:\/\/mouldking.store\/shop\/jiestar-92034-new-century-gpx-high-intelligence-formula-isuzak-008-with-773-pieces\/"},"modified":"2023-02-22T15:13:41","modified_gmt":"2023-02-22T08:13:41","slug":"jiestar-92034-new-century-gpx-high-intelligence-formula-isuzak-008-with-773-pieces","status":"publish","type":"product","link":"https:\/\/mouldking.store\/hu\/shop\/jiestar-92034-new-century-gpx-high-intelligence-formula-isuzak-008-with-773-pieces\/","title":{"rendered":"JIESTAR 92034 New Century GPX High Intelligence Formula: Isuzak 008 773 darabbal"},"content":{"rendered":"<div>\u2705 JIESTAR 92034 New Century GPX High Intelligence Formula: Isuzak 008<br \/>&nbsp;<br \/>\u2705 A New Century GPX Cyber Formula egy jap\u00e1n anime telev\u00edzi\u00f3s sorozat a nagy sebess\u00e9g\u0171 futurisztikus aut\u00f3versenyz\u00e9sr\u0151l. Az \u201eIsuzak 008\u201d egy versenyaut\u00f3 modell, amely az anime sorozatban jelenik meg. Az Isuzak c\u00e9g tervezte \u00e9s \u00e9p\u00edtette, \u00e9s a Cyber Formula versenyliga egyik legjobban teljes\u00edt\u0151 aut\u00f3ja.<\/div>\n<div>&nbsp;<br \/>\ud83d\udeab FONTOS!&nbsp;<br \/>&nbsp;<br \/>Term\u00e9k neve: New Century GPX High Intelligence Formula: Isuzak 008<br \/>&nbsp;<br \/>Kateg\u00f3ria: Film<br \/>&nbsp;<br \/>A k\u00e9szlet tartalma: JIESTAR 92034<br \/>&nbsp;<br \/>773 db J\u00f3 min\u0151s\u00e9g\u0171 t\u00e9gla&nbsp;<br \/>&nbsp;<br \/>M\u00e9rete: 30,5 \u00d7 11,2 \u00d7 9,5 cm<br \/>&nbsp;<br \/>K\u00e9zi utas\u00edt\u00e1sok&nbsp;<br \/>&nbsp;<br \/>\ud83d\udcccA f\u0151szerepl\u0151 term\u00e9szete&nbsp;<br \/>&nbsp;<br \/>Bemutatjuk a \u201eNew Century GPX High Intelligence Formula: Isuzak 008\u201d nev\u0171 b\u00fcszke kollekci\u00f3nkat, amelyet nem szabad kihagyni.&nbsp;<br \/>&nbsp;<br \/>Az anim\u00e9ben az Isuzak 008-at t\u00f6bb karakter is pilot\u00e1lja, k\u00f6zt\u00fck a sorozat f\u0151szerepl\u0151je, Hayato Kazami. Az aut\u00f3 kiv\u00e9teles sebess\u00e9g\u00e9r\u0151l, man\u0151verezhet\u0151s\u00e9g\u00e9r\u0151l \u00e9s fejlett technol\u00f3gi\u00e1j\u00e1r\u00f3l ismert, bele\u00e9rtve a mesters\u00e9ges intelligencia rendszert, amely seg\u00edti a pil\u00f3t\u00e1t a m\u00e1sodperc t\u00f6rtr\u00e9sze alatti d\u00f6nt\u00e9sek meghozatal\u00e1ban a versenyek sor\u00e1n.<\/div>","protected":false},"excerpt":{"rendered":"<p>M\u00e1rka: JIESTAR<br \/>\nNem: Uniszex<br \/>\nKoroszt\u00e1ly: &gt; 6 \u00e9v<br \/>\nModellsz\u00e1m: 92034<br \/>\nBesorol\u00e1s: \u00d6sszeszerel\u00e9s<br \/>\nM\u0171anyag blokk forma: \u00f6nz\u00e1r\u00f3 t\u00e9gla<br \/>\nAnyaga: M\u0171anyag<br \/>\nM\u0171anyag t\u00edpus: ABS<br \/>\nT\u00e9gla T\u00e9gla: 773 +<br \/>\nEl\u0151v\u00e9tel<\/p>","protected":false},"featured_media":42119,"comment_status":"open","ping_status":"closed","template":"","meta":{"_acf_changed":false},"product_cat":[1357,581,364,1408],"product_tag":[11407,434,389],"class_list":["product","first","instock","shipping-taxable","purchasable","product-type-simple"],"acf":[],"_links":{"self":[{"href":"https:\/\/mouldking.store\/hu\/wp-json\/wp\/v2\/product\/42120","targetHints":{"allow":["GET"]}}],"collection":[{"href":"https:\/\/mouldking.store\/hu\/wp-json\/wp\/v2\/product"}],"about":[{"href":"https:\/\/mouldking.store\/hu\/wp-json\/wp\/v2\/types\/product"}],"replies":[{"embeddable":true,"href":"https:\/\/mouldking.store\/hu\/wp-json\/wp\/v2\/comments?post=42120"}],"wp:featuredmedia":[{"embeddable":true,"href":"https:\/\/mouldking.store\/hu\/wp-json\/wp\/v2\/media\/42119"}],"wp:attachment":[{"href":"https:\/\/mouldking.store\/hu\/wp-json\/wp\/v2\/media?parent=42120"}],"wp:term":[{"taxonomy":"product_cat","embeddable":true,"href":"https:\/\/mouldking.store\/hu\/wp-json\/wp\/v2\/product_cat?post=42120"},{"taxonomy":"product_tag","embeddable":true,"href":"https:\/\/mouldking.store\/hu\/wp-json\/wp\/v2\/product_tag?post=42120"}],"curies":[{"name":"wp","href":"https:\/\/api.w.org\/{rel}","templated":true}]}}