{"id":42131,"date":"2023-02-22T18:26:26","date_gmt":"2023-02-22T11:26:26","guid":{"rendered":"https:\/\/mouldking.store\/shop\/sembo-609322-digimon-war-greymon-vs-steel-garuru-with-812-pieces\/"},"modified":"2023-03-08T10:57:32","modified_gmt":"2023-03-08T03:57:32","slug":"sembo-609322-digimon-war-greymon-vs-steel-garuru-with-812-pieces","status":"publish","type":"product","link":"https:\/\/mouldking.store\/hu\/shop\/sembo-609322-digimon-war-greymon-vs-steel-garuru-with-812-pieces\/","title":{"rendered":"SEMBO 609322 Digimon: War Greymon vs Steel Garuru 812 darabbal"},"content":{"rendered":"<div>\u2705 SEMBO 609322 Digimon: War Greymon vs Steel Garuru<br \/>&nbsp;<br \/>\u2705War Greymon vs Steel Garuru likely refers to a battle between two Digimon characters in the Digimon media franc<br \/>&nbsp;<br \/>\ud83d\udeab FONTOS!&nbsp;<br \/>&nbsp;<br \/>Product Name: Digimon: War Greymon vs Steel Garuru<br \/>&nbsp;<br \/>Kateg\u00f3ria: Alkot\u00f3&nbsp;<br \/>&nbsp;<br \/>This Kit Contains: SEMBO 609322<br \/>&nbsp;<br \/>812 pcs Good Quality Bricks&nbsp;<br \/>&nbsp;<br \/>Size:28 \u00d7 7.5 \u00d7 25 cm<br \/>&nbsp;<br \/>K\u00e9zi utas\u00edt\u00e1sok&nbsp;<br \/>&nbsp;<br \/>\ud83d\udcccA f\u0151szerepl\u0151 term\u00e9szete&nbsp;<br \/>&nbsp;<br \/>Introducing our proud collection named \u201cDigimon: War Greymon vs Steel Garuru\u201d you should not miss.&nbsp;<br \/>&nbsp;<br \/>War Greymon is a powerful dragon-like Digimon known for its immense strength and destructive abilities. It is a Mega-level Digimon that is often associated with the protagonist of the Digimon Adventure series. Steel Garurumon, also known as Metal Garurumon, is another Mega-level Digimon that resembles a robotic wolf. It has powerful freezing and energy-based attacks and is often associated with the protagonist of the Digimon Adventure 02 series.<\/div>","protected":false},"excerpt":{"rendered":"<p>M\u00e1rka: SEMBO<br \/>\nNem: Uniszex<br \/>\nKoroszt\u00e1ly: &gt; 6 \u00e9v<br \/>\nModel Number: 609322<br \/>\nBesorol\u00e1s: \u00d6sszeszerel\u00e9s<br \/>\nM\u0171anyag blokk forma: \u00f6nz\u00e1r\u00f3 t\u00e9gla<br \/>\nAnyaga: M\u0171anyag<br \/>\nM\u0171anyag t\u00edpus: ABS<br \/>\nBricks Blocks: 812 +<br \/>\nEl\u0151v\u00e9tel<\/p>","protected":false},"featured_media":42130,"comment_status":"open","ping_status":"closed","template":"","meta":{"_acf_changed":false},"product_cat":[1365,371],"product_tag":[6470,11072,8452,11399,11414,11413],"class_list":["product","first","outofstock","shipping-taxable","purchasable","product-type-simple"],"acf":[],"_links":{"self":[{"href":"https:\/\/mouldking.store\/hu\/wp-json\/wp\/v2\/product\/42131","targetHints":{"allow":["GET"]}}],"collection":[{"href":"https:\/\/mouldking.store\/hu\/wp-json\/wp\/v2\/product"}],"about":[{"href":"https:\/\/mouldking.store\/hu\/wp-json\/wp\/v2\/types\/product"}],"replies":[{"embeddable":true,"href":"https:\/\/mouldking.store\/hu\/wp-json\/wp\/v2\/comments?post=42131"}],"wp:featuredmedia":[{"embeddable":true,"href":"https:\/\/mouldking.store\/hu\/wp-json\/wp\/v2\/media\/42130"}],"wp:attachment":[{"href":"https:\/\/mouldking.store\/hu\/wp-json\/wp\/v2\/media?parent=42131"}],"wp:term":[{"taxonomy":"product_cat","embeddable":true,"href":"https:\/\/mouldking.store\/hu\/wp-json\/wp\/v2\/product_cat?post=42131"},{"taxonomy":"product_tag","embeddable":true,"href":"https:\/\/mouldking.store\/hu\/wp-json\/wp\/v2\/product_tag?post=42131"}],"curies":[{"name":"wp","href":"https:\/\/api.w.org\/{rel}","templated":true}]}}