{"id":42133,"date":"2023-02-22T18:32:33","date_gmt":"2023-02-22T11:32:33","guid":{"rendered":"https:\/\/mouldking.store\/shop\/sembo-609321-digimon-zombie-greymon-with-774-pieces\/"},"modified":"2023-03-10T10:46:59","modified_gmt":"2023-03-10T03:46:59","slug":"sembo-609321-digimon-zombie-greymon-with-774-pieces","status":"publish","type":"product","link":"https:\/\/mouldking.store\/hu\/shop\/sembo-609321-digimon-zombie-greymon-with-774-pieces\/","title":{"rendered":"SEMBO 609321 Digimon: Zombie Greymon 774 darabbal"},"content":{"rendered":"<div>\u2705 SEMBO 609321 Digimon: Zombie Greymon<br \/>&nbsp;<br \/>\u2705Zombie Greymon egy Digimon karakter, aki a Digimon franchise k\u00fcl\u00f6nb\u00f6z\u0151 m\u00e9di\u00e1iban jelenik meg. Ahogy a neve is sugallja, a Zombie Greymon a Greymon faj egy v\u00e1ltozata, amelyet \u00e9l\u0151halott l\u00e9nyk\u00e9nt \u00e9lesztettek \u00fajra.<br \/>&nbsp;<br \/>\ud83d\udeab FONTOS!&nbsp;<br \/>&nbsp;<br \/>Term\u00e9k neve: Digimon: Zombie Greymon<br \/>&nbsp;<br \/>Kateg\u00f3ria: Alkot\u00f3&nbsp;<br \/>&nbsp;<br \/>A k\u00e9szlet tartalma: SEMBO 609321<br \/>&nbsp;<br \/>774 db J\u00f3 min\u0151s\u00e9g\u0171 t\u00e9gla&nbsp;<br \/>&nbsp;<br \/>K\u00e9zi utas\u00edt\u00e1sok&nbsp;<br \/>&nbsp;<br \/>\ud83d\udcccA f\u0151szerepl\u0151 term\u00e9szete&nbsp;<br \/>&nbsp;<br \/>Bemutatjuk a \u201eDigimon: Zombie Greymon\u201d nev\u0171 b\u00fcszke kollekci\u00f3nkat, amelyet nem szabad kihagyni.&nbsp;<br \/>&nbsp;<br \/>Zombi Greymont \u00e1ltal\u00e1ban rothad\u00f3, csontv\u00e1zas megjelen\u00e9s\u0171nek \u00e1br\u00e1zolj\u00e1k, boml\u00f3 h\u00fasfoltokkal \u00e9s izz\u00f3 v\u00f6r\u00f6s szemekkel. Gyakran hozz\u00e1k kapcsolatba a digit\u00e1lis vil\u00e1g s\u00f6t\u00e9t ter\u00fclet\u00e9vel, \u00e9s er\u0151s t\u00e1mad\u00e1sair\u00f3l \u00e9s az ellenfelek energi\u00e1j\u00e1nak elnyel\u00e9s\u00e9r\u0151l ismert.<\/div>","protected":false},"excerpt":{"rendered":"<p>M\u00e1rka: SEMBO<br \/>\nNem: Uniszex<br \/>\nKoroszt\u00e1ly: &gt; 6 \u00e9v<br \/>\nModellsz\u00e1m: 609321<br \/>\nBesorol\u00e1s: \u00d6sszeszerel\u00e9s<br \/>\nM\u0171anyag blokk forma: \u00f6nz\u00e1r\u00f3 t\u00e9gla<br \/>\nAnyaga: M\u0171anyag<br \/>\nM\u0171anyag t\u00edpus: ABS<br \/>\nT\u00e9gla T\u00e9gla: 774 +<br \/>\nEl\u0151v\u00e9tel<\/p>","protected":false},"featured_media":42132,"comment_status":"open","ping_status":"closed","template":"","meta":{"_acf_changed":false},"product_cat":[1365,371],"product_tag":[6470,11072,8452,11399,11416,11415],"class_list":["product","first","outofstock","shipping-taxable","purchasable","product-type-simple"],"acf":[],"_links":{"self":[{"href":"https:\/\/mouldking.store\/hu\/wp-json\/wp\/v2\/product\/42133","targetHints":{"allow":["GET"]}}],"collection":[{"href":"https:\/\/mouldking.store\/hu\/wp-json\/wp\/v2\/product"}],"about":[{"href":"https:\/\/mouldking.store\/hu\/wp-json\/wp\/v2\/types\/product"}],"replies":[{"embeddable":true,"href":"https:\/\/mouldking.store\/hu\/wp-json\/wp\/v2\/comments?post=42133"}],"wp:featuredmedia":[{"embeddable":true,"href":"https:\/\/mouldking.store\/hu\/wp-json\/wp\/v2\/media\/42132"}],"wp:attachment":[{"href":"https:\/\/mouldking.store\/hu\/wp-json\/wp\/v2\/media?parent=42133"}],"wp:term":[{"taxonomy":"product_cat","embeddable":true,"href":"https:\/\/mouldking.store\/hu\/wp-json\/wp\/v2\/product_cat?post=42133"},{"taxonomy":"product_tag","embeddable":true,"href":"https:\/\/mouldking.store\/hu\/wp-json\/wp\/v2\/product_tag?post=42133"}],"curies":[{"name":"wp","href":"https:\/\/api.w.org\/{rel}","templated":true}]}}