{"id":42142,"date":"2023-02-23T10:07:21","date_gmt":"2023-02-23T03:07:21","guid":{"rendered":"https:\/\/mouldking.store\/shop\/mould-king-14017-rpg-gun-rocket-propelled-grenade-with-1706-pieces\/"},"modified":"2024-04-28T05:34:12","modified_gmt":"2024-04-27T22:34:12","slug":"mould-king-14017-rpg-gun-rocket-propelled-grenade-with-1706-pieces","status":"publish","type":"product","link":"https:\/\/mouldking.store\/hu\/shop\/mould-king-14017-rpg-gun-rocket-propelled-grenade-with-1706-pieces\/","title":{"rendered":"MOLD KING 14017 RPG fegyver, rak\u00e9tahajt\u00e1s\u00fa gr\u00e1n\u00e1t 1706 darabbal"},"content":{"rendered":"<div>\u2705 Mould King 14017 RPG Gun Rocket-propelled Grenade<br \/>&nbsp;<br \/>\u2705A Rocket-propelled Grenade (RPG) is a type of shoulder-launched anti-tank weapon system. It is a weapon designed to launch a rocket-propelled grenade, which is an explosive projectile, towards a target. RPGs are typically used against armored vehicles, fortifications, or personnel.<br \/>&nbsp;<br \/>\ud83d\udeab FONTOS!&nbsp;<br \/>&nbsp;<br \/>Product Name: RPG Gun Rocket-propelled Grenade<br \/>&nbsp;<br \/>Kateg\u00f3ria: Katonai<br \/>&nbsp;<br \/>This Kit Contains: Mould King 14017<br \/>&nbsp;<br \/>1706 pcs Good Quality Bricks&nbsp;<br \/>&nbsp;<br \/>Size: 125 \u00d7 25.3 \u00d7 10.3 cm<br \/>&nbsp;<br \/>K\u00e9zi utas\u00edt\u00e1sok&nbsp;<br \/>&nbsp;<br \/>\ud83d\udcccA f\u0151szerepl\u0151 term\u00e9szete&nbsp;<br \/>&nbsp;<br \/>Introducing our proud collection named \u201cRPG Gun Rocket-propelled Grenade\u201d you should not miss.&nbsp;<br \/>&nbsp;<br \/>The RPG consists of a launcher tube, a rocket motor, and a warhead. The launcher tube is a hollow tube made of steel or fiberglass and is open at both ends. The rocket motor is located at the back of the launcher tube and is ignited by a trigger mechanism. The warhead is located at the front of the rocket and is designed to explode on impact with the target.<\/div>","protected":false},"excerpt":{"rendered":"<p>M\u00e1rka: MOLD KING<br \/>\nNem: Uniszex<br \/>\nKorhat\u00e1r: 14 \u00e9v felett<br \/>\nModel Number: 14017<br \/>\nBesorol\u00e1s: \u00d6sszeszerel\u00e9s<br \/>\nM\u0171anyag blokk forma: \u00f6nz\u00e1r\u00f3 t\u00e9gla<br \/>\nAnyaga: M\u0171anyag<br \/>\nM\u0171anyag t\u00edpus: ABS<br \/>\nBricks Blocks: 1706 +<br \/>\nNincs doboz<\/p>","protected":false},"featured_media":42138,"comment_status":"open","ping_status":"closed","template":"","meta":{"_acf_changed":false},"product_cat":[1350,1357,372,364],"product_tag":[5152,11418,5154,374,8162,11417,389],"class_list":["product","first","instock","shipping-taxable","purchasable","product-type-simple"],"acf":[],"_links":{"self":[{"href":"https:\/\/mouldking.store\/hu\/wp-json\/wp\/v2\/product\/42142","targetHints":{"allow":["GET"]}}],"collection":[{"href":"https:\/\/mouldking.store\/hu\/wp-json\/wp\/v2\/product"}],"about":[{"href":"https:\/\/mouldking.store\/hu\/wp-json\/wp\/v2\/types\/product"}],"replies":[{"embeddable":true,"href":"https:\/\/mouldking.store\/hu\/wp-json\/wp\/v2\/comments?post=42142"}],"wp:featuredmedia":[{"embeddable":true,"href":"https:\/\/mouldking.store\/hu\/wp-json\/wp\/v2\/media\/42138"}],"wp:attachment":[{"href":"https:\/\/mouldking.store\/hu\/wp-json\/wp\/v2\/media?parent=42142"}],"wp:term":[{"taxonomy":"product_cat","embeddable":true,"href":"https:\/\/mouldking.store\/hu\/wp-json\/wp\/v2\/product_cat?post=42142"},{"taxonomy":"product_tag","embeddable":true,"href":"https:\/\/mouldking.store\/hu\/wp-json\/wp\/v2\/product_tag?post=42142"}],"curies":[{"name":"wp","href":"https:\/\/api.w.org\/{rel}","templated":true}]}}