{"id":42150,"date":"2023-02-23T10:14:09","date_gmt":"2023-02-23T03:14:09","guid":{"rendered":"https:\/\/mouldking.store\/shop\/mould-king-14020-ak-47-assault-rifle-gun-with-1418-pieces\/"},"modified":"2023-02-23T10:14:09","modified_gmt":"2023-02-23T03:14:09","slug":"mould-king-14020-ak-47-assault-rifle-gun-with-1418-pieces","status":"publish","type":"product","link":"https:\/\/mouldking.store\/hu\/shop\/mould-king-14020-ak-47-assault-rifle-gun-with-1418-pieces\/","title":{"rendered":"MOULD KING 14020 AK-47 Assault Rifle Gun with 1418 Pieces"},"content":{"rendered":"<div>\u2705Mould King 14020 AK-47 Assault Rifle Gun<br \/>&nbsp;<br \/>\u2705The AK-47 is a selective fire, gas-operated assault rifle designed by Soviet engineer Mikhail Kalashnikov in the aftermath of World War II. It is one of the most widely recognized firearms in the world, known for its reliability and durability.<br \/>&nbsp;<br \/>\ud83d\udeab FONTOS!&nbsp;<br \/>&nbsp;<br \/>Product Name: AK-47 Assault Rifle Gun<br \/>&nbsp;<br \/>Kateg\u00f3ria: Katonai<br \/>&nbsp;<br \/>This Kit Contains: Mould King 14020&nbsp;<br \/>&nbsp;<br \/>1418 pcs Good Quality Bricks&nbsp;<br \/>&nbsp;<br \/>Size: 79.2 \u00d7 30.2 \u00d7 6.8 cm<br \/>&nbsp;<br \/>K\u00e9zi utas\u00edt\u00e1sok&nbsp;<br \/>&nbsp;<br \/>\ud83d\udcccA f\u0151szerepl\u0151 term\u00e9szete&nbsp;<br \/>&nbsp;<br \/>Introducing our proud collection named \u201cAK-47 Assault Rifle Gun\u201d you should not miss.&nbsp;<br \/>&nbsp;<br \/>The AK-47 has a distinctive curved magazine and a characteristic muzzle flash. It fires the 7.62x39mm cartridge and has a cyclic rate of fire of around 600 rounds per minute. The rifle is relatively lightweight and easy to operate, making it a popular choice for military forces and guerrilla groups around the world.<\/div>","protected":false},"excerpt":{"rendered":"<p>M\u00e1rka: MOLD KING<br \/>\nNem: Uniszex<br \/>\nKorhat\u00e1r: 14 \u00e9v felett<br \/>\nModel Number: 14020<br \/>\nBesorol\u00e1s: \u00d6sszeszerel\u00e9s<br \/>\nM\u0171anyag blokk forma: \u00f6nz\u00e1r\u00f3 t\u00e9gla<br \/>\nAnyaga: M\u0171anyag<br \/>\nM\u0171anyag t\u00edpus: ABS<br \/>\nBricks Blocks: 1418 +<br \/>\nMotorral<\/p>","protected":false},"featured_media":42143,"comment_status":"open","ping_status":"closed","template":"","meta":{"_acf_changed":false},"product_cat":[1350,1357,372,364],"product_tag":[11419,7147,5154,374,7815,11135,389],"class_list":["product","first","instock","shipping-taxable","purchasable","product-type-simple"],"acf":[],"_links":{"self":[{"href":"https:\/\/mouldking.store\/hu\/wp-json\/wp\/v2\/product\/42150","targetHints":{"allow":["GET"]}}],"collection":[{"href":"https:\/\/mouldking.store\/hu\/wp-json\/wp\/v2\/product"}],"about":[{"href":"https:\/\/mouldking.store\/hu\/wp-json\/wp\/v2\/types\/product"}],"replies":[{"embeddable":true,"href":"https:\/\/mouldking.store\/hu\/wp-json\/wp\/v2\/comments?post=42150"}],"wp:featuredmedia":[{"embeddable":true,"href":"https:\/\/mouldking.store\/hu\/wp-json\/wp\/v2\/media\/42143"}],"wp:attachment":[{"href":"https:\/\/mouldking.store\/hu\/wp-json\/wp\/v2\/media?parent=42150"}],"wp:term":[{"taxonomy":"product_cat","embeddable":true,"href":"https:\/\/mouldking.store\/hu\/wp-json\/wp\/v2\/product_cat?post=42150"},{"taxonomy":"product_tag","embeddable":true,"href":"https:\/\/mouldking.store\/hu\/wp-json\/wp\/v2\/product_tag?post=42150"}],"curies":[{"name":"wp","href":"https:\/\/api.w.org\/{rel}","templated":true}]}}