{"id":42157,"date":"2023-02-23T10:25:28","date_gmt":"2023-02-23T03:25:28","guid":{"rendered":"https:\/\/mouldking.store\/shop\/lw-7014-bumblebee-robot-deformation-with-792-pieces\/"},"modified":"2023-02-23T10:25:28","modified_gmt":"2023-02-23T03:25:28","slug":"lw-7014-bumblebee-robot-deformation-with-792-pieces","status":"publish","type":"product","link":"https:\/\/mouldking.store\/hu\/shop\/lw-7014-bumblebee-robot-deformation-with-792-pieces\/","title":{"rendered":"LW 7014 Bumblebee Robot Deformation 792 darabbal"},"content":{"rendered":"<div>\u2705 LW 7014 Bumblebee Robot Deformation<br \/>&nbsp;<br \/>\u2705Bumblebee is a fictional character from the Transformers franchise, which originated as a series of toys produced by Hasbro in the 1980s. Bumblebee is depicted as a small, yellow Autobot who can transform into a compact car.<br \/>&nbsp;<br \/>\ud83d\udeab FONTOS!&nbsp;<br \/>&nbsp;<br \/>Product Name: Bumblebee Robot Deformation<br \/>&nbsp;<br \/>Kateg\u00f3ria: Alkot\u00f3&nbsp;<br \/>&nbsp;<br \/>This Kit Contains: LW 7014<br \/>&nbsp;<br \/>792 pcs Good Quality Bricks&nbsp;<br \/>&nbsp;<br \/>Size: 19.3 \u00d7 25 cm<br \/>&nbsp;<br \/>K\u00e9zi utas\u00edt\u00e1sok&nbsp;<br \/>&nbsp;<br \/>\ud83d\udcccA f\u0151szerepl\u0151 term\u00e9szete&nbsp;<br \/>&nbsp;<br \/>Introducing our proud collection named \u201cBumblebee Robot Deformation\u201d you should not miss.&nbsp;<br \/>&nbsp;<br \/>In the original Transformers animated series, Bumblebee was portrayed as a loyal and brave warrior who served as a scout and spy for the Autobots. He was often depicted as being young and inexperienced, but also resourceful and determined. In more recent adaptations, including the live-action Transformers film series, Bumblebee has been portrayed as a heroic and brave warrior who is fiercely loyal to his friends and allies. He is often depicted as a fast and agile fighter, with a range of weapons and abilities at his disposal. Bumblebee&#8217;s ability to transform from a robot into a car (or other vehicle) is a central feature of his character, and one that is shared by many other Transformers. This ability allows the robots to disguise themselves as everyday objects and blend in with human society, while also providing a means of transportation.<\/div>","protected":false},"excerpt":{"rendered":"<p>M\u00e1rka: LW<br \/>\nNem: Uniszex<br \/>\nKoroszt\u00e1ly: &gt; 6 \u00e9v<br \/>\nModel Number: 7014<br \/>\nBesorol\u00e1s: \u00d6sszeszerel\u00e9s<br \/>\nM\u0171anyag blokk forma: \u00f6nz\u00e1r\u00f3 t\u00e9gla<br \/>\nAnyaga: M\u0171anyag<br \/>\nM\u0171anyag t\u00edpus: ABS<br \/>\nBricks Blocks: 792 +<br \/>\nNincs doboz<\/p>","protected":false},"featured_media":42151,"comment_status":"open","ping_status":"closed","template":"","meta":{"_acf_changed":false},"product_cat":[1365,581,1408],"product_tag":[6798,8452,11420,434,590],"class_list":["product","first","instock","shipping-taxable","purchasable","product-type-simple"],"acf":[],"_links":{"self":[{"href":"https:\/\/mouldking.store\/hu\/wp-json\/wp\/v2\/product\/42157","targetHints":{"allow":["GET"]}}],"collection":[{"href":"https:\/\/mouldking.store\/hu\/wp-json\/wp\/v2\/product"}],"about":[{"href":"https:\/\/mouldking.store\/hu\/wp-json\/wp\/v2\/types\/product"}],"replies":[{"embeddable":true,"href":"https:\/\/mouldking.store\/hu\/wp-json\/wp\/v2\/comments?post=42157"}],"wp:featuredmedia":[{"embeddable":true,"href":"https:\/\/mouldking.store\/hu\/wp-json\/wp\/v2\/media\/42151"}],"wp:attachment":[{"href":"https:\/\/mouldking.store\/hu\/wp-json\/wp\/v2\/media?parent=42157"}],"wp:term":[{"taxonomy":"product_cat","embeddable":true,"href":"https:\/\/mouldking.store\/hu\/wp-json\/wp\/v2\/product_cat?post=42157"},{"taxonomy":"product_tag","embeddable":true,"href":"https:\/\/mouldking.store\/hu\/wp-json\/wp\/v2\/product_tag?post=42157"}],"curies":[{"name":"wp","href":"https:\/\/api.w.org\/{rel}","templated":true}]}}